{"id":139170,"date":"2024-04-14T00:00:00","date_gmt":"2024-04-13T22:00:00","guid":{"rendered":"https:\/\/gpl-love.com\/fr\/produit\/bookingpress-google-captcha\/"},"modified":"2026-04-18T06:33:39","modified_gmt":"2026-04-18T04:33:39","slug":"bookingpress-google-captcha","status":"publish","type":"product","link":"https:\/\/gpl-love.com\/fr\/produit\/bookingpress-google-captcha\/","title":{"rendered":"BookingPress Google Captcha 1.3"},"content":{"rendered":"<h3>BookingPress Google Captcha Traits<\/h3>\n<p>Exploitez pleinement le potentiel de votre site BookingPress gr\u00e2ce \u00e0 notre int\u00e9gration avanc\u00e9e de Google Captcha\u00a0! Id\u00e9ale pour les entreprises souhaitant optimiser la fonctionnalit\u00e9 Captcha de BookingPress, notre solution ajoute une couche de s\u00e9curit\u00e9 essentielle tout en am\u00e9liorant le r\u00e9f\u00e9rencement naturel de votre site.<\/p>\n<p>Notre solution Google Captcha pour BookingPress garantit la protection de vos formulaires de r\u00e9servation contre le spam et les robots automatis\u00e9s, vous permettant ainsi de vous concentrer sur vos clients. En int\u00e9grant cette fonctionnalit\u00e9 robuste, vous renforcez non seulement la s\u00e9curit\u00e9 de BookingPress gr\u00e2ce au Captcha, mais vous am\u00e9liorez \u00e9galement l&rsquo;exp\u00e9rience utilisateur gr\u00e2ce \u00e0 des interactions fluides et s\u00e9curis\u00e9es.<\/p>\n<ul>\n<li>S&rsquo;int\u00e8gre parfaitement au plugin BookingPress<\/li>\n<li><\/li>\n<li>Utilise la technologie Google reCAPTCHA pour pr\u00e9venir le spam et les abus<\/li>\n<li><\/li>\n<li>Renforce la s\u00e9curit\u00e9 du site web en v\u00e9rifiant les interactions des utilisateurs<\/li>\n<li><\/li>\n<li>Installation et configuration faciles dans les param\u00e8tres BookingPress<\/li>\n<li><\/li>\n<li>Compatible avec reCAPTCHA v2 et v3 pour une s\u00e9curit\u00e9 optimale<\/li>\n<li><\/li>\n<li>Prot\u00e8ge les formulaires de r\u00e9servation en ligne contre les bots et les attaques automatis\u00e9es<\/li>\n<li><\/li>\n<li>Am\u00e9liore l&rsquo;exp\u00e9rience utilisateur en r\u00e9duisant les v\u00e9rifications r\u00e9p\u00e9t\u00e9es<\/li>\n<li><\/li>\n<li>Personnalisable pour s&rsquo;adapter \u00e0 l&rsquo;apparence de votre site<\/li>\n<li><\/li>\n<li>Garantit une exp\u00e9rience de r\u00e9servation conviviale tout en assurant une s\u00e9curit\u00e9 renforc\u00e9e<\/li>\n<li><\/li>\n<li>Compatible avec tous les principaux navigateurs et compatible avec tous les appareils<\/li>\n<\/ul>\n","protected":false},"excerpt":{"rendered":"<p>S\u00e9curisez et simplifiez votre processus de r\u00e9servation avec BookingPress et Google Captcha\u00a0! Notre outil optimise la fonctionnalit\u00e9 Captcha de BookingPress et s&rsquo;int\u00e8gre parfaitement \u00e0 Google Captcha pour am\u00e9liorer le r\u00e9f\u00e9rencement naturel et la s\u00e9curit\u00e9 de votre site. En impl\u00e9mentant notre Captcha, vous r\u00e9duisez efficacement le spam et prot\u00e9gez votre site des robots, garantissant ainsi une exp\u00e9rience utilisateur optimale \u00e0 vos clients. Mettez \u00e0 niveau votre site BookingPress avec notre solution Google Captcha et profitez d&rsquo;un syst\u00e8me de r\u00e9servation en ligne plus s\u00fbr et plus performant. Optimisez, s\u00e9curisez et dynamisez votre plateforme d\u00e8s aujourd&rsquo;hui avec BookingPress et Google Captcha\u00a0!<\/p>\n","protected":false},"featured_media":146991,"comment_status":"open","ping_status":"open","template":"","meta":[],"product_brand":[2778],"product_cat":[1189,1181,1186],"product_tag":[2371],"class_list":{"0":"post-139170","1":"product","2":"type-product","3":"status-publish","4":"has-post-thumbnail","6":"product_brand-bookingpress","7":"product_cat-personnalisation","8":"product_cat-plugins","9":"product_cat-wordpress-plugins","10":"product_tag-bookingpress","11":"member-discount","12":"discount-restricted","14":"first","15":"instock","16":"sale","17":"downloadable","18":"virtual","19":"sold-individually","20":"purchasable","21":"product-type-simple"},"_links":{"self":[{"href":"https:\/\/gpl-love.com\/fr\/wp-json\/wp\/v2\/product\/139170","targetHints":{"allow":["GET"]}}],"collection":[{"href":"https:\/\/gpl-love.com\/fr\/wp-json\/wp\/v2\/product"}],"about":[{"href":"https:\/\/gpl-love.com\/fr\/wp-json\/wp\/v2\/types\/product"}],"replies":[{"embeddable":true,"href":"https:\/\/gpl-love.com\/fr\/wp-json\/wp\/v2\/comments?post=139170"}],"wp:featuredmedia":[{"embeddable":true,"href":"https:\/\/gpl-love.com\/fr\/wp-json\/wp\/v2\/media\/146991"}],"wp:attachment":[{"href":"https:\/\/gpl-love.com\/fr\/wp-json\/wp\/v2\/media?parent=139170"}],"wp:term":[{"taxonomy":"product_brand","embeddable":true,"href":"https:\/\/gpl-love.com\/fr\/wp-json\/wp\/v2\/product_brand?post=139170"},{"taxonomy":"product_cat","embeddable":true,"href":"https:\/\/gpl-love.com\/fr\/wp-json\/wp\/v2\/product_cat?post=139170"},{"taxonomy":"product_tag","embeddable":true,"href":"https:\/\/gpl-love.com\/fr\/wp-json\/wp\/v2\/product_tag?post=139170"}],"curies":[{"name":"wp","href":"https:\/\/api.w.org\/{rel}","templated":true}]}}