{"id":139166,"date":"2026-04-21T00:00:00","date_gmt":"2026-04-20T22:00:00","guid":{"rendered":"https:\/\/gpl-love.com\/fr\/produit\/bookingpress-invoice\/"},"modified":"2026-05-11T00:31:41","modified_gmt":"2026-05-10T22:31:41","slug":"bookingpress-invoice","status":"publish","type":"product","link":"https:\/\/gpl-love.com\/fr\/produit\/bookingpress-invoice\/","title":{"rendered":"BookingPress Invoice 2.9"},"content":{"rendered":"<h3>BookingPress Invoice Traits<\/h3>\n<p>Optimisez vos op\u00e9rations commerciales avec le mod\u00e8le de facture BookingPress\u00a0: la solution id\u00e9ale pour une gestion fluide de vos factures BookingPress. Notre syst\u00e8me de facturation BookingPress de pointe simplifie la g\u00e9n\u00e9ration de factures en quelques clics et s&rsquo;int\u00e8gre facilement \u00e0 votre configuration existante gr\u00e2ce \u00e0 une int\u00e9gration intelligente.<\/p>\n<p>Personnalisez vos factures BookingPress pour refl\u00e9ter votre identit\u00e9 de marque et r\u00e9pondre \u00e0 vos besoins sp\u00e9cifiques, renfor\u00e7ant ainsi votre professionnalisme et votre efficacit\u00e9. Gr\u00e2ce aux fonctionnalit\u00e9s de facturation BookingPress, b\u00e9n\u00e9ficiez d&rsquo;une automatisation compl\u00e8te, r\u00e9duisant la saisie manuelle et minimisant les erreurs. L&rsquo;automatisation de la facturation BookingPress garantit un processus fluide, pr\u00e9cis et enti\u00e8rement automatis\u00e9, vous faisant gagner du temps et de l&rsquo;\u00e9nergie.<\/p>\n<p>Que vous soyez novice ou professionnel exp\u00e9riment\u00e9, notre tutoriel BookingPress vous fournit toutes les informations n\u00e9cessaires pour tirer le meilleur parti de votre syst\u00e8me de facturation. De plus, en cas de probl\u00e8me, notre \u00e9quipe d&rsquo;assistance d\u00e9di\u00e9e est toujours pr\u00eate \u00e0 vous aider.<\/p>\n<ul>\n<li>Mod\u00e8les de factures personnalisables<\/li>\n<li>Calcul automatique des totaux et des taxes<\/li>\n<li>Possibilit\u00e9 d&rsquo;ajouter le logo et la marque de votre entreprise<\/li>\n<li>Int\u00e9gration avec les principales plateformes de paiement<\/li>\n<li>Suivi des factures en temps r\u00e9el<\/li>\n<li>Stockage et sauvegarde s\u00e9curis\u00e9s des donn\u00e9es de facturation<\/li>\n<li>Prise en charge multidevises<\/li>\n<li>Possibilit\u00e9 d&rsquo;envoyer des factures par e-mail directement depuis la plateforme<\/li>\n<li>Accessible depuis plusieurs appareils, y compris les mobiles et les tablettes<\/li>\n<li>Interface conviviale pour une navigation et une utilisation simplifi\u00e9es<\/li>\n<\/ul>\n","protected":false},"excerpt":{"rendered":"<p>Transformez votre entreprise avec le mod\u00e8le de facture BookingPress\u00a0: une solution int\u00e9gr\u00e9e con\u00e7ue pour simplifier votre processus de facturation. Avec la gestion des factures BookingPress, personnalisez et g\u00e9n\u00e9rez des factures en toute simplicit\u00e9. Automatisez vos processus et int\u00e9grez notre syst\u00e8me \u00e0 votre flux de travail pour une efficacit\u00e9 accrue. Le syst\u00e8me de facturation BookingPress offre des fonctionnalit\u00e9s compl\u00e8tes et des tutoriels, vous assurant ainsi un accompagnement \u00e0 chaque \u00e9tape. Am\u00e9liorez vos op\u00e9rations financi\u00e8res gr\u00e2ce \u00e0 l&rsquo;int\u00e9gration de la facturation BookingPress et explorez un monde de possibilit\u00e9s. Rejoignez les milliers d&rsquo;utilisateurs qui ont optimis\u00e9 leur facturation avec nous. Lancez-vous d\u00e8s aujourd&rsquo;hui et simplifiez la gestion de vos factures\u00a0!<\/p>\n","protected":false},"featured_media":146989,"comment_status":"open","ping_status":"open","template":"","meta":[],"product_brand":[2778],"product_cat":[1183,1182,1181],"product_tag":[2371],"class_list":{"0":"post-139166","1":"product","2":"type-product","3":"status-publish","4":"has-post-thumbnail","6":"product_brand-bookingpress","7":"product_cat-administration","8":"product_cat-commerce-electronique-plugins","9":"product_cat-plugins","10":"product_tag-bookingpress","11":"member-discount","12":"discount-restricted","14":"first","15":"instock","16":"sale","17":"downloadable","18":"virtual","19":"sold-individually","20":"purchasable","21":"product-type-simple"},"_links":{"self":[{"href":"https:\/\/gpl-love.com\/fr\/wp-json\/wp\/v2\/product\/139166","targetHints":{"allow":["GET"]}}],"collection":[{"href":"https:\/\/gpl-love.com\/fr\/wp-json\/wp\/v2\/product"}],"about":[{"href":"https:\/\/gpl-love.com\/fr\/wp-json\/wp\/v2\/types\/product"}],"replies":[{"embeddable":true,"href":"https:\/\/gpl-love.com\/fr\/wp-json\/wp\/v2\/comments?post=139166"}],"wp:featuredmedia":[{"embeddable":true,"href":"https:\/\/gpl-love.com\/fr\/wp-json\/wp\/v2\/media\/146989"}],"wp:attachment":[{"href":"https:\/\/gpl-love.com\/fr\/wp-json\/wp\/v2\/media?parent=139166"}],"wp:term":[{"taxonomy":"product_brand","embeddable":true,"href":"https:\/\/gpl-love.com\/fr\/wp-json\/wp\/v2\/product_brand?post=139166"},{"taxonomy":"product_cat","embeddable":true,"href":"https:\/\/gpl-love.com\/fr\/wp-json\/wp\/v2\/product_cat?post=139166"},{"taxonomy":"product_tag","embeddable":true,"href":"https:\/\/gpl-love.com\/fr\/wp-json\/wp\/v2\/product_tag?post=139166"}],"curies":[{"name":"wp","href":"https:\/\/api.w.org\/{rel}","templated":true}]}}