{"id":139164,"date":"2025-05-20T00:00:00","date_gmt":"2025-05-19T22:00:00","guid":{"rendered":"https:\/\/gpl-love.com\/fr\/produit\/bookingpress-klarna-payment-gateway\/"},"modified":"2026-05-13T12:31:14","modified_gmt":"2026-05-13T10:31:14","slug":"bookingpress-klarna-payment-gateway","status":"publish","type":"product","link":"https:\/\/gpl-love.com\/fr\/produit\/bookingpress-klarna-payment-gateway\/","title":{"rendered":"BookingPress Klarna Payment Gateway 1.5"},"content":{"rendered":"<h3>BookingPress Klarna Payment Gateway Traits<\/h3>\n<p>Am\u00e9liorez votre exp\u00e9rience BookingPress gr\u00e2ce \u00e0 l&rsquo;int\u00e9gration fluide de la passerelle de paiement Klarna. Configurer BookingPress avec Klarna est simple et vous permet d&rsquo;offrir \u00e0 vos clients un large choix d&rsquo;options de paiement flexibles. Gr\u00e2ce \u00e0 notre passerelle Klarna pour BookingPress, activez Klarna rapidement et commencez \u00e0 traiter les transactions en un clin d&rsquo;\u0153il.<\/p>\n<p>D\u00e9couvrez la simplicit\u00e9 de configuration des paiements Klarna dans BookingPress et offrez \u00e0 vos clients une exp\u00e9rience d&rsquo;achat facile et sereine. Qu&rsquo;ils pr\u00e9f\u00e8rent payer maintenant, plus tard ou en plusieurs fois, les solutions de paiement polyvalentes de Klarna r\u00e9pondent \u00e0 tous les besoins. Chaque transaction est s\u00e9curis\u00e9e, garantissant la s\u00e9curit\u00e9 de chaque achat du d\u00e9but \u00e0 la fin.<\/p>\n<p>Comment utiliser Klarna avec BookingPress\u00a0? C&rsquo;est simple\u00a0! Notre int\u00e9gration vous permet d&rsquo;activer et de g\u00e9rer les options de paiement Klarna directement depuis votre tableau de bord, pour une exp\u00e9rience utilisateur optimale en toute simplicit\u00e9. Profitez des fonctionnalit\u00e9s de la passerelle de paiement Klarna pour BookingPress, con\u00e7ues pour dynamiser votre activit\u00e9 et offrir un processus de paiement performant.<\/p>\n<p>Commencez \u00e0 accepter les paiements en toute fiabilit\u00e9 avec Klarna.<\/p>\n<ul>\n<li>Int\u00e9gration parfaite avec l&rsquo;extension BookingPress<\/li>\n<li><\/li>\n<li>Compatible avec les paiements Klarna pour des transactions fluides<\/li>\n<li><\/li>\n<li>Options de paiement imm\u00e9diat, diff\u00e9r\u00e9 et fractionn\u00e9 disponibles<\/li>\n<li><\/li>\n<li>Solutions de paiement flexibles pour une exp\u00e9rience client optimale<\/li>\n<li><\/li>\n<li>Traitement des paiements s\u00e9curis\u00e9 et fiable<\/li>\n<li><\/li>\n<li>Configuration et installation faciles<\/li>\n<li><\/li>\n<li>Prise en charge de plusieurs devises pour les transactions internationales<\/li>\n<li><\/li>\n<li>Conforme aux principales normes de s\u00e9curit\u00e9<\/li>\n<li><\/li>\n<li>Confirmation de paiement en temps r\u00e9el<\/li>\n<li><\/li>\n<li>Interface conviviale pour les administrateurs et les clients<\/li>\n<\/ul>\n","protected":false},"excerpt":{"rendered":"<p>D\u00e9couvrez l&rsquo;int\u00e9gration fluide de la passerelle de paiement Klarna \u00e0 BookingPress\u00a0: la solution id\u00e9ale pour optimiser votre syst\u00e8me de r\u00e9servation en ligne. Configurez facilement BookingPress avec Klarna pour proposer des options de paiement Klarna flexibles et offrir une exp\u00e9rience client am\u00e9lior\u00e9e. En quelques \u00e9tapes seulement, activez Klarna dans BookingPress et profitez des fonctionnalit\u00e9s de la passerelle pour des transactions s\u00e9curis\u00e9es et flexibles. Apprenez \u00e0 utiliser Klarna avec BookingPress\u00a0; configurez les paiements Klarna en toute simplicit\u00e9 et b\u00e9n\u00e9ficiez d&rsquo;avantages tels que des transactions Klarna simplifi\u00e9es et une s\u00e9curit\u00e9 renforc\u00e9e. Optez d\u00e8s aujourd&rsquo;hui pour l&rsquo;int\u00e9gration de la passerelle de paiement Klarna \u00e0 BookingPress et assurez-vous que chaque r\u00e9servation soit un jeu d&rsquo;enfant gr\u00e2ce au paiement s\u00e9curis\u00e9 avec Klarna dans BookingPress.<\/p>\n","protected":false},"featured_media":146988,"comment_status":"open","ping_status":"open","template":"","meta":[],"product_brand":[2778],"product_cat":[1182,1401,1181],"product_tag":[2371],"class_list":{"0":"post-139164","1":"product","2":"type-product","3":"status-publish","4":"has-post-thumbnail","6":"product_brand-bookingpress","7":"product_cat-commerce-electronique-plugins","8":"product_cat-paiement-commerce-electronique-plugins","9":"product_cat-plugins","10":"product_tag-bookingpress","11":"member-discount","12":"discount-restricted","14":"first","15":"instock","16":"sale","17":"downloadable","18":"virtual","19":"sold-individually","20":"purchasable","21":"product-type-simple"},"_links":{"self":[{"href":"https:\/\/gpl-love.com\/fr\/wp-json\/wp\/v2\/product\/139164","targetHints":{"allow":["GET"]}}],"collection":[{"href":"https:\/\/gpl-love.com\/fr\/wp-json\/wp\/v2\/product"}],"about":[{"href":"https:\/\/gpl-love.com\/fr\/wp-json\/wp\/v2\/types\/product"}],"replies":[{"embeddable":true,"href":"https:\/\/gpl-love.com\/fr\/wp-json\/wp\/v2\/comments?post=139164"}],"wp:featuredmedia":[{"embeddable":true,"href":"https:\/\/gpl-love.com\/fr\/wp-json\/wp\/v2\/media\/146988"}],"wp:attachment":[{"href":"https:\/\/gpl-love.com\/fr\/wp-json\/wp\/v2\/media?parent=139164"}],"wp:term":[{"taxonomy":"product_brand","embeddable":true,"href":"https:\/\/gpl-love.com\/fr\/wp-json\/wp\/v2\/product_brand?post=139164"},{"taxonomy":"product_cat","embeddable":true,"href":"https:\/\/gpl-love.com\/fr\/wp-json\/wp\/v2\/product_cat?post=139164"},{"taxonomy":"product_tag","embeddable":true,"href":"https:\/\/gpl-love.com\/fr\/wp-json\/wp\/v2\/product_tag?post=139164"}],"curies":[{"name":"wp","href":"https:\/\/api.w.org\/{rel}","templated":true}]}}