{"id":139160,"date":"2024-04-14T00:00:00","date_gmt":"2024-04-13T22:00:00","guid":{"rendered":"https:\/\/gpl-love.com\/fr\/produit\/bookingpress-mailchimp-integration\/"},"modified":"2026-03-21T00:02:28","modified_gmt":"2026-03-20T23:02:28","slug":"bookingpress-mailchimp-integration","status":"publish","type":"product","link":"https:\/\/gpl-love.com\/fr\/produit\/bookingpress-mailchimp-integration\/","title":{"rendered":"BookingPress Mailchimp Integration 1.5"},"content":{"rendered":"<h3>BookingPress Mailchimp Integration Traits<\/h3>\n<p>Exploitez pleinement le potentiel de votre syst\u00e8me de r\u00e9servation en ligne gr\u00e2ce \u00e0 l&rsquo;int\u00e9gration BookingPress\/Mailchimp. Cet outil performant connecte facilement votre compte BookingPress \u00e0 Mailchimp, vous permettant ainsi d&rsquo;am\u00e9liorer l&rsquo;engagement client gr\u00e2ce \u00e0 des campagnes email cibl\u00e9es et des r\u00e9ponses automatis\u00e9es.<\/p>\n<p>La prise en main est simple\u00a0!<\/p>\n<p>Suivez notre guide complet d&rsquo;installation de l&rsquo;int\u00e9gration BookingPress\/Mailchimp\u00a0: il vous accompagne pas \u00e0 pas. Que vous soyez novice en mati\u00e8re d&rsquo;int\u00e9grations ou \u00e0 la recherche de conseils avanc\u00e9s, notre tutoriel est l\u00e0 pour vous.<\/p>\n<p>La confiance des professionnels\u00a0:<\/p>\n<p>Ne nous croyez pas sur parole\u00a0; consultez les nombreux avis positifs d&rsquo;entreprises comme la v\u00f4tre qui ont transform\u00e9 leurs interactions clients et leurs actions marketing gr\u00e2ce \u00e0 l&rsquo;int\u00e9gration BookingPress\/Mailchimp.<\/p>\n<ul>\n<li>Int\u00e9gration fluide avec Mailchimp pour un marketing par e-mail performant<\/li>\n<li>Synchronisation automatique des donn\u00e9es de r\u00e9servation avec les listes Mailchimp<\/li>\n<li>Mod\u00e8les d&rsquo;e-mails personnalisables \u00e0 l&rsquo;image de votre marque<\/li>\n<li>Configuration simple et rapide, sans aucune connaissance en programmation<\/li>\n<li>Possibilit\u00e9 de segmenter les clients selon leur comportement de r\u00e9servation<\/li>\n<li>D\u00e9clenchement de campagnes cibl\u00e9es en fonction de l&rsquo;historique d&rsquo;achats<\/li>\n<li>Conformit\u00e9 RGPD pour garantir la confidentialit\u00e9 et la s\u00e9curit\u00e9 des donn\u00e9es<\/li>\n<li>Transfert de donn\u00e9es en temps r\u00e9el pour des listes marketing toujours \u00e0 jour<\/li>\n<li>Gestion de plusieurs listes pour diff\u00e9rents types de services<\/li>\n<li>Analyses d\u00e9taill\u00e9es pour suivre les performances de vos campagnes e-mail<\/li>\n<\/ul>\n","protected":false},"excerpt":{"rendered":"<p>Exploitez pleinement le potentiel de votre syst\u00e8me de r\u00e9servation gr\u00e2ce \u00e0 notre tutoriel complet d&rsquo;int\u00e9gration BookingPress\/Mailchimp. D\u00e9couvrez comment connecter facilement BookingPress \u00e0 Mailchimp gr\u00e2ce \u00e0 notre guide d&rsquo;installation \u00e9tape par \u00e9tape, con\u00e7u pour optimiser votre flux de travail et am\u00e9liorer l&rsquo;engagement client. D\u00e9couvrez les principaux avantages de l&rsquo;int\u00e9gration Mailchimp \u00e0 BookingPress, des campagnes e-mail automatis\u00e9es \u00e0 la prospection cibl\u00e9e. Suivez les bonnes pratiques et nos conseils avanc\u00e9s pour maximiser vos r\u00e9sultats. Ne nous croyez pas sur parole\u00a0: consultez nos excellents avis sur l&rsquo;int\u00e9gration BookingPress\/Mailchimp\u00a0! Lancez-vous d\u00e8s aujourd&rsquo;hui et transformez votre gestion des r\u00e9servations et votre communication avec vos clients.<\/p>\n","protected":false},"featured_media":146986,"comment_status":"open","ping_status":"open","template":"","meta":[],"product_brand":[2778],"product_cat":[1207,1181,1186],"product_tag":[2371],"class_list":{"0":"post-139160","1":"product","2":"type-product","3":"status-publish","4":"has-post-thumbnail","6":"product_brand-bookingpress","7":"product_cat-commercialisation-wordpress-plugins","8":"product_cat-plugins","9":"product_cat-wordpress-plugins","10":"product_tag-bookingpress","11":"member-discount","12":"discount-restricted","14":"first","15":"instock","16":"sale","17":"downloadable","18":"virtual","19":"sold-individually","20":"purchasable","21":"product-type-simple"},"_links":{"self":[{"href":"https:\/\/gpl-love.com\/fr\/wp-json\/wp\/v2\/product\/139160","targetHints":{"allow":["GET"]}}],"collection":[{"href":"https:\/\/gpl-love.com\/fr\/wp-json\/wp\/v2\/product"}],"about":[{"href":"https:\/\/gpl-love.com\/fr\/wp-json\/wp\/v2\/types\/product"}],"replies":[{"embeddable":true,"href":"https:\/\/gpl-love.com\/fr\/wp-json\/wp\/v2\/comments?post=139160"}],"wp:featuredmedia":[{"embeddable":true,"href":"https:\/\/gpl-love.com\/fr\/wp-json\/wp\/v2\/media\/146986"}],"wp:attachment":[{"href":"https:\/\/gpl-love.com\/fr\/wp-json\/wp\/v2\/media?parent=139160"}],"wp:term":[{"taxonomy":"product_brand","embeddable":true,"href":"https:\/\/gpl-love.com\/fr\/wp-json\/wp\/v2\/product_brand?post=139160"},{"taxonomy":"product_cat","embeddable":true,"href":"https:\/\/gpl-love.com\/fr\/wp-json\/wp\/v2\/product_cat?post=139160"},{"taxonomy":"product_tag","embeddable":true,"href":"https:\/\/gpl-love.com\/fr\/wp-json\/wp\/v2\/product_tag?post=139160"}],"curies":[{"name":"wp","href":"https:\/\/api.w.org\/{rel}","templated":true}]}}