{"id":139158,"date":"2025-05-20T00:00:00","date_gmt":"2025-05-19T22:00:00","guid":{"rendered":"https:\/\/gpl-love.com\/fr\/produit\/bookingpress-mollie-payment-gateway\/"},"modified":"2026-05-13T12:31:13","modified_gmt":"2026-05-13T10:31:13","slug":"bookingpress-mollie-payment-gateway","status":"publish","type":"product","link":"https:\/\/gpl-love.com\/fr\/produit\/bookingpress-mollie-payment-gateway\/","title":{"rendered":"BookingPress Mollie Payment Gateway 1.7"},"content":{"rendered":"<h3>BookingPress Mollie Payment Gateway Traits<\/h3>\n<p>Int\u00e9grez des paiements fluides gr\u00e2ce \u00e0 l&rsquo;int\u00e9gration de la passerelle de paiement Mollie pour BookingPress<\/p>\n<p>Optimisez votre exp\u00e9rience BookingPress en int\u00e9grant la passerelle de paiement Mollie, la solution id\u00e9ale pour des transactions en ligne simplifi\u00e9es. Avec l&rsquo;int\u00e9gration de la passerelle de paiement Mollie pour BookingPress, la configuration de votre syst\u00e8me de paiement est simple et am\u00e9liore votre efficacit\u00e9 op\u00e9rationnelle.<\/p>\n<p>Que vous configuriez votre syst\u00e8me pour la premi\u00e8re fois ou que vous souhaitiez l&rsquo;am\u00e9liorer, l&rsquo;option de paiement Mollie pour BookingPress simplifie le processus. Cette int\u00e9gration vous permet d&rsquo;accepter un large \u00e9ventail de modes de paiement, offrant ainsi \u00e0 vos clients la flexibilit\u00e9 qu&rsquo;ils recherchent lors de leurs r\u00e9servations.<\/p>\n<p>La configuration est un jeu d&rsquo;enfant gr\u00e2ce \u00e0 notre guide d\u00e9taill\u00e9 sur la configuration de la passerelle Mollie dans BookingPress. En quelques \u00e9tapes seulement, vous disposerez d&rsquo;un syst\u00e8me de paiement robuste et s\u00e9curis\u00e9, parfaitement adapt\u00e9 \u00e0 vos besoins. Profitez des solutions de paiement Mollie pour BookingPress et enrichissez votre offre de services, pour des transactions fluides et fiables.<\/p>\n<p>Ne laissez pas des configurations de paiement complexes freiner la croissance de votre entreprise. Optez pour la simplicit\u00e9.<\/p>\n<ul>\n<li>Int\u00e9gration fluide avec BookingPress pour l&rsquo;acceptation des paiements<\/li>\n<li><\/li>\n<li>Prise en charge d&rsquo;un large \u00e9ventail de moyens de paiement, notamment les cartes bancaires, PayPal et iDEAL<\/li>\n<li><\/li>\n<li>Traitement s\u00e9curis\u00e9 des paiements conforme aux normes PCI DSS<\/li>\n<li><\/li>\n<li>Confirmation de paiement en temps r\u00e9el<\/li>\n<li>Installation et configuration faciles gr\u00e2ce au plugin BookingPress<\/li>\n<li>Prise en charge des paiements r\u00e9currents pour les services par abonnement<\/li>\n<li>Prise en charge multidevises pour accepter les paiements du monde entier<\/li>\n<li>Interface conviviale pour les administrateurs et les clients<\/li>\n<li>Historique d\u00e9taill\u00e9 des transactions pour un suivi financier simplifi\u00e9<\/li>\n<li>Mises \u00e0 jour automatiques et assistance technique de BookingPress<\/li>\n<\/ul>\n","protected":false},"excerpt":{"rendered":"<p>D\u00e9couvrez l&rsquo;int\u00e9gration fluide de la passerelle de paiement Mollie \u00e0 BookingPress\u00a0! Configurez facilement la passerelle Mollie dans BookingPress et offrez \u00e0 vos clients un large choix de modes de paiement. Gr\u00e2ce \u00e0 notre configuration simple et rapide, optimisez l&rsquo;efficacit\u00e9 et la s\u00e9curit\u00e9 de votre service. L&rsquo;utilisation des solutions de paiement Mollie pour BookingPress simplifie les transactions et \u00e9largit votre client\u00e8le gr\u00e2ce \u00e0 un syst\u00e8me de paiement fiable et polyvalent. Lancez-vous d\u00e8s aujourd&rsquo;hui et transformez votre syst\u00e8me de r\u00e9servation en une plateforme intuitive et performante qui fid\u00e9lisera vos clients\u00a0!<\/p>\n","protected":false},"featured_media":146985,"comment_status":"open","ping_status":"open","template":"","meta":[],"product_brand":[2778],"product_cat":[1182,1401,1181],"product_tag":[2371],"class_list":{"0":"post-139158","1":"product","2":"type-product","3":"status-publish","4":"has-post-thumbnail","6":"product_brand-bookingpress","7":"product_cat-commerce-electronique-plugins","8":"product_cat-paiement-commerce-electronique-plugins","9":"product_cat-plugins","10":"product_tag-bookingpress","11":"member-discount","12":"discount-restricted","14":"first","15":"instock","16":"sale","17":"downloadable","18":"virtual","19":"sold-individually","20":"purchasable","21":"product-type-simple"},"_links":{"self":[{"href":"https:\/\/gpl-love.com\/fr\/wp-json\/wp\/v2\/product\/139158","targetHints":{"allow":["GET"]}}],"collection":[{"href":"https:\/\/gpl-love.com\/fr\/wp-json\/wp\/v2\/product"}],"about":[{"href":"https:\/\/gpl-love.com\/fr\/wp-json\/wp\/v2\/types\/product"}],"replies":[{"embeddable":true,"href":"https:\/\/gpl-love.com\/fr\/wp-json\/wp\/v2\/comments?post=139158"}],"wp:featuredmedia":[{"embeddable":true,"href":"https:\/\/gpl-love.com\/fr\/wp-json\/wp\/v2\/media\/146985"}],"wp:attachment":[{"href":"https:\/\/gpl-love.com\/fr\/wp-json\/wp\/v2\/media?parent=139158"}],"wp:term":[{"taxonomy":"product_brand","embeddable":true,"href":"https:\/\/gpl-love.com\/fr\/wp-json\/wp\/v2\/product_brand?post=139158"},{"taxonomy":"product_cat","embeddable":true,"href":"https:\/\/gpl-love.com\/fr\/wp-json\/wp\/v2\/product_cat?post=139158"},{"taxonomy":"product_tag","embeddable":true,"href":"https:\/\/gpl-love.com\/fr\/wp-json\/wp\/v2\/product_tag?post=139158"}],"curies":[{"name":"wp","href":"https:\/\/api.w.org\/{rel}","templated":true}]}}