{"id":139156,"date":"2026-04-21T00:00:00","date_gmt":"2026-04-20T22:00:00","guid":{"rendered":"https:\/\/gpl-love.com\/fr\/produit\/bookingpress-multi-language\/"},"modified":"2026-04-21T18:31:22","modified_gmt":"2026-04-21T16:31:22","slug":"bookingpress-multi-language","status":"publish","type":"product","link":"https:\/\/gpl-love.com\/fr\/produit\/bookingpress-multi-language\/","title":{"rendered":"BookingPress Multi-Language 2.1"},"content":{"rendered":"<h3>BookingPress Multi-Language Traits<\/h3>\n<p>Exploitez pleinement le potentiel de votre client\u00e8le internationale gr\u00e2ce \u00e0 l&rsquo;extension multilingue BookingPress. Con\u00e7ue sp\u00e9cifiquement pour le syst\u00e8me BookingPress, cette puissante extension offre une prise en charge multilingue fluide et transforme votre site web en une plateforme de r\u00e9servation multilingue et conviviale.<\/p>\n<p>Avec les options de traduction BookingPress, personnalisez et traduisez facilement chaque partie de votre interface de r\u00e9servation, garantissant ainsi \u00e0 vos clients une navigation fluide dans leur langue maternelle, du d\u00e9but \u00e0 la fin. Les outils de personnalisation linguistique performants de l&rsquo;extension vous permettent de g\u00e9rer les traductions efficacement, sans aucune comp\u00e9tence technique.<\/p>\n<p>Que vous souhaitiez d\u00e9velopper votre activit\u00e9 \u00e0 l&rsquo;international ou r\u00e9pondre aux besoins d&rsquo;une communaut\u00e9 locale diversifi\u00e9e, le syst\u00e8me de r\u00e9servation multilingue de BookingPress simplifie vos d\u00e9marches. Cette fonctionnalit\u00e9 am\u00e9liore l&rsquo;exp\u00e9rience utilisateur et augmente vos r\u00e9servations en rendant vos services accessibles \u00e0 un public plus large.<\/p>\n<p>D\u00e9veloppez la port\u00e9e et la polyvalence de votre syst\u00e8me de r\u00e9servation gr\u00e2ce \u00e0 la prise en charge linguistique de l&rsquo;extension BookingPress. Commencez d\u00e8s aujourd&rsquo;hui \u00e0 servir vos clients dans leur langue pr\u00e9f\u00e9r\u00e9e et constatez la croissance de votre entreprise.<\/p>\n<ul>\n<li>Prise en charge de plusieurs langues pour une accessibilit\u00e9 mondiale<\/li>\n<li>Processus de r\u00e9servation simplifi\u00e9 gr\u00e2ce \u00e0 une interface intuitive<\/li>\n<li>Mises \u00e0 jour des disponibilit\u00e9s en temps r\u00e9el pour \u00e9viter les doubles r\u00e9servations<\/li>\n<li>Int\u00e9gration avec les principales plateformes de paiement pour des transactions s\u00e9curis\u00e9es<\/li>\n<li>Formulaires de r\u00e9servation personnalisables pour r\u00e9pondre \u00e0 tous vos besoins<\/li>\n<li>Notifications automatiques par e-mail et SMS pour tenir vos clients inform\u00e9s<\/li>\n<li>Outils de reporting complets pour le suivi de vos performances<\/li>\n<li>Compatibilit\u00e9 mobile pour r\u00e9server o\u00f9 que vous soyez<\/li>\n<li>Possibilit\u00e9 de d\u00e9finir diff\u00e9rents niveaux de tarification selon les p\u00e9riodes (haute et basse)<\/li>\n<li>Prise en charge des options et services suppl\u00e9mentaires pour une exp\u00e9rience client optimale<\/li>\n<\/ul>\n","protected":false},"excerpt":{"rendered":"<p>D\u00e9couvrez le plugin multilingue BookingPress, la solution id\u00e9ale pour un syst\u00e8me de r\u00e9servation multilingue\u00a0! Gr\u00e2ce \u00e0 sa prise en charge compl\u00e8te de plusieurs langues pour BookingPress, ce plugin offre des options de traduction fluides et une personnalisation linguistique pouss\u00e9e. D\u00e9veloppez votre client\u00e8le internationale et r\u00e9pondez facilement aux besoins de vos clients du monde entier. La prise en charge multilingue du plugin BookingPress garantit que votre syst\u00e8me de r\u00e9servation communique dans la langue de vos clients, le rendant ainsi plus accessible et convivial. Passez d\u00e8s aujourd&rsquo;hui au plugin multilingue BookingPress et transformez votre syst\u00e8me de r\u00e9servation en une plateforme universellement adaptable.<\/p>\n","protected":false},"featured_media":146984,"comment_status":"open","ping_status":"open","template":"","meta":[],"product_brand":[2778],"product_cat":[1189,1181,1186],"product_tag":[2371],"class_list":{"0":"post-139156","1":"product","2":"type-product","3":"status-publish","4":"has-post-thumbnail","6":"product_brand-bookingpress","7":"product_cat-personnalisation","8":"product_cat-plugins","9":"product_cat-wordpress-plugins","10":"product_tag-bookingpress","11":"member-discount","12":"discount-restricted","14":"first","15":"instock","16":"sale","17":"downloadable","18":"virtual","19":"sold-individually","20":"purchasable","21":"product-type-simple"},"_links":{"self":[{"href":"https:\/\/gpl-love.com\/fr\/wp-json\/wp\/v2\/product\/139156","targetHints":{"allow":["GET"]}}],"collection":[{"href":"https:\/\/gpl-love.com\/fr\/wp-json\/wp\/v2\/product"}],"about":[{"href":"https:\/\/gpl-love.com\/fr\/wp-json\/wp\/v2\/types\/product"}],"replies":[{"embeddable":true,"href":"https:\/\/gpl-love.com\/fr\/wp-json\/wp\/v2\/comments?post=139156"}],"wp:featuredmedia":[{"embeddable":true,"href":"https:\/\/gpl-love.com\/fr\/wp-json\/wp\/v2\/media\/146984"}],"wp:attachment":[{"href":"https:\/\/gpl-love.com\/fr\/wp-json\/wp\/v2\/media?parent=139156"}],"wp:term":[{"taxonomy":"product_brand","embeddable":true,"href":"https:\/\/gpl-love.com\/fr\/wp-json\/wp\/v2\/product_brand?post=139156"},{"taxonomy":"product_cat","embeddable":true,"href":"https:\/\/gpl-love.com\/fr\/wp-json\/wp\/v2\/product_cat?post=139156"},{"taxonomy":"product_tag","embeddable":true,"href":"https:\/\/gpl-love.com\/fr\/wp-json\/wp\/v2\/product_tag?post=139156"}],"curies":[{"name":"wp","href":"https:\/\/api.w.org\/{rel}","templated":true}]}}