{"id":139154,"date":"2025-09-22T00:00:00","date_gmt":"2025-09-21T22:00:00","guid":{"rendered":"https:\/\/gpl-love.com\/fr\/produit\/bookingpress-outlook-calendar\/"},"modified":"2026-04-15T00:31:07","modified_gmt":"2026-04-14T22:31:07","slug":"bookingpress-outlook-calendar","status":"publish","type":"product","link":"https:\/\/gpl-love.com\/fr\/produit\/bookingpress-outlook-calendar\/","title":{"rendered":"BookingPress Outlook Calendar 2.8"},"content":{"rendered":"<h3>BookingPress Outlook Calendar Traits<\/h3>\n<p>G\u00e9rez efficacement vos rendez-vous directement depuis Outlook gr\u00e2ce \u00e0 l&rsquo;int\u00e9gration BookingPress avec Outlook Calendar\u00a0! Ce puissant plugin synchronise automatiquement votre agenda BookingPress avec votre calendrier Outlook, vous assurant ainsi de ne jamais manquer une r\u00e9union importante ni de rencontrer de chevauchements.<\/p>\n<p>Configurer BookingPress avec Outlook est simple et intuitif, et vous permet de synchroniser vos rendez-vous en temps r\u00e9el. Que vous g\u00e9riez des consultations individuelles, des s\u00e9ances de groupe ou des r\u00e9unions professionnelles, cette int\u00e9gration offre une solution simplifi\u00e9e pour g\u00e9rer tous vos besoins de planification.<\/p>\n<p>G\u00e9rer vos rendez-vous dans Outlook avec BookingPress vous permet de profiter d&rsquo;une interface famili\u00e8re tout en tirant parti des fonctionnalit\u00e9s performantes de BookingPress. Cette int\u00e9gration vous fait gagner du temps et am\u00e9liore votre productivit\u00e9, ce qui en fait un outil indispensable pour les professionnels de tous les secteurs.<\/p>\n<p>Ne laissez plus les conflits d&rsquo;horaires vous ralentir. Synchronisez BookingPress avec votre calendrier Outlook d\u00e8s aujourd&rsquo;hui et optimisez l&rsquo;organisation de vos journ\u00e9es\u00a0!<\/p>\n<ul>\n<li>Int\u00e9gration parfaite avec le calendrier Microsoft Outlook<\/li>\n<li><\/li>\n<li>Automatisation de la planification et de la prise de rendez-vous<\/li>\n<li><\/li>\n<li>Mises \u00e0 jour des disponibilit\u00e9s en temps r\u00e9el<\/li>\n<li><\/li>\n<li>Formulaires de r\u00e9servation personnalisables<\/li>\n<li><\/li>\n<li>Rappels et notifications automatiques<\/li>\n<li><\/li>\n<li>Gestion de plusieurs fuseaux horaires<\/li>\n<li><\/li>\n<li>Gestion simplifi\u00e9e des rendez-vous clients<\/li>\n<li><\/li>\n<li>S\u00e9curit\u00e9 des donn\u00e9es et respect de la vie priv\u00e9e<\/li>\n<li><\/li>\n<li>Compatible avec diff\u00e9rentes versions d&rsquo;Outlook<\/li>\n<li><\/li>\n<li>Interface mobile optimis\u00e9e pour un acc\u00e8s o\u00f9 que vous soyez<\/li>\n<\/ul>\n","protected":false},"excerpt":{"rendered":"<p>Int\u00e9grez votre planning en toute simplicit\u00e9 gr\u00e2ce \u00e0 l&rsquo;int\u00e9gration BookingPress avec Outlook\u00a0! Synchronisez et g\u00e9rez vos rendez-vous directement dans votre calendrier Outlook. Configurer BookingPress avec Outlook est un jeu d&rsquo;enfant et vous permet d&rsquo;optimiser votre productivit\u00e9 en centralisant tous vos engagements. Notre extension vous permet non seulement de synchroniser BookingPress avec votre calendrier Outlook, mais aussi de simplifier la gestion de vos rendez-vous sans quitter l&rsquo;interface Outlook. Id\u00e9al pour les professionnels souhaitant optimiser leur gestion du temps, l&rsquo;extension BookingPress pour Outlook est l&rsquo;outil parfait pour un planning organis\u00e9 et efficace.<\/p>\n","protected":false},"featured_media":146983,"comment_status":"open","ping_status":"open","template":"","meta":[],"product_brand":[2778],"product_cat":[1187,1181,1186],"product_tag":[2371],"class_list":{"0":"post-139154","1":"product","2":"type-product","3":"status-publish","4":"has-post-thumbnail","6":"product_brand-bookingpress","7":"product_cat-administration-wordpress-plugins","8":"product_cat-plugins","9":"product_cat-wordpress-plugins","10":"product_tag-bookingpress","11":"member-discount","12":"discount-restricted","14":"first","15":"instock","16":"sale","17":"downloadable","18":"virtual","19":"sold-individually","20":"purchasable","21":"product-type-simple"},"_links":{"self":[{"href":"https:\/\/gpl-love.com\/fr\/wp-json\/wp\/v2\/product\/139154","targetHints":{"allow":["GET"]}}],"collection":[{"href":"https:\/\/gpl-love.com\/fr\/wp-json\/wp\/v2\/product"}],"about":[{"href":"https:\/\/gpl-love.com\/fr\/wp-json\/wp\/v2\/types\/product"}],"replies":[{"embeddable":true,"href":"https:\/\/gpl-love.com\/fr\/wp-json\/wp\/v2\/comments?post=139154"}],"wp:featuredmedia":[{"embeddable":true,"href":"https:\/\/gpl-love.com\/fr\/wp-json\/wp\/v2\/media\/146983"}],"wp:attachment":[{"href":"https:\/\/gpl-love.com\/fr\/wp-json\/wp\/v2\/media?parent=139154"}],"wp:term":[{"taxonomy":"product_brand","embeddable":true,"href":"https:\/\/gpl-love.com\/fr\/wp-json\/wp\/v2\/product_brand?post=139154"},{"taxonomy":"product_cat","embeddable":true,"href":"https:\/\/gpl-love.com\/fr\/wp-json\/wp\/v2\/product_cat?post=139154"},{"taxonomy":"product_tag","embeddable":true,"href":"https:\/\/gpl-love.com\/fr\/wp-json\/wp\/v2\/product_tag?post=139154"}],"curies":[{"name":"wp","href":"https:\/\/api.w.org\/{rel}","templated":true}]}}