{"id":139152,"date":"2026-04-07T00:00:00","date_gmt":"2026-04-06T22:00:00","guid":{"rendered":"https:\/\/gpl-love.com\/fr\/produit\/bookingpress-service-package\/"},"modified":"2026-05-13T00:31:42","modified_gmt":"2026-05-12T22:31:42","slug":"bookingpress-service-package","status":"publish","type":"product","link":"https:\/\/gpl-love.com\/fr\/produit\/bookingpress-service-package\/","title":{"rendered":"BookingPress Service Package 3.0"},"content":{"rendered":"<h3>BookingPress Service Package Traits<\/h3>\n<p>D\u00e9couvrez la solution id\u00e9ale pour vos r\u00e9servations en ligne avec notre Pack de services BookingPress. Ce pack abordable offre des options compl\u00e8tes, con\u00e7ues pour optimiser l&rsquo;efficacit\u00e9 de votre entreprise et la satisfaction de vos clients. Gr\u00e2ce \u00e0 l&rsquo;int\u00e9gration du Pack BookingPress, la configuration est simple et rapide, vous permettant de l&rsquo;int\u00e9grer facilement \u00e0 vos syst\u00e8mes existants et garantissant une transition en douceur et une exp\u00e9rience utilisateur optimale.<\/p>\n<p>Notre configuration BookingPress est con\u00e7ue pour une mise en service rapide, avec un impact minimal sur vos activit\u00e9s. Personnalisez votre interface gr\u00e2ce aux options de personnalisation du Pack BookingPress, qui vous permettent d&rsquo;adapter l&rsquo;exp\u00e9rience de r\u00e9servation au style et aux exigences uniques de votre marque.<\/p>\n<p>Explorez les diff\u00e9rentes options du Pack BookingPress et enrichissez votre pack avec des fonctionnalit\u00e9s suppl\u00e9mentaires parfaitement adapt\u00e9es \u00e0 vos besoins. Notre assistance d\u00e9di\u00e9e BookingPress vous garantit une aide compl\u00e8te, \u00e0 tout moment, pour une disponibilit\u00e9 maximale et une satisfaction client optimale.<\/p>\n<p>Investissez d\u00e8s aujourd&rsquo;hui dans le Pack de services BookingPress et profitez de tous ses avantages.<\/p>\n<ul>\n<li>Int\u00e9gration d&rsquo;un syst\u00e8me de r\u00e9servation en ligne<\/li>\n<li>Formulaires de r\u00e9servation personnalisables<\/li>\n<li>Mises \u00e0 jour des disponibilit\u00e9s en temps r\u00e9el<\/li>\n<li>Rappels de rendez-vous automatis\u00e9s par SMS et e-mail<\/li>\n<li>Profils de plusieurs prestataires de services<\/li>\n<li>Outils de gestion de la client\u00e8le<\/li>\n<li>Options de paiement s\u00e9curis\u00e9es<\/li>\n<li>Tableau de bord d&rsquo;analyse et de reporting<\/li>\n<li>Application mobile pour la r\u00e9servation et la gestion en mobilit\u00e9<\/li>\n<li>Prise en charge des codes promotionnels et des r\u00e9ductions<\/li>\n<\/ul>\n","protected":false},"excerpt":{"rendered":"<p>D\u00e9couvrez la solution id\u00e9ale avec notre pack de services BookingPress, con\u00e7u pour simplifier la gestion de vos r\u00e9servations. Ce pack BookingPress abordable offre une int\u00e9gration compl\u00e8te et une configuration facile, pour une exp\u00e9rience utilisateur optimale. Personnalisez votre interface gr\u00e2ce aux options de personnalisation de notre pack BookingPress afin de l&rsquo;adapter pr\u00e9cis\u00e9ment \u00e0 vos besoins. Am\u00e9liorez votre syst\u00e8me de r\u00e9servation gr\u00e2ce \u00e0 des am\u00e9liorations exclusives et \u00e0 un large \u00e9ventail de services. B\u00e9n\u00e9ficiez d&rsquo;un support continu et de solutions pratiques pour optimiser vos op\u00e9rations. Choisissez notre pack BookingPress pour un service complet qui allie fiabilit\u00e9 et efficacit\u00e9, am\u00e9liorant ainsi le fonctionnement de votre entreprise et la satisfaction de vos clients.<\/p>\n","protected":false},"featured_media":146982,"comment_status":"open","ping_status":"open","template":"","meta":[],"product_brand":[2778],"product_cat":[1189,1181,1186],"product_tag":[2371],"class_list":{"0":"post-139152","1":"product","2":"type-product","3":"status-publish","4":"has-post-thumbnail","6":"product_brand-bookingpress","7":"product_cat-personnalisation","8":"product_cat-plugins","9":"product_cat-wordpress-plugins","10":"product_tag-bookingpress","11":"member-discount","12":"discount-restricted","14":"first","15":"instock","16":"sale","17":"downloadable","18":"virtual","19":"sold-individually","20":"purchasable","21":"product-type-simple"},"_links":{"self":[{"href":"https:\/\/gpl-love.com\/fr\/wp-json\/wp\/v2\/product\/139152","targetHints":{"allow":["GET"]}}],"collection":[{"href":"https:\/\/gpl-love.com\/fr\/wp-json\/wp\/v2\/product"}],"about":[{"href":"https:\/\/gpl-love.com\/fr\/wp-json\/wp\/v2\/types\/product"}],"replies":[{"embeddable":true,"href":"https:\/\/gpl-love.com\/fr\/wp-json\/wp\/v2\/comments?post=139152"}],"wp:featuredmedia":[{"embeddable":true,"href":"https:\/\/gpl-love.com\/fr\/wp-json\/wp\/v2\/media\/146982"}],"wp:attachment":[{"href":"https:\/\/gpl-love.com\/fr\/wp-json\/wp\/v2\/media?parent=139152"}],"wp:term":[{"taxonomy":"product_brand","embeddable":true,"href":"https:\/\/gpl-love.com\/fr\/wp-json\/wp\/v2\/product_brand?post=139152"},{"taxonomy":"product_cat","embeddable":true,"href":"https:\/\/gpl-love.com\/fr\/wp-json\/wp\/v2\/product_cat?post=139152"},{"taxonomy":"product_tag","embeddable":true,"href":"https:\/\/gpl-love.com\/fr\/wp-json\/wp\/v2\/product_tag?post=139152"}],"curies":[{"name":"wp","href":"https:\/\/api.w.org\/{rel}","templated":true}]}}