{"id":139150,"date":"2025-05-20T00:00:00","date_gmt":"2025-05-19T22:00:00","guid":{"rendered":"https:\/\/gpl-love.com\/fr\/produit\/bookingpress-paddle-payment-gateway\/"},"modified":"2026-05-13T00:31:41","modified_gmt":"2026-05-12T22:31:41","slug":"bookingpress-paddle-payment-gateway","status":"publish","type":"product","link":"https:\/\/gpl-love.com\/fr\/produit\/bookingpress-paddle-payment-gateway\/","title":{"rendered":"BookingPress Paddle Payment Gateway 1.4"},"content":{"rendered":"<h3>BookingPress Paddle Payment Gateway Traits<\/h3>\n<p>Optimisez vos transactions gr\u00e2ce \u00e0 l&rsquo;int\u00e9gration de la passerelle de paiement Paddle avec BookingPress<\/p>\n<p>D\u00e9veloppez votre activit\u00e9 en ligne avec l&rsquo;int\u00e9gration de la passerelle de paiement Paddle pour BookingPress, la solution id\u00e9ale pour des paiements en ligne s\u00e9curis\u00e9s et performants. Sp\u00e9cialement con\u00e7ue pour les utilisateurs de BookingPress, cette int\u00e9gration garantit des transactions fluides, s\u00e9curis\u00e9es et sans tracas.<\/p>\n<p>La passerelle de paiement Paddle pour BookingPress offre une exp\u00e9rience utilisateur simplifi\u00e9e qui fluidifie le processus de paiement, am\u00e9liorant ainsi la satisfaction client et les taux de conversion. Gr\u00e2ce \u00e0 des mesures de s\u00e9curit\u00e9 de pointe, notre int\u00e9gration de paiement s\u00e9curis\u00e9e pour BookingPress prot\u00e8ge les informations sensibles, assurant la tranquillit\u00e9 d&rsquo;esprit des entreprises et de leurs clients.<\/p>\n<p>Choisissez les solutions de paiement en ligne BookingPress avec le traitement des paiements via la passerelle Paddle pour b\u00e9n\u00e9ficier d&rsquo;avantages tels qu&rsquo;une configuration facile, des frais de transaction r\u00e9duits et une assistance compl\u00e8te. Que vous soyez une petite entreprise ou une soci\u00e9t\u00e9 en pleine croissance, cette int\u00e9gration est con\u00e7ue pour \u00e9voluer avec vos besoins, garantissant une gestion des paiements simplifi\u00e9e quel que soit le volume.<\/p>\n<p>Mettez \u00e0 niveau votre plateforme BookingPress avec la passerelle de paiement Paddle d\u00e8s aujourd&rsquo;hui et offrez \u00e0 votre entreprise une solution fiable et performante.<\/p>\n<ul>\n<li>Int\u00e9gration parfaite avec l&rsquo;extension BookingPress<\/li>\n<li><\/li>\n<li>Prise en charge des paiements Paddle<\/li>\n<li><\/li>\n<li>Paiements en ligne s\u00e9curis\u00e9s<\/li>\n<li><\/li>\n<li>Gestion de plusieurs devises<\/li>\n<li>Installation et configuration faciles<\/li>\n<li><\/li>\n<li>V\u00e9rification des paiements en temps r\u00e9el<\/li>\n<li><\/li>\n<li>Prise en charge des paiements r\u00e9currents<\/li>\n<li><\/li>\n<li>Compatible avec les principales cartes de cr\u00e9dit et de d\u00e9bit<\/li>\n<li><\/li>\n<li>Fonctions de protection contre la fraude incluses<\/li>\n<li><\/li>\n<li>Rapports de transactions d\u00e9taill\u00e9s<\/li>\n<\/ul>\n","protected":false},"excerpt":{"rendered":"<p>D\u00e9couvrez l&rsquo;int\u00e9gration de la passerelle de paiement Paddle pour BookingPress, la solution id\u00e9ale pour des transactions en ligne s\u00e9curis\u00e9es et fluides. Parfaite pour les utilisateurs de BookingPress, cette int\u00e9gration garantit un traitement des paiements non seulement s\u00e9curis\u00e9, mais aussi incroyablement efficace. Gr\u00e2ce \u00e0 la passerelle de paiement Paddle pour BookingPress, profitez d&rsquo;un processus de paiement simplifi\u00e9 et d&rsquo;une exp\u00e9rience client am\u00e9lior\u00e9e. Cette int\u00e9gration prend en charge tous les principaux moyens de paiement, vous offrant des solutions de paiement en ligne flexibles, fiables et faciles \u00e0 utiliser. Optimisez votre plateforme BookingPress avec le traitement des paiements via la passerelle Paddle et propulsez votre entreprise vers de nouveaux sommets. S\u00e9curis\u00e9e, simple et efficace\u00a0: elle a tout ce dont votre entreprise a besoin pour prosp\u00e9rer en ligne.<\/p>\n","protected":false},"featured_media":146981,"comment_status":"open","ping_status":"open","template":"","meta":[],"product_brand":[2778],"product_cat":[1182,1401,1181],"product_tag":[2371],"class_list":{"0":"post-139150","1":"product","2":"type-product","3":"status-publish","4":"has-post-thumbnail","6":"product_brand-bookingpress","7":"product_cat-commerce-electronique-plugins","8":"product_cat-paiement-commerce-electronique-plugins","9":"product_cat-plugins","10":"product_tag-bookingpress","11":"member-discount","12":"discount-restricted","14":"first","15":"instock","16":"sale","17":"downloadable","18":"virtual","19":"sold-individually","20":"purchasable","21":"product-type-simple"},"_links":{"self":[{"href":"https:\/\/gpl-love.com\/fr\/wp-json\/wp\/v2\/product\/139150","targetHints":{"allow":["GET"]}}],"collection":[{"href":"https:\/\/gpl-love.com\/fr\/wp-json\/wp\/v2\/product"}],"about":[{"href":"https:\/\/gpl-love.com\/fr\/wp-json\/wp\/v2\/types\/product"}],"replies":[{"embeddable":true,"href":"https:\/\/gpl-love.com\/fr\/wp-json\/wp\/v2\/comments?post=139150"}],"wp:featuredmedia":[{"embeddable":true,"href":"https:\/\/gpl-love.com\/fr\/wp-json\/wp\/v2\/media\/146981"}],"wp:attachment":[{"href":"https:\/\/gpl-love.com\/fr\/wp-json\/wp\/v2\/media?parent=139150"}],"wp:term":[{"taxonomy":"product_brand","embeddable":true,"href":"https:\/\/gpl-love.com\/fr\/wp-json\/wp\/v2\/product_brand?post=139150"},{"taxonomy":"product_cat","embeddable":true,"href":"https:\/\/gpl-love.com\/fr\/wp-json\/wp\/v2\/product_cat?post=139150"},{"taxonomy":"product_tag","embeddable":true,"href":"https:\/\/gpl-love.com\/fr\/wp-json\/wp\/v2\/product_tag?post=139150"}],"curies":[{"name":"wp","href":"https:\/\/api.w.org\/{rel}","templated":true}]}}