{"id":139146,"date":"2025-05-20T00:00:00","date_gmt":"2025-05-19T22:00:00","guid":{"rendered":"https:\/\/gpl-love.com\/fr\/produit\/bookingpress-payfast-payment-gateway\/"},"modified":"2026-05-13T00:31:39","modified_gmt":"2026-05-12T22:31:39","slug":"bookingpress-payfast-payment-gateway","status":"publish","type":"product","link":"https:\/\/gpl-love.com\/fr\/produit\/bookingpress-payfast-payment-gateway\/","title":{"rendered":"BookingPress Payfast Payment Gateway 1.4"},"content":{"rendered":"<h3>BookingPress Payfast Payment Gateway Traits<\/h3>\n<p>Simplifiez vos transactions gr\u00e2ce \u00e0 la passerelle de paiement Payfast pour BookingPress. Con\u00e7ue sp\u00e9cifiquement pour les utilisateurs de BookingPress, cette int\u00e9gration performante garantit \u00e0 votre syst\u00e8me de r\u00e9servation en ligne une solution de paiement s\u00e9curis\u00e9e et fiable. Configurer Payfast pour BookingPress est un jeu d&rsquo;enfant\u00a0: vous pouvez ainsi accepter les paiements instantan\u00e9ment et offrir \u00e0 vos clients une exp\u00e9rience de r\u00e9servation optimale.<\/p>\n<p>Avec la passerelle de paiement Payfast pour BookingPress, vous b\u00e9n\u00e9ficiez d&rsquo;une plateforme robuste qui garantit une int\u00e9gration s\u00e9curis\u00e9e des paiements. Les transactions sont s\u00e9curis\u00e9es et crypt\u00e9es, assurant ainsi la tranquillit\u00e9 d&rsquo;esprit de vos clients et la v\u00f4tre. La passerelle de paiement Payfast pour les r\u00e9servations en ligne optimise non seulement vos op\u00e9rations, mais am\u00e9liore \u00e9galement la satisfaction de vos utilisateurs en leur offrant un processus de paiement fluide et sans tracas.<\/p>\n<ul>\n<li>Int\u00e9gration parfaite avec le plugin BookingPress<\/li>\n<li>Prise en charge des paiements en ligne s\u00e9curis\u00e9s via Payfast<\/li>\n<li>Transactions EFT et par carte bancaire instantan\u00e9es<\/li>\n<li>Solutions de paiement pratiques pour les clients sud-africains<\/li>\n<li>Configuration et installation faciles via l&rsquo;interface BookingPress<\/li>\n<li>Compatible avec les fonctionnalit\u00e9s de pr\u00e9vention de la fraude de Payfast<\/li>\n<li>Confirmation automatique des paiements et mises \u00e0 jour des r\u00e9servations<\/li>\n<li>Compatible avec toutes les principales banques sud-africaines<\/li>\n<li>Exp\u00e9rience utilisateur optimis\u00e9e gr\u00e2ce \u00e0 un traitement des paiements fluide<\/li>\n<li>Conformit\u00e9 totale aux normes PCI<\/li>\n<\/ul>\n","protected":false},"excerpt":{"rendered":"<p>D\u00e9couvrez l&rsquo;int\u00e9gration Payfast de BookingPress, la solution id\u00e9ale pour des transactions de r\u00e9servation en ligne fluides\u00a0! Avec la passerelle de paiement Payfast pour BookingPress, la configuration est un jeu d&rsquo;enfant\u00a0: une int\u00e9gration s\u00e9curis\u00e9e garantit la protection des donn\u00e9es clients. Cette passerelle robuste facilite les op\u00e9rations financi\u00e8res et am\u00e9liore l&rsquo;exp\u00e9rience utilisateur gr\u00e2ce \u00e0 un processus de paiement fiable et efficace. Configurez facilement le paiement Payfast pour BookingPress et profitez des avantages d&rsquo;une passerelle de r\u00e9servation en ligne s\u00e9curis\u00e9e. Parfait pour les entreprises souhaitant optimiser leur syst\u00e8me de r\u00e9servation et renforcer la confiance de leurs clients \u00e0 chaque transaction. Optez pour la simplicit\u00e9, la s\u00e9curit\u00e9 et l&rsquo;efficacit\u00e9\u00a0: choisissez la passerelle de paiement Payfast de BookingPress d\u00e8s aujourd&rsquo;hui\u00a0!<\/p>\n","protected":false},"featured_media":146979,"comment_status":"open","ping_status":"open","template":"","meta":[],"product_brand":[2778],"product_cat":[1182,1401,1181],"product_tag":[2371],"class_list":{"0":"post-139146","1":"product","2":"type-product","3":"status-publish","4":"has-post-thumbnail","6":"product_brand-bookingpress","7":"product_cat-commerce-electronique-plugins","8":"product_cat-paiement-commerce-electronique-plugins","9":"product_cat-plugins","10":"product_tag-bookingpress","11":"member-discount","12":"discount-restricted","14":"first","15":"instock","16":"sale","17":"downloadable","18":"virtual","19":"sold-individually","20":"purchasable","21":"product-type-simple"},"_links":{"self":[{"href":"https:\/\/gpl-love.com\/fr\/wp-json\/wp\/v2\/product\/139146","targetHints":{"allow":["GET"]}}],"collection":[{"href":"https:\/\/gpl-love.com\/fr\/wp-json\/wp\/v2\/product"}],"about":[{"href":"https:\/\/gpl-love.com\/fr\/wp-json\/wp\/v2\/types\/product"}],"replies":[{"embeddable":true,"href":"https:\/\/gpl-love.com\/fr\/wp-json\/wp\/v2\/comments?post=139146"}],"wp:featuredmedia":[{"embeddable":true,"href":"https:\/\/gpl-love.com\/fr\/wp-json\/wp\/v2\/media\/146979"}],"wp:attachment":[{"href":"https:\/\/gpl-love.com\/fr\/wp-json\/wp\/v2\/media?parent=139146"}],"wp:term":[{"taxonomy":"product_brand","embeddable":true,"href":"https:\/\/gpl-love.com\/fr\/wp-json\/wp\/v2\/product_brand?post=139146"},{"taxonomy":"product_cat","embeddable":true,"href":"https:\/\/gpl-love.com\/fr\/wp-json\/wp\/v2\/product_cat?post=139146"},{"taxonomy":"product_tag","embeddable":true,"href":"https:\/\/gpl-love.com\/fr\/wp-json\/wp\/v2\/product_tag?post=139146"}],"curies":[{"name":"wp","href":"https:\/\/api.w.org\/{rel}","templated":true}]}}