{"id":139144,"date":"2025-07-25T00:00:00","date_gmt":"2025-07-24T22:00:00","guid":{"rendered":"https:\/\/gpl-love.com\/fr\/produit\/bookingpress-paypalpro-payment-gateway\/"},"modified":"2026-03-21T00:02:20","modified_gmt":"2026-03-20T23:02:20","slug":"bookingpress-paypalpro-payment-gateway","status":"publish","type":"product","link":"https:\/\/gpl-love.com\/fr\/produit\/bookingpress-paypalpro-payment-gateway\/","title":{"rendered":"BookingPress Paypalpro Payment Gateway 1.6"},"content":{"rendered":"<h3>BookingPress Paypalpro Payment Gateway Traits<\/h3>\n<p>Transformez votre exp\u00e9rience de r\u00e9servation en ligne gr\u00e2ce \u00e0 l&rsquo;int\u00e9gration BookingPress Paypalpro, la solution id\u00e9ale pour des paiements en ligne fluides et s\u00e9curis\u00e9s. Ce puissant plugin est sp\u00e9cialement con\u00e7u pour s&rsquo;int\u00e9grer parfaitement \u00e0 BookingPress, permettant \u00e0 vos clients de payer facilement via la passerelle de paiement Paypalpro.<\/p>\n<p>Avec la passerelle de paiement BookingPress Paypalpro, offrez \u00e0 vos clients une option de paiement fiable et s\u00e9curis\u00e9e qui simplifie les transactions et am\u00e9liore la satisfaction client. Cette int\u00e9gration prend en charge toutes les principales cartes de cr\u00e9dit et de d\u00e9bit, permettant ainsi \u00e0 votre entreprise de toucher un public plus large.<\/p>\n<p>Fonctionnalit\u00e9s cl\u00e9s\u00a0:<\/p>\n<p>&#8211; Paiement s\u00e9curis\u00e9\u00a0: B\u00e9n\u00e9ficiez des mesures de s\u00e9curit\u00e9 robustes de Paypalpro pour prot\u00e9ger les informations de paiement sensibles et instaurer une relation de confiance avec vos clients.<\/p>\n<p>&#8211; Int\u00e9gration facile\u00a0: Int\u00e9grez rapidement Paypalpro \u00e0 votre configuration BookingPress pour un processus de paiement fluide et efficace.<\/p>\n<p>&#8211; Exp\u00e9rience utilisateur am\u00e9lior\u00e9e\u00a0: Offrez un processus de paiement simplifi\u00e9 qui fid\u00e9lise vos clients gr\u00e2ce \u00e0 la fiabilit\u00e9 et \u00e0 la rapidit\u00e9 du traitement des paiements Paypalpro.<\/p>\n<p>Id\u00e9ale pour les prestataires de services, les organisateurs d&rsquo;\u00e9v\u00e9nements et les plateformes e-commerce, la passerelle de paiement BookingPress Paypalpro garantit\u2026<\/p>\n<ul>\n<li>Acceptez les paiements directement sur votre site via PayPal Pro<\/li>\n<li>Int\u00e9gration fluide avec l&rsquo;extension BookingPress<\/li>\n<li>Traitement s\u00e9curis\u00e9 des cartes de cr\u00e9dit et de d\u00e9bit<\/li>\n<li>Conformit\u00e9 PCI pour la protection des donn\u00e9es de vos clients<\/li>\n<li>Aucune redirection n\u00e9cessaire, pour une exp\u00e9rience utilisateur optimale<\/li>\n<li>Prise en charge des paiements ponctuels et r\u00e9currents<\/li>\n<li>Configuration simple et rapide depuis votre tableau de bord BookingPress<\/li>\n<li>Traitement des transactions en temps r\u00e9el<\/li>\n<li>Prise en charge de plusieurs devises<\/li>\n<li>Historique d\u00e9taill\u00e9 des transactions pour une comptabilit\u00e9 et des remboursements simplifi\u00e9s<\/li>\n<\/ul>\n","protected":false},"excerpt":{"rendered":"<p>D\u00e9couvrez la passerelle de paiement PayPalpro pour BookingPress, la solution id\u00e9ale pour des paiements s\u00e9curis\u00e9s. Int\u00e9grez PayPalpro \u00e0 votre plateforme BookingPress en toute simplicit\u00e9 et optimisez vos solutions de paiement en ligne. Cette int\u00e9gration simplifie les transactions et garantit la s\u00e9curit\u00e9 de chaque paiement, pour une tranquillit\u00e9 d&rsquo;esprit totale, pour vous comme pour vos clients. Avec l&rsquo;int\u00e9gration PayPalpro de BookingPress, g\u00e9rez efficacement vos r\u00e9servations et vos paiements, pour des op\u00e9rations fluides et fiables. Am\u00e9liorez votre exp\u00e9rience BookingPress gr\u00e2ce \u00e0 la passerelle de paiement PayPalpro et offrez \u00e0 vos clients un service de qualit\u00e9 sup\u00e9rieure avec un processus de paiement fiable et simplifi\u00e9. Acceptez les paiements en toute confiance d\u00e8s aujourd&rsquo;hui\u00a0!<\/p>\n","protected":false},"featured_media":146978,"comment_status":"open","ping_status":"open","template":"","meta":[],"product_brand":[2778],"product_cat":[1182,1401,1181],"product_tag":[2371],"class_list":{"0":"post-139144","1":"product","2":"type-product","3":"status-publish","4":"has-post-thumbnail","6":"product_brand-bookingpress","7":"product_cat-commerce-electronique-plugins","8":"product_cat-paiement-commerce-electronique-plugins","9":"product_cat-plugins","10":"product_tag-bookingpress","11":"member-discount","12":"discount-restricted","14":"first","15":"instock","16":"sale","17":"downloadable","18":"virtual","19":"sold-individually","20":"purchasable","21":"product-type-simple"},"_links":{"self":[{"href":"https:\/\/gpl-love.com\/fr\/wp-json\/wp\/v2\/product\/139144","targetHints":{"allow":["GET"]}}],"collection":[{"href":"https:\/\/gpl-love.com\/fr\/wp-json\/wp\/v2\/product"}],"about":[{"href":"https:\/\/gpl-love.com\/fr\/wp-json\/wp\/v2\/types\/product"}],"replies":[{"embeddable":true,"href":"https:\/\/gpl-love.com\/fr\/wp-json\/wp\/v2\/comments?post=139144"}],"wp:featuredmedia":[{"embeddable":true,"href":"https:\/\/gpl-love.com\/fr\/wp-json\/wp\/v2\/media\/146978"}],"wp:attachment":[{"href":"https:\/\/gpl-love.com\/fr\/wp-json\/wp\/v2\/media?parent=139144"}],"wp:term":[{"taxonomy":"product_brand","embeddable":true,"href":"https:\/\/gpl-love.com\/fr\/wp-json\/wp\/v2\/product_brand?post=139144"},{"taxonomy":"product_cat","embeddable":true,"href":"https:\/\/gpl-love.com\/fr\/wp-json\/wp\/v2\/product_cat?post=139144"},{"taxonomy":"product_tag","embeddable":true,"href":"https:\/\/gpl-love.com\/fr\/wp-json\/wp\/v2\/product_tag?post=139144"}],"curies":[{"name":"wp","href":"https:\/\/api.w.org\/{rel}","templated":true}]}}