{"id":139142,"date":"2025-05-20T00:00:00","date_gmt":"2025-05-19T22:00:00","guid":{"rendered":"https:\/\/gpl-love.com\/fr\/produit\/bookingpress-paystack-payment-gateway\/"},"modified":"2026-03-21T00:02:19","modified_gmt":"2026-03-20T23:02:19","slug":"bookingpress-paystack-payment-gateway","status":"publish","type":"product","link":"https:\/\/gpl-love.com\/fr\/produit\/bookingpress-paystack-payment-gateway\/","title":{"rendered":"BookingPress Paystack Payment Gateway 1.6"},"content":{"rendered":"<h3>BookingPress Paystack Payment Gateway Traits<\/h3>\n<p>Am\u00e9liorez votre syst\u00e8me de r\u00e9servation en ligne avec la passerelle de paiement Paystack pour BookingPress, la solution id\u00e9ale pour des transactions financi\u00e8res fluides. Sp\u00e9cialement con\u00e7ue pour les utilisateurs de BookingPress, cette extension int\u00e8gre la plateforme de paiement s\u00e9curis\u00e9e Paystack directement sur votre site, offrant ainsi une exp\u00e9rience de paiement optimale \u00e0 vos clients.<\/p>\n<p>Avec l&rsquo;extension Paystack pour BookingPress, configurer Paystack dans BookingPress est un jeu d&rsquo;enfant. Que ce soit votre premi\u00e8re configuration ou une mise \u00e0 niveau efficace de vos paiements, notre extension garantit une int\u00e9gration sans tracas. La configuration des paiements Paystack pour BookingPress est intuitive et vous permet de g\u00e9rer vos transactions facilement, sans connaissances techniques.<\/p>\n<p>La passerelle Paystack pour BookingPress am\u00e9liore non seulement les fonctionnalit\u00e9s de votre site, mais renforce \u00e9galement la confiance de vos clients gr\u00e2ce \u00e0 ses robustes fonctionnalit\u00e9s de s\u00e9curit\u00e9. Profitez des avantages de l&rsquo;int\u00e9gration des paiements Paystack dans BookingPress\u00a0: traitement rapide des transactions, large choix de moyens de paiement et suivi en temps r\u00e9el.<\/p>\n<ul>\n<li>Int\u00e9gration fluide avec BookingPress pour l&rsquo;acceptation des paiements<\/li>\n<li><\/li>\n<li>Prise en charge de plusieurs modes de paiement, dont les cartes, les comptes bancaires et l&rsquo;USSD<\/li>\n<li><\/li>\n<li>Traitement des transactions en temps r\u00e9el<\/li>\n<li>Passerelle de paiement s\u00e9curis\u00e9e avec chiffrement SSL<\/li>\n<li>Installation et configuration faciles<\/li>\n<li>Prise en charge de plusieurs devises<\/li>\n<li>Protection antifraude compl\u00e8te<\/li>\n<li>Rapports de transactions d\u00e9taill\u00e9s pour un rapprochement simplifi\u00e9<\/li>\n<li>Interface conviviale pour les administrateurs et les clients<\/li>\n<li>Assistance client fiable de Paystack<\/li>\n<\/ul>\n","protected":false},"excerpt":{"rendered":"<p>D\u00e9couvrez la passerelle de paiement Paystack pour BookingPress, la solution id\u00e9ale pour des paiements Paystack fluides et int\u00e9gr\u00e9s \u00e0 BookingPress. Gr\u00e2ce \u00e0 notre plugin Paystack BookingPress intuitif, int\u00e9grer la passerelle de paiement Paystack \u00e0 votre syst\u00e8me BookingPress n&rsquo;a jamais \u00e9t\u00e9 aussi simple. Profitez de transactions sans tracas et optimisez les fonctionnalit\u00e9s de votre site web gr\u00e2ce \u00e0 notre int\u00e9gration performante des paiements Paystack. Configurer Paystack dans BookingPress est un jeu d&rsquo;enfant, garantissant une installation et un fonctionnement sans faille. Optimisez votre syst\u00e8me de r\u00e9servation gr\u00e2ce \u00e0 la configuration s\u00e9curis\u00e9e et fiable des paiements Paystack pour BookingPress, con\u00e7ue pour simplifier vos processus de paiement et am\u00e9liorer l&rsquo;exp\u00e9rience client. Passez d\u00e8s aujourd&rsquo;hui \u00e0 la passerelle de paiement Paystack pour BookingPress et b\u00e9n\u00e9ficiez de transactions plus fluides et d&rsquo;un service de meilleure qualit\u00e9.<\/p>\n","protected":false},"featured_media":146977,"comment_status":"open","ping_status":"open","template":"","meta":[],"product_brand":[2778],"product_cat":[1182,1401,1181],"product_tag":[2371],"class_list":{"0":"post-139142","1":"product","2":"type-product","3":"status-publish","4":"has-post-thumbnail","6":"product_brand-bookingpress","7":"product_cat-commerce-electronique-plugins","8":"product_cat-paiement-commerce-electronique-plugins","9":"product_cat-plugins","10":"product_tag-bookingpress","11":"member-discount","12":"discount-restricted","14":"first","15":"instock","16":"sale","17":"downloadable","18":"virtual","19":"sold-individually","20":"purchasable","21":"product-type-simple"},"_links":{"self":[{"href":"https:\/\/gpl-love.com\/fr\/wp-json\/wp\/v2\/product\/139142","targetHints":{"allow":["GET"]}}],"collection":[{"href":"https:\/\/gpl-love.com\/fr\/wp-json\/wp\/v2\/product"}],"about":[{"href":"https:\/\/gpl-love.com\/fr\/wp-json\/wp\/v2\/types\/product"}],"replies":[{"embeddable":true,"href":"https:\/\/gpl-love.com\/fr\/wp-json\/wp\/v2\/comments?post=139142"}],"wp:featuredmedia":[{"embeddable":true,"href":"https:\/\/gpl-love.com\/fr\/wp-json\/wp\/v2\/media\/146977"}],"wp:attachment":[{"href":"https:\/\/gpl-love.com\/fr\/wp-json\/wp\/v2\/media?parent=139142"}],"wp:term":[{"taxonomy":"product_brand","embeddable":true,"href":"https:\/\/gpl-love.com\/fr\/wp-json\/wp\/v2\/product_brand?post=139142"},{"taxonomy":"product_cat","embeddable":true,"href":"https:\/\/gpl-love.com\/fr\/wp-json\/wp\/v2\/product_cat?post=139142"},{"taxonomy":"product_tag","embeddable":true,"href":"https:\/\/gpl-love.com\/fr\/wp-json\/wp\/v2\/product_tag?post=139142"}],"curies":[{"name":"wp","href":"https:\/\/api.w.org\/{rel}","templated":true}]}}