{"id":139140,"date":"2025-05-20T00:00:00","date_gmt":"2025-05-19T22:00:00","guid":{"rendered":"https:\/\/gpl-love.com\/fr\/produit\/bookingpress-payumoney-payment-gateway\/"},"modified":"2026-05-13T12:31:09","modified_gmt":"2026-05-13T10:31:09","slug":"bookingpress-payumoney-payment-gateway","status":"publish","type":"product","link":"https:\/\/gpl-love.com\/fr\/produit\/bookingpress-payumoney-payment-gateway\/","title":{"rendered":"BookingPress PayUMoney Payment Gateway 1.5"},"content":{"rendered":"<h3>BookingPress PayUMoney Payment Gateway Traits<\/h3>\n<p>Optimisez l&rsquo;efficacit\u00e9 de votre entreprise gr\u00e2ce \u00e0 l&rsquo;int\u00e9gration fluide de BookingPress avec PayUMoney. Cette fonctionnalit\u00e9 performante est sp\u00e9cialement con\u00e7ue pour les professionnels et les entreprises souhaitant am\u00e9liorer l&rsquo;exp\u00e9rience client gr\u00e2ce \u00e0 des solutions de paiement en ligne BookingPress efficaces. Avec la passerelle de paiement PayUMoney pour BookingPress, offrez \u00e0 vos clients un moyen fiable et s\u00e9curis\u00e9 de r\u00e9gler leurs rendez-vous en ligne.<\/p>\n<p>Les paiements s\u00e9curis\u00e9s avec BookingPress PayUMoney garantissent la protection de chaque transaction, pour une tranquillit\u00e9 d&rsquo;esprit totale, tant pour vous que pour vos clients. Cette int\u00e9gration est extr\u00eamement conviviale et offre un processus de paiement simple et rapide directement depuis la plateforme BookingPress. Que vous soyez consultant, professionnel du bien-\u00eatre ou g\u00e9rant d&rsquo;une entreprise de services, la passerelle PayUMoney pour la prise de rendez-vous est la solution id\u00e9ale pour une gestion plus efficace de vos flux de tr\u00e9sorerie et de vos r\u00e9servations.<\/p>\n<p>Optez d\u00e8s aujourd&rsquo;hui pour la passerelle de paiement BookingPress PayUMoney et transformez votre exp\u00e9rience de prise de rendez-vous.<\/p>\n<ul>\n<li>Int\u00e9gration parfaite avec BookingPress pour un traitement simplifi\u00e9 des paiements<\/li>\n<li><\/li>\n<li>Prise en charge de plusieurs devises pour les transactions internationales<\/li>\n<li><\/li>\n<li>Environnement de paiement s\u00e9curis\u00e9 avec cryptage SSL<\/li>\n<li><\/li>\n<li>Suivi des transactions en temps r\u00e9el<\/li>\n<li><\/li>\n<li>Compatible avec toutes les principales cartes de cr\u00e9dit et de d\u00e9bit<\/li>\n<li><\/li>\n<li>Configuration rapide et facile, m\u00eame pour les utilisateurs novices<\/li>\n<li><\/li>\n<li>Tableau de bord intuitif pour la gestion des transactions<\/li>\n<li><\/li>\n<li>Gestion des remboursements et des annulations directement depuis le tableau de bord<\/li>\n<li><\/li>\n<li>Outils d&rsquo;analyse et de reporting d\u00e9taill\u00e9s<\/li>\n<li><\/li>\n<li>Assistance client disponible pour le d\u00e9pannage et les questions<\/li>\n<\/ul>\n","protected":false},"excerpt":{"rendered":"<p>D\u00e9couvrez l&rsquo;int\u00e9gration BookingPress PayUMoney, la solution id\u00e9ale pour des paiements en ligne fluides. Optimisez votre syst\u00e8me de r\u00e9servation de rendez-vous gr\u00e2ce \u00e0 la passerelle de paiement PayUMoney pour BookingPress, con\u00e7ue pour des transactions s\u00e9curis\u00e9es et efficaces. Notre int\u00e9gration garantit la s\u00e9curit\u00e9 de chaque paiement, vous permettant de g\u00e9rer votre activit\u00e9 en toute s\u00e9r\u00e9nit\u00e9. Avec les solutions de paiement en ligne BookingPress, offrez \u00e0 vos clients une exp\u00e9rience de paiement fiable et s\u00e9curis\u00e9e gr\u00e2ce \u00e0 la passerelle PayUMoney. Simplifiez vos r\u00e9servations et vos paiements d\u00e8s aujourd&rsquo;hui avec la passerelle de paiement BookingPress PayUMoney\u00a0: l&rsquo;alliance parfaite de la simplicit\u00e9 et de la s\u00e9curit\u00e9.<\/p>\n","protected":false},"featured_media":146976,"comment_status":"open","ping_status":"open","template":"","meta":[],"product_brand":[2778],"product_cat":[1182,1401,1181],"product_tag":[2371],"class_list":{"0":"post-139140","1":"product","2":"type-product","3":"status-publish","4":"has-post-thumbnail","6":"product_brand-bookingpress","7":"product_cat-commerce-electronique-plugins","8":"product_cat-paiement-commerce-electronique-plugins","9":"product_cat-plugins","10":"product_tag-bookingpress","11":"member-discount","12":"discount-restricted","14":"first","15":"instock","16":"sale","17":"downloadable","18":"virtual","19":"sold-individually","20":"purchasable","21":"product-type-simple"},"_links":{"self":[{"href":"https:\/\/gpl-love.com\/fr\/wp-json\/wp\/v2\/product\/139140","targetHints":{"allow":["GET"]}}],"collection":[{"href":"https:\/\/gpl-love.com\/fr\/wp-json\/wp\/v2\/product"}],"about":[{"href":"https:\/\/gpl-love.com\/fr\/wp-json\/wp\/v2\/types\/product"}],"replies":[{"embeddable":true,"href":"https:\/\/gpl-love.com\/fr\/wp-json\/wp\/v2\/comments?post=139140"}],"wp:featuredmedia":[{"embeddable":true,"href":"https:\/\/gpl-love.com\/fr\/wp-json\/wp\/v2\/media\/146976"}],"wp:attachment":[{"href":"https:\/\/gpl-love.com\/fr\/wp-json\/wp\/v2\/media?parent=139140"}],"wp:term":[{"taxonomy":"product_brand","embeddable":true,"href":"https:\/\/gpl-love.com\/fr\/wp-json\/wp\/v2\/product_brand?post=139140"},{"taxonomy":"product_cat","embeddable":true,"href":"https:\/\/gpl-love.com\/fr\/wp-json\/wp\/v2\/product_cat?post=139140"},{"taxonomy":"product_tag","embeddable":true,"href":"https:\/\/gpl-love.com\/fr\/wp-json\/wp\/v2\/product_tag?post=139140"}],"curies":[{"name":"wp","href":"https:\/\/api.w.org\/{rel}","templated":true}]}}