{"id":139136,"date":"2026-04-21T00:00:00","date_gmt":"2026-04-20T22:00:00","guid":{"rendered":"https:\/\/gpl-love.com\/fr\/produit\/bookingpress-recurring-appointments\/"},"modified":"2026-04-21T18:31:21","modified_gmt":"2026-04-21T16:31:21","slug":"bookingpress-recurring-appointments","status":"publish","type":"product","link":"https:\/\/gpl-love.com\/fr\/produit\/bookingpress-recurring-appointments\/","title":{"rendered":"BookingPress Recurring Appointments 2.4"},"content":{"rendered":"<h3>BookingPress Recurring Appointments Traits<\/h3>\n<p>Optimisez votre temps avec les rendez-vous r\u00e9currents BookingPress<\/p>\n<p>Planifiez vos rendez-vous en toute simplicit\u00e9 avec BookingPress, la solution id\u00e9ale pour la gestion de vos rendez-vous r\u00e9currents. Notre application de planification de rendez-vous BookingPress est con\u00e7ue pour g\u00e9rer efficacement vos rendez-vous r\u00e9guliers et vous garantir une organisation sans faille. Gr\u00e2ce \u00e0 son syst\u00e8me de r\u00e9servation en ligne sophistiqu\u00e9, la gestion de votre calendrier n&rsquo;a jamais \u00e9t\u00e9 aussi simple.<\/p>\n<p>Automatisez vos rendez-vous r\u00e9currents avec BookingPress et laissez notre syst\u00e8me de r\u00e9servation automatis\u00e9 prendre en charge la saisie manuelle fastidieuse. Id\u00e9al pour les entreprises et les professionnels, ce logiciel de planification de rendez-vous r\u00e9currents s&rsquo;adapte \u00e0 vos besoins sp\u00e9cifiques, offrant flexibilit\u00e9 et fiabilit\u00e9.<\/p>\n<p>L&rsquo;application de planification BookingPress n&rsquo;est pas qu&rsquo;un simple outil\u00a0; c&rsquo;est votre assistant personnel qui simplifie la gestion de vos rendez-vous et vous lib\u00e8re un temps pr\u00e9cieux. Qu&rsquo;il s&rsquo;agisse de rendez-vous quotidiens, hebdomadaires ou mensuels, BookingPress est la plateforme id\u00e9ale pour vos rendez-vous r\u00e9guliers.<\/p>\n<p>Rejoignez les milliers de personnes qui ont d\u00e9j\u00e0 optimis\u00e9 leur processus de prise de rendez-vous. Choisissez d\u00e8s aujourd&rsquo;hui le syst\u00e8me de prise de rendez-vous en ligne BookingPress et transformez votre exp\u00e9rience de planification. L&rsquo;efficacit\u00e9 est \u00e0 port\u00e9e de clic\u00a0!<\/p>\n<ul>\n<li>Simplifie la r\u00e9servation de rendez-vous r\u00e9currents<\/li>\n<li>Fr\u00e9quence personnalisable (quotidienne, hebdomadaire, mensuelle, etc.)<\/li>\n<li>Rappels automatiques pour les clients et les prestataires<\/li>\n<li>Int\u00e9gration avec les calendriers les plus courants (Google, Outlook, etc.)<\/li>\n<li>Permet aux clients de reporter ou d&rsquo;annuler facilement leurs rendez-vous<\/li>\n<li>G\u00e8re plusieurs prestataires et lieux<\/li>\n<li>Offre des passerelles de paiement s\u00e9curis\u00e9es pour les pr\u00e9paiements et les acomptes<\/li>\n<li>Fournit des rapports et des analyses d\u00e9taill\u00e9s sur les tendances de r\u00e9servation<\/li>\n<li>Interface mobile optimis\u00e9e pour r\u00e9server o\u00f9 que vous soyez<\/li>\n<li>Options de personnalisation de la marque pour refl\u00e9ter votre identit\u00e9 visuelle<\/li>\n<\/ul>\n","protected":false},"excerpt":{"rendered":"<p>D\u00e9couvrez BookingPress Rendez-vous r\u00e9currents, la solution id\u00e9ale pour simplifier la gestion de vos rendez-vous. Notre outil performant de planification de rendez-vous BookingPress simplifie la gestion des rendez-vous r\u00e9guliers, ce qui le rend parfait pour les entreprises et les professionnels. Gr\u00e2ce \u00e0 notre syst\u00e8me de r\u00e9servation en ligne pour les rendez-vous r\u00e9currents, vous pouvez automatiser facilement ces derniers, \u00e9vitant ainsi les doubles r\u00e9servations et les conflits d&rsquo;horaires. L&rsquo;application de planification BookingPress est con\u00e7ue pour optimiser votre efficacit\u00e9, permettant une int\u00e9gration fluide du logiciel de planification de s\u00e9ances r\u00e9currentes \u00e0 votre flux de travail. Profitez de la simplicit\u00e9 de notre syst\u00e8me de r\u00e9servation automatis\u00e9 BookingPress et transformez la gestion de vos r\u00e9servations gr\u00e2ce \u00e0 notre syst\u00e8me de rendez-vous en ligne BookingPress \u00e0 la pointe de la technologie. Optimisez votre temps et am\u00e9liorez la satisfaction client avec BookingPress\u00a0!<\/p>\n","protected":false},"featured_media":146974,"comment_status":"open","ping_status":"open","template":"","meta":[],"product_brand":[2778],"product_cat":[1189,1181,1186],"product_tag":[2371],"class_list":{"0":"post-139136","1":"product","2":"type-product","3":"status-publish","4":"has-post-thumbnail","6":"product_brand-bookingpress","7":"product_cat-personnalisation","8":"product_cat-plugins","9":"product_cat-wordpress-plugins","10":"product_tag-bookingpress","11":"member-discount","12":"discount-restricted","14":"first","15":"instock","16":"sale","17":"downloadable","18":"virtual","19":"sold-individually","20":"purchasable","21":"product-type-simple"},"_links":{"self":[{"href":"https:\/\/gpl-love.com\/fr\/wp-json\/wp\/v2\/product\/139136","targetHints":{"allow":["GET"]}}],"collection":[{"href":"https:\/\/gpl-love.com\/fr\/wp-json\/wp\/v2\/product"}],"about":[{"href":"https:\/\/gpl-love.com\/fr\/wp-json\/wp\/v2\/types\/product"}],"replies":[{"embeddable":true,"href":"https:\/\/gpl-love.com\/fr\/wp-json\/wp\/v2\/comments?post=139136"}],"wp:featuredmedia":[{"embeddable":true,"href":"https:\/\/gpl-love.com\/fr\/wp-json\/wp\/v2\/media\/146974"}],"wp:attachment":[{"href":"https:\/\/gpl-love.com\/fr\/wp-json\/wp\/v2\/media?parent=139136"}],"wp:term":[{"taxonomy":"product_brand","embeddable":true,"href":"https:\/\/gpl-love.com\/fr\/wp-json\/wp\/v2\/product_brand?post=139136"},{"taxonomy":"product_cat","embeddable":true,"href":"https:\/\/gpl-love.com\/fr\/wp-json\/wp\/v2\/product_cat?post=139136"},{"taxonomy":"product_tag","embeddable":true,"href":"https:\/\/gpl-love.com\/fr\/wp-json\/wp\/v2\/product_tag?post=139136"}],"curies":[{"name":"wp","href":"https:\/\/api.w.org\/{rel}","templated":true}]}}