{"id":139134,"date":"2025-05-20T00:00:00","date_gmt":"2025-05-19T22:00:00","guid":{"rendered":"https:\/\/gpl-love.com\/fr\/produit\/bookingpress-skrill-payment-gateway\/"},"modified":"2026-05-13T12:31:08","modified_gmt":"2026-05-13T10:31:08","slug":"bookingpress-skrill-payment-gateway","status":"publish","type":"product","link":"https:\/\/gpl-love.com\/fr\/produit\/bookingpress-skrill-payment-gateway\/","title":{"rendered":"BookingPress Skrill Payment Gateway 1.5"},"content":{"rendered":"<h3>BookingPress Skrill Payment Gateway Traits<\/h3>\n<p>Simplifiez les transactions de paiement sur votre site BookingPress gr\u00e2ce \u00e0 l&rsquo;int\u00e9gration de la passerelle de paiement Skrill\u00a0! Id\u00e9al pour les entreprises de toutes tailles, ce module performant vous permet de configurer facilement Skrill dans BookingPress, offrant ainsi \u00e0 vos clients la possibilit\u00e9 d&rsquo;effectuer des paiements s\u00e9curis\u00e9s et rapides en quelques clics.<\/p>\n<p>Avec la configuration des paiements Skrill pour BookingPress, \u00e9largissez vos options de paiement pour plus de praticit\u00e9 et une exp\u00e9rience utilisateur optimale. Que vos clients pr\u00e9f\u00e8rent les cartes bancaires, les virements ou les portefeuilles \u00e9lectroniques, la plateforme polyvalente de Skrill prend en charge un large \u00e9ventail de m\u00e9thodes de paiement, garantissant des transactions fluides et sans tracas.<\/p>\n<p>Configurer la passerelle de paiement Skrill pour BookingPress est simple. Notre guide pratique vous accompagne dans l&rsquo;int\u00e9gration de Skrill \u00e0 votre syst\u00e8me, sans aucune complexit\u00e9 technique. Cette int\u00e9gration am\u00e9liore votre efficacit\u00e9 op\u00e9rationnelle et renforce la s\u00e9curit\u00e9 de vos paiements gr\u00e2ce au cryptage robuste de Skrill.<\/p>\n<ul>\n<li>Int\u00e9gration parfaite avec le plugin BookingPress<\/li>\n<li>Paiements s\u00e9curis\u00e9s via Skrill<\/li>\n<li>Prise en charge de plusieurs devises pour les transactions internationales<\/li>\n<li>Finition rapide pour une exp\u00e9rience utilisateur optimis\u00e9e<\/li>\n<li>Pr\u00e9vention de la fraude et gestion des risques<\/li>\n<li>Configuration et gestion simplifi\u00e9es depuis l&rsquo;interface BookingPress<\/li>\n<li>Remboursements directs depuis le tableau de bord BookingPress<\/li>\n<li>Compatible avec les principales cartes de cr\u00e9dit et le portefeuille Skrill<\/li>\n<li>Suivi des transactions en temps r\u00e9el dans BookingPress<\/li>\n<li>Renforcement de la confiance des clients gr\u00e2ce \u00e0 la fiabilit\u00e9 du service de paiement Skrill<\/li>\n<\/ul>\n","protected":false},"excerpt":{"rendered":"<p>D\u00e9couvrez l&rsquo;int\u00e9gration Skrill pour BookingPress, la solution id\u00e9ale pour vos paiements en ligne\u00a0! Simplifiez vos transactions gr\u00e2ce \u00e0 la passerelle de paiement Skrill pour BookingPress, con\u00e7ue pour optimiser l&rsquo;efficacit\u00e9 de votre syst\u00e8me de r\u00e9servation. La configuration est un jeu d&rsquo;enfant\u00a0: avec notre outil de configuration Skrill pour BookingPress, vous pouvez int\u00e9grer Skrill \u00e0 BookingPress en un clin d&rsquo;\u0153il. Cette int\u00e9gration simplifie et s\u00e9curise le traitement des paiements, garantissant ainsi une exp\u00e9rience fluide et fiable. Optez pour les solutions de paiement Skrill pour BookingPress et offrez \u00e0 vos clients une exp\u00e9rience optimale gr\u00e2ce \u00e0 une passerelle de paiement fiable et intuitive. La solution id\u00e9ale pour les entreprises souhaitant diversifier leurs options de paiement et am\u00e9liorer la satisfaction client.<\/p>\n","protected":false},"featured_media":146973,"comment_status":"open","ping_status":"open","template":"","meta":[],"product_brand":[2778],"product_cat":[1182,1401,1181],"product_tag":[2371],"class_list":{"0":"post-139134","1":"product","2":"type-product","3":"status-publish","4":"has-post-thumbnail","6":"product_brand-bookingpress","7":"product_cat-commerce-electronique-plugins","8":"product_cat-paiement-commerce-electronique-plugins","9":"product_cat-plugins","10":"product_tag-bookingpress","11":"member-discount","12":"discount-restricted","14":"first","15":"instock","16":"sale","17":"downloadable","18":"virtual","19":"sold-individually","20":"purchasable","21":"product-type-simple"},"_links":{"self":[{"href":"https:\/\/gpl-love.com\/fr\/wp-json\/wp\/v2\/product\/139134","targetHints":{"allow":["GET"]}}],"collection":[{"href":"https:\/\/gpl-love.com\/fr\/wp-json\/wp\/v2\/product"}],"about":[{"href":"https:\/\/gpl-love.com\/fr\/wp-json\/wp\/v2\/types\/product"}],"replies":[{"embeddable":true,"href":"https:\/\/gpl-love.com\/fr\/wp-json\/wp\/v2\/comments?post=139134"}],"wp:featuredmedia":[{"embeddable":true,"href":"https:\/\/gpl-love.com\/fr\/wp-json\/wp\/v2\/media\/146973"}],"wp:attachment":[{"href":"https:\/\/gpl-love.com\/fr\/wp-json\/wp\/v2\/media?parent=139134"}],"wp:term":[{"taxonomy":"product_brand","embeddable":true,"href":"https:\/\/gpl-love.com\/fr\/wp-json\/wp\/v2\/product_brand?post=139134"},{"taxonomy":"product_cat","embeddable":true,"href":"https:\/\/gpl-love.com\/fr\/wp-json\/wp\/v2\/product_cat?post=139134"},{"taxonomy":"product_tag","embeddable":true,"href":"https:\/\/gpl-love.com\/fr\/wp-json\/wp\/v2\/product_tag?post=139134"}],"curies":[{"name":"wp","href":"https:\/\/api.w.org\/{rel}","templated":true}]}}