{"id":139132,"date":"2026-04-07T00:00:00","date_gmt":"2026-04-06T22:00:00","guid":{"rendered":"https:\/\/gpl-love.com\/fr\/produit\/bookingpress-sms-notification\/"},"modified":"2026-04-18T06:33:30","modified_gmt":"2026-04-18T04:33:30","slug":"bookingpress-sms-notification","status":"publish","type":"product","link":"https:\/\/gpl-love.com\/fr\/produit\/bookingpress-sms-notification\/","title":{"rendered":"BookingPress SMS Notification 2.6"},"content":{"rendered":"<h3>BookingPress SMS Notification Traits<\/h3>\n<p>Am\u00e9liorez l&rsquo;exp\u00e9rience client avec les notifications SMS BookingPress<\/p>\n<p>Pr\u00eat \u00e0 r\u00e9volutionner votre communication avec vos clients\u00a0? Les notifications SMS BookingPress sont l&rsquo;outil id\u00e9al pour une communication fluide. Ce syst\u00e8me performant garantit qu&rsquo;aucun rendez-vous ne passe inaper\u00e7u. Gr\u00e2ce aux rappels de rendez-vous BookingPress, r\u00e9duisez les absences et assurez un planning impeccable et ponctuel.<\/p>\n<p>Transformez l&rsquo;envoi de vos confirmations de r\u00e9servation BookingPress par SMS. Notre syst\u00e8me vous permet non seulement de confirmer efficacement les rendez-vous, mais aussi d&rsquo;envoyer des alertes mobiles BookingPress en temps opportun, pour tenir vos clients inform\u00e9s et engag\u00e9s. La configuration est un jeu d&rsquo;enfant gr\u00e2ce \u00e0 notre guide intuitif de configuration des notifications SMS BookingPress, con\u00e7u pour vous faire gagner du temps et vous simplifier la vie.<\/p>\n<p>Personnalisez vos notifications SMS BookingPress pour qu&rsquo;elles refl\u00e8tent parfaitement votre image de marque et votre style. Chaque message est \u00e0 la fois personnel et professionnel. Rappel, confirmation ou alerte\u00a0: assurez-vous qu&rsquo;il refl\u00e8te parfaitement votre marque.<\/p>\n<p>Ne laissez pas votre entreprise prendre du retard en mati\u00e8re de communication client. Passez aux notifications SMS BookingPress d\u00e8s aujourd&rsquo;hui\u00a0!<\/p>\n<ul>\n<li>Notifications SMS instantan\u00e9es pour les r\u00e9servations, annulations et reports<\/li>\n<li>Mod\u00e8les de messages personnalisables pour une communication sur mesure<\/li>\n<li>Prise en charge de plusieurs langues pour une utilisation internationale<\/li>\n<li>Int\u00e9gration avec les principales passerelles SMS pour une distribution fiable<\/li>\n<li>Fonction de messagerie programm\u00e9e pour planifier les rappels<\/li>\n<li>Rapports de distribution en temps r\u00e9el pour suivre l&rsquo;\u00e9tat des SMS<\/li>\n<li>Option d&rsquo;inscription\/d\u00e9sinscription permettant aux clients de s&rsquo;abonner ou de se d\u00e9sabonner des alertes SMS<\/li>\n<li>Compatible avec les appareils Android et iOS<\/li>\n<li>Configuration facile et interface intuitive<\/li>\n<li>Gestion s\u00e9curis\u00e9e des donn\u00e9es et conformit\u00e9 \u00e0 la r\u00e9glementation sur la protection de la vie priv\u00e9e<\/li>\n<\/ul>\n","protected":false},"excerpt":{"rendered":"<p>D\u00e9couvrez le syst\u00e8me de notifications SMS de BookingPress, la solution id\u00e9ale pour une communication fluide\u00a0! Am\u00e9liorez votre exp\u00e9rience BookingPress gr\u00e2ce aux notifications SMS personnalisables. Vos clients recevront ainsi des rappels de rendez-vous, des confirmations de r\u00e9servation et des alertes mobiles directement sur leur t\u00e9l\u00e9phone. Configurer les notifications SMS avec BookingPress est un jeu d&rsquo;enfant\u00a0: restez inform\u00e9 et gardez vos clients en contact avec vous. Confirmation de rendez-vous ou envoi de rappels\u00a0: notre syst\u00e8me de notifications SMS pour BookingPress simplifie plus que jamais le maintien d&rsquo;un excellent service client et la simplification de votre processus de r\u00e9servation. Passez d\u00e8s aujourd&rsquo;hui \u00e0 BookingPress avec notre syst\u00e8me de notifications SMS et transformez votre relation client\u00a0!<\/p>\n","protected":false},"featured_media":146972,"comment_status":"open","ping_status":"open","template":"","meta":[],"product_brand":[2778],"product_cat":[1207,1181,1186],"product_tag":[2371],"class_list":{"0":"post-139132","1":"product","2":"type-product","3":"status-publish","4":"has-post-thumbnail","6":"product_brand-bookingpress","7":"product_cat-commercialisation-wordpress-plugins","8":"product_cat-plugins","9":"product_cat-wordpress-plugins","10":"product_tag-bookingpress","11":"member-discount","12":"discount-restricted","14":"first","15":"instock","16":"sale","17":"downloadable","18":"virtual","19":"sold-individually","20":"purchasable","21":"product-type-simple"},"_links":{"self":[{"href":"https:\/\/gpl-love.com\/fr\/wp-json\/wp\/v2\/product\/139132","targetHints":{"allow":["GET"]}}],"collection":[{"href":"https:\/\/gpl-love.com\/fr\/wp-json\/wp\/v2\/product"}],"about":[{"href":"https:\/\/gpl-love.com\/fr\/wp-json\/wp\/v2\/types\/product"}],"replies":[{"embeddable":true,"href":"https:\/\/gpl-love.com\/fr\/wp-json\/wp\/v2\/comments?post=139132"}],"wp:featuredmedia":[{"embeddable":true,"href":"https:\/\/gpl-love.com\/fr\/wp-json\/wp\/v2\/media\/146972"}],"wp:attachment":[{"href":"https:\/\/gpl-love.com\/fr\/wp-json\/wp\/v2\/media?parent=139132"}],"wp:term":[{"taxonomy":"product_brand","embeddable":true,"href":"https:\/\/gpl-love.com\/fr\/wp-json\/wp\/v2\/product_brand?post=139132"},{"taxonomy":"product_cat","embeddable":true,"href":"https:\/\/gpl-love.com\/fr\/wp-json\/wp\/v2\/product_cat?post=139132"},{"taxonomy":"product_tag","embeddable":true,"href":"https:\/\/gpl-love.com\/fr\/wp-json\/wp\/v2\/product_tag?post=139132"}],"curies":[{"name":"wp","href":"https:\/\/api.w.org\/{rel}","templated":true}]}}