{"id":139122,"date":"2024-05-07T00:00:00","date_gmt":"2024-05-06T22:00:00","guid":{"rendered":"https:\/\/gpl-love.com\/fr\/produit\/bookingpress-two-checkout-payment-gateway\/"},"modified":"2026-04-21T06:32:55","modified_gmt":"2026-04-21T04:32:55","slug":"bookingpress-two-checkout-payment-gateway","status":"publish","type":"product","link":"https:\/\/gpl-love.com\/fr\/produit\/bookingpress-two-checkout-payment-gateway\/","title":{"rendered":"BookingPress Two Checkout Payment Gateway 1.2"},"content":{"rendered":"<h3>BookingPress Two Checkout Payment Gateway Traits<\/h3>\n<p>Am\u00e9liorez votre plateforme BookingPress avec la solution de paiement id\u00e9ale\u00a0: la passerelle de paiement Two Checkout. L&rsquo;int\u00e9gration de cet outil performant optimise votre site en offrant une passerelle de paiement fluide et s\u00e9curis\u00e9e aux utilisateurs de BookingPress. La configuration est simple et rapide, vous permettant d&rsquo;\u00eatre op\u00e9rationnel en un clin d&rsquo;\u0153il.<\/p>\n<p>Cette int\u00e9gration propose un large \u00e9ventail d&rsquo;options de paiement BookingPress, facilitant ainsi les transactions s\u00e9curis\u00e9es et fiables pour vos clients. Avec la passerelle de paiement Two Checkout, vous b\u00e9n\u00e9ficiez de mesures de s\u00e9curit\u00e9 robustes qui prot\u00e8gent les informations sensibles, offrant \u00e0 vos clients une tranquillit\u00e9 d&rsquo;esprit lors de leurs achats en ligne.<\/p>\n<p>Id\u00e9ale pour les entreprises \u00e0 la recherche de solutions de paiement en ligne fiables pour BookingPress, cette passerelle prend en charge de nombreux modes de paiement, garantissant ainsi l&rsquo;accessibilit\u00e9 de votre service \u00e0 un public plus large. Optimisez votre plateforme BookingPress avec Two Checkout et profitez d&rsquo;un processus de paiement plus fluide et plus fiable.<\/p>\n<ul>\n<li>Int\u00e9gration fluide avec BookingPress pour un traitement des paiements simplifi\u00e9<\/li>\n<li><\/li>\n<li>Prise en charge de plusieurs devises pour les transactions internationales<\/li>\n<li><\/li>\n<li>Permet d&rsquo;accepter des paiements s\u00e9curis\u00e9s par carte bancaire directement sur votre site<\/li>\n<li><\/li>\n<li>Interface conviviale pour une gestion simplifi\u00e9e des transactions<\/li>\n<li><\/li>\n<li>Autorisation de paiement en temps r\u00e9el<\/li>\n<li><\/li>\n<li>Conforme aux normes PCI DSS pour une s\u00e9curit\u00e9 optimale<\/li>\n<li><\/li>\n<li>Compatible avec les principales cartes bancaires, notamment Visa, MasterCard et American Express<\/li>\n<li><\/li>\n<li>Outils de protection contre la fraude et de gestion des risques<\/li>\n<li><\/li>\n<li>Prise en charge des paiements ponctuels et r\u00e9currents<\/li>\n<li><\/li>\n<li>Installation rapide et facile, avec des pr\u00e9requis techniques minimaux<\/li>\n<\/ul>\n","protected":false},"excerpt":{"rendered":"<p>Am\u00e9liorez votre exp\u00e9rience BookingPress gr\u00e2ce \u00e0 l&rsquo;int\u00e9gration de la passerelle de paiement Two Checkout\u00a0! Cette passerelle de paiement s\u00e9curis\u00e9e pour BookingPress simplifie vos transactions et \u00e9largit vos options de paiement. En configurant la passerelle de paiement Two Checkout pour BookingPress, vous offrez \u00e0 vos clients des solutions de paiement en ligne fiables et s\u00e9curis\u00e9es. Optimisez votre plateforme BookingPress avec Two Checkout et profitez d&rsquo;un processus de paiement fluide et efficace. Lancez-vous d\u00e8s aujourd&rsquo;hui et optimisez votre syst\u00e8me de r\u00e9servation gr\u00e2ce \u00e0 l&rsquo;int\u00e9gration de la passerelle de paiement Two Checkout, fiable et polyvalente\u00a0!<\/p>\n","protected":false},"featured_media":146967,"comment_status":"open","ping_status":"open","template":"","meta":[],"product_brand":[2778],"product_cat":[1182,1401,1181],"product_tag":[2371],"class_list":{"0":"post-139122","1":"product","2":"type-product","3":"status-publish","4":"has-post-thumbnail","6":"product_brand-bookingpress","7":"product_cat-commerce-electronique-plugins","8":"product_cat-paiement-commerce-electronique-plugins","9":"product_cat-plugins","10":"product_tag-bookingpress","11":"member-discount","12":"discount-restricted","14":"first","15":"instock","16":"sale","17":"downloadable","18":"virtual","19":"sold-individually","20":"purchasable","21":"product-type-simple"},"_links":{"self":[{"href":"https:\/\/gpl-love.com\/fr\/wp-json\/wp\/v2\/product\/139122","targetHints":{"allow":["GET"]}}],"collection":[{"href":"https:\/\/gpl-love.com\/fr\/wp-json\/wp\/v2\/product"}],"about":[{"href":"https:\/\/gpl-love.com\/fr\/wp-json\/wp\/v2\/types\/product"}],"replies":[{"embeddable":true,"href":"https:\/\/gpl-love.com\/fr\/wp-json\/wp\/v2\/comments?post=139122"}],"wp:featuredmedia":[{"embeddable":true,"href":"https:\/\/gpl-love.com\/fr\/wp-json\/wp\/v2\/media\/146967"}],"wp:attachment":[{"href":"https:\/\/gpl-love.com\/fr\/wp-json\/wp\/v2\/media?parent=139122"}],"wp:term":[{"taxonomy":"product_brand","embeddable":true,"href":"https:\/\/gpl-love.com\/fr\/wp-json\/wp\/v2\/product_brand?post=139122"},{"taxonomy":"product_cat","embeddable":true,"href":"https:\/\/gpl-love.com\/fr\/wp-json\/wp\/v2\/product_cat?post=139122"},{"taxonomy":"product_tag","embeddable":true,"href":"https:\/\/gpl-love.com\/fr\/wp-json\/wp\/v2\/product_tag?post=139122"}],"curies":[{"name":"wp","href":"https:\/\/api.w.org\/{rel}","templated":true}]}}