{"id":139120,"date":"2025-10-04T00:00:00","date_gmt":"2025-10-03T22:00:00","guid":{"rendered":"https:\/\/gpl-love.com\/fr\/produit\/bookingpress-waiting-list\/"},"modified":"2026-03-21T00:02:09","modified_gmt":"2026-03-20T23:02:09","slug":"bookingpress-waiting-list","status":"publish","type":"product","link":"https:\/\/gpl-love.com\/fr\/produit\/bookingpress-waiting-list\/","title":{"rendered":"BookingPress Waiting List 2.3"},"content":{"rendered":"<h3>BookingPress Waiting List Traits<\/h3>\n<p>Simplifiez la gestion des rendez-vous de votre entreprise avec BookingPress, l&rsquo;outil id\u00e9al pour une gestion efficace des listes d&rsquo;attente et la planification en ligne. Notre syst\u00e8me innovant de gestion des listes d&rsquo;attente BookingPress permet aux entreprises d&rsquo;ajouter facilement des clients \u00e0 une liste d&rsquo;attente, vous assurant ainsi de ne jamais manquer une occasion de les servir, m\u00eame aux heures de pointe.<\/p>\n<p>Gr\u00e2ce \u00e0 la fonctionnalit\u00e9 de planification des rendez-vous en ligne de BookingPress, vos clients peuvent r\u00e9server leur cr\u00e9neau horaire \u00e0 leur convenance, r\u00e9duisant ainsi les appels t\u00e9l\u00e9phoniques et les t\u00e2ches de r\u00e9servation manuelles. Les notifications automatis\u00e9es de BookingPress concernant les listes d&rsquo;attente tiennent vos clients inform\u00e9s en temps r\u00e9el, am\u00e9liorant ainsi leur satisfaction et leur engagement.<\/p>\n<p>G\u00e9rez efficacement les absences gr\u00e2ce \u00e0 BookingPress en proposant automatiquement les cr\u00e9neaux disponibles aux clients inscrits sur votre liste d&rsquo;attente. Cela optimise non seulement la disponibilit\u00e9 de vos services, mais assure \u00e9galement un flux constant de clients. Le syst\u00e8me de liste d&rsquo;attente de BookingPress est con\u00e7u pour s&rsquo;int\u00e9grer parfaitement \u00e0 vos outils existants, ce qui en fait un atout indispensable pour votre entreprise.<\/p>\n<ul>\n<li>Permet aux clients de s&rsquo;inscrire sur une liste d&rsquo;attente pour les services complets.<\/li>\n<li>Notifie automatiquement les clients lorsqu&rsquo;une place se lib\u00e8re.<\/li>\n<li>Int\u00e9gration fluide avec le syst\u00e8me de r\u00e9servation BookingPress.<\/li>\n<li>Gestion et priorisation simplifi\u00e9es des listes d&rsquo;attente.<\/li>\n<li>Messages de notification personnalisables pour une approche sur mesure.<\/li>\n<li>Fournit des analyses pour suivre la demande et les tendances des listes d&rsquo;attente.<\/li>\n<li>Prise en charge de plusieurs services et membres du personnel.<\/li>\n<li>Am\u00e9liore la satisfaction client en proposant des opportunit\u00e9s de r\u00e9servation.<\/li>\n<li>R\u00e9duit l&rsquo;impact des absences et des annulations de derni\u00e8re minute.<\/li>\n<li>Conception optimis\u00e9e pour les mobiles, pour les clients comme pour les administrateurs.<\/li>\n<\/ul>\n","protected":false},"excerpt":{"rendered":"<p>D\u00e9couvrez la puissance de BookingPress, la solution id\u00e9ale pour la prise de rendez-vous en ligne et la gestion des listes d&rsquo;attente. Notre plateforme offre une multitude de fonctionnalit\u00e9s, notamment la possibilit\u00e9 d&rsquo;ajouter des clients \u00e0 une liste d&rsquo;attente, d&rsquo;envoyer des notifications automatiques et de g\u00e9rer efficacement les absences. Le syst\u00e8me de r\u00e9servation BookingPress est con\u00e7u pour optimiser les listes d&rsquo;attente et garantir une exp\u00e9rience optimale aux entreprises comme \u00e0 leurs clients. Gr\u00e2ce \u00e0 nos outils et fonctionnalit\u00e9s innovants d&rsquo;int\u00e9gration des listes d&rsquo;attente, tels que la gestion automatis\u00e9e et les notifications, BookingPress permet aux entreprises d&rsquo;am\u00e9liorer leur service, de r\u00e9duire les temps d&rsquo;attente et d&rsquo;accro\u00eetre la satisfaction client. Passez \u00e0 BookingPress et transformez d\u00e8s aujourd&rsquo;hui la gestion de vos r\u00e9servations et listes d&rsquo;attente\u00a0!<\/p>\n","protected":false},"featured_media":146966,"comment_status":"open","ping_status":"open","template":"","meta":[],"product_brand":[2778],"product_cat":[1189,1181,1186],"product_tag":[2371],"class_list":{"0":"post-139120","1":"product","2":"type-product","3":"status-publish","4":"has-post-thumbnail","6":"product_brand-bookingpress","7":"product_cat-personnalisation","8":"product_cat-plugins","9":"product_cat-wordpress-plugins","10":"product_tag-bookingpress","11":"member-discount","12":"discount-restricted","14":"first","15":"instock","16":"sale","17":"downloadable","18":"virtual","19":"sold-individually","20":"purchasable","21":"product-type-simple"},"_links":{"self":[{"href":"https:\/\/gpl-love.com\/fr\/wp-json\/wp\/v2\/product\/139120","targetHints":{"allow":["GET"]}}],"collection":[{"href":"https:\/\/gpl-love.com\/fr\/wp-json\/wp\/v2\/product"}],"about":[{"href":"https:\/\/gpl-love.com\/fr\/wp-json\/wp\/v2\/types\/product"}],"replies":[{"embeddable":true,"href":"https:\/\/gpl-love.com\/fr\/wp-json\/wp\/v2\/comments?post=139120"}],"wp:featuredmedia":[{"embeddable":true,"href":"https:\/\/gpl-love.com\/fr\/wp-json\/wp\/v2\/media\/146966"}],"wp:attachment":[{"href":"https:\/\/gpl-love.com\/fr\/wp-json\/wp\/v2\/media?parent=139120"}],"wp:term":[{"taxonomy":"product_brand","embeddable":true,"href":"https:\/\/gpl-love.com\/fr\/wp-json\/wp\/v2\/product_brand?post=139120"},{"taxonomy":"product_cat","embeddable":true,"href":"https:\/\/gpl-love.com\/fr\/wp-json\/wp\/v2\/product_cat?post=139120"},{"taxonomy":"product_tag","embeddable":true,"href":"https:\/\/gpl-love.com\/fr\/wp-json\/wp\/v2\/product_tag?post=139120"}],"curies":[{"name":"wp","href":"https:\/\/api.w.org\/{rel}","templated":true}]}}