{"id":139118,"date":"2026-04-21T00:00:00","date_gmt":"2026-04-20T22:00:00","guid":{"rendered":"https:\/\/gpl-love.com\/fr\/produit\/bookingpress-whatsapp-notification\/"},"modified":"2026-04-21T18:31:20","modified_gmt":"2026-04-21T16:31:20","slug":"bookingpress-whatsapp-notification","status":"publish","type":"product","link":"https:\/\/gpl-love.com\/fr\/produit\/bookingpress-whatsapp-notification\/","title":{"rendered":"BookingPress WhatsApp Notification 2.8"},"content":{"rendered":"<h3>BookingPress WhatsApp Notification Traits<\/h3>\n<p>Am\u00e9liorez votre communication client gr\u00e2ce \u00e0 l&rsquo;int\u00e9gration des notifications WhatsApp de BookingPress\u00a0! Con\u00e7ue pour une utilisation simple et efficace, cette fonctionnalit\u00e9 vous permet de rester connect\u00e9 avec vos clients via la messagerie instantan\u00e9e WhatsApp. D\u00e9couvrez les nombreux avantages des notifications WhatsApp de BookingPress, notamment les mises \u00e0 jour et confirmations en temps r\u00e9el, la r\u00e9duction des absences et l&rsquo;am\u00e9lioration de la satisfaction client.<\/p>\n<p>La configuration est un jeu d&rsquo;enfant gr\u00e2ce \u00e0 notre guide pas \u00e0 pas des notifications WhatsApp de BookingPress. Apprenez \u00e0 utiliser les notifications WhatsApp de BookingPress gr\u00e2ce \u00e0 notre tutoriel simple qui vous accompagne \u00e0 chaque \u00e9tape, de l&rsquo;int\u00e9gration \u00e0 l&rsquo;optimisation. Que vous soyez d\u00e9butant ou utilisateur confirm\u00e9, notre guide et notre \u00e9quipe d&rsquo;assistance d\u00e9di\u00e9e aux notifications WhatsApp de BookingPress vous garantissent une exp\u00e9rience optimale.<\/p>\n<p>Explorez les nombreuses fonctionnalit\u00e9s personnalisables des notifications WhatsApp de BookingPress et envoyez automatiquement des messages personnalis\u00e9s. Restez inform\u00e9 des mises \u00e0 jour des notifications WhatsApp de BookingPress et disposez ainsi toujours des outils les plus r\u00e9cents pour optimiser vos services.<\/p>\n<ul>\n<li>Envoyez des notifications automatis\u00e9es directement sur WhatsApp \u00e0 vos clients.<\/li>\n<li><\/li>\n<li>Confirmations, rappels et annulations de r\u00e9servation pris en charge.<\/li>\n<li>Int\u00e9gration facile avec le plugin BookingPress.<\/li>\n<li>Une communication en temps r\u00e9el am\u00e9liore le service client.<\/li>\n<li>Mod\u00e8les de messages personnalisables pour une image de marque coh\u00e9rente.<\/li>\n<li>Disponible en plusieurs langues pour une port\u00e9e internationale.<\/li>\n<li>Messagerie s\u00e9curis\u00e9e et fiable. Possibilit\u00e9 de programmer les messages \u00e0 l&rsquo;avance.<\/li>\n<li>R\u00e9duisez les absences gr\u00e2ce \u00e0 des rappels opportuns.<\/li>\n<li>Solution \u00e9conomique pour am\u00e9liorer l&rsquo;engagement client.<\/li>\n<\/ul>\n","protected":false},"excerpt":{"rendered":"<p>D\u00e9couvrez la puissance d&rsquo;une communication fluide gr\u00e2ce \u00e0 la configuration des notifications WhatsApp de BookingPress\u00a0! Notre guide complet vous explique en toute simplicit\u00e9 comment utiliser les notifications WhatsApp de BookingPress et exploiter pleinement leurs fonctionnalit\u00e9s. B\u00e9n\u00e9ficiez de mises \u00e0 jour instantan\u00e9es et d&rsquo;une interaction client efficace en int\u00e9grant les notifications WhatsApp \u00e0 votre syst\u00e8me BookingPress. Ce tutoriel simplifie le processus et notre \u00e9quipe d&rsquo;assistance d\u00e9di\u00e9e est l\u00e0 pour r\u00e9pondre \u00e0 toutes vos questions. Gardez une longueur d&rsquo;avance gr\u00e2ce aux derni\u00e8res mises \u00e0 jour et conseils concernant les notifications WhatsApp de BookingPress pour optimiser votre strat\u00e9gie de notification. Lancez-vous d\u00e8s aujourd&rsquo;hui et transformez votre relation client\u00a0!<\/p>\n","protected":false},"featured_media":146965,"comment_status":"open","ping_status":"open","template":"","meta":[],"product_brand":[2778],"product_cat":[1207,1181,1186],"product_tag":[2371],"class_list":{"0":"post-139118","1":"product","2":"type-product","3":"status-publish","4":"has-post-thumbnail","6":"product_brand-bookingpress","7":"product_cat-commercialisation-wordpress-plugins","8":"product_cat-plugins","9":"product_cat-wordpress-plugins","10":"product_tag-bookingpress","11":"member-discount","12":"discount-restricted","14":"first","15":"instock","16":"sale","17":"downloadable","18":"virtual","19":"sold-individually","20":"purchasable","21":"product-type-simple"},"_links":{"self":[{"href":"https:\/\/gpl-love.com\/fr\/wp-json\/wp\/v2\/product\/139118","targetHints":{"allow":["GET"]}}],"collection":[{"href":"https:\/\/gpl-love.com\/fr\/wp-json\/wp\/v2\/product"}],"about":[{"href":"https:\/\/gpl-love.com\/fr\/wp-json\/wp\/v2\/types\/product"}],"replies":[{"embeddable":true,"href":"https:\/\/gpl-love.com\/fr\/wp-json\/wp\/v2\/comments?post=139118"}],"wp:featuredmedia":[{"embeddable":true,"href":"https:\/\/gpl-love.com\/fr\/wp-json\/wp\/v2\/media\/146965"}],"wp:attachment":[{"href":"https:\/\/gpl-love.com\/fr\/wp-json\/wp\/v2\/media?parent=139118"}],"wp:term":[{"taxonomy":"product_brand","embeddable":true,"href":"https:\/\/gpl-love.com\/fr\/wp-json\/wp\/v2\/product_brand?post=139118"},{"taxonomy":"product_cat","embeddable":true,"href":"https:\/\/gpl-love.com\/fr\/wp-json\/wp\/v2\/product_cat?post=139118"},{"taxonomy":"product_tag","embeddable":true,"href":"https:\/\/gpl-love.com\/fr\/wp-json\/wp\/v2\/product_tag?post=139118"}],"curies":[{"name":"wp","href":"https:\/\/api.w.org\/{rel}","templated":true}]}}