{"id":139116,"date":"2024-09-01T00:00:00","date_gmt":"2024-08-31T22:00:00","guid":{"rendered":"https:\/\/gpl-love.com\/fr\/produit\/bookingpress-woocommerce-payment-gateway\/"},"modified":"2026-03-21T00:02:07","modified_gmt":"2026-03-20T23:02:07","slug":"bookingpress-woocommerce-payment-gateway","status":"publish","type":"product","link":"https:\/\/gpl-love.com\/fr\/produit\/bookingpress-woocommerce-payment-gateway\/","title":{"rendered":"BookingPress WooCommerce Payment Gateway 2.1"},"content":{"rendered":"<h3>BookingPress WooCommerce Payment Gateway Traits<\/h3>\n<p>D\u00e9bloquez des solutions de paiement fluides avec la passerelle de paiement BookingPress pour WooCommerce, l&rsquo;int\u00e9gration id\u00e9ale pour vos services de r\u00e9servation. Cette passerelle de paiement WooCommerce robuste est sp\u00e9cialement con\u00e7ue pour BookingPress, simplifiant ainsi votre processus de paiement en ligne et am\u00e9liorant la satisfaction client.<\/p>\n<p>Transformez votre site web en une plateforme de r\u00e9servation performante gr\u00e2ce \u00e0 notre syst\u00e8me de paiement e-commerce BookingPress. Il est con\u00e7u pour g\u00e9rer toutes les transactions financi\u00e8res avec fluidit\u00e9, en garantissant s\u00e9curit\u00e9 et efficacit\u00e9. Que vous g\u00e9riez des r\u00e9servations d&rsquo;h\u00e9bergement, d&rsquo;\u00e9v\u00e9nements ou de services, cette int\u00e9gration r\u00e9pond \u00e0 tous vos besoins.<\/p>\n<p>Id\u00e9ale pour les PME, la passerelle de paiement BookingPress pour WooCommerce optimise vos op\u00e9rations en fournissant une solution de paiement en ligne fiable et performante. Profitez de la simplicit\u00e9 du e-commerce moderne avec une passerelle de paiement adapt\u00e9e aux services de r\u00e9servation. Offrez d\u00e8s aujourd&rsquo;hui \u00e0 vos clients une exp\u00e9rience de r\u00e9servation simplifi\u00e9e\u00a0!<\/p>\n<ul>\n<li>Int\u00e9gration parfaite avec WooCommerce pour des transactions simplifi\u00e9es<\/li>\n<li><\/li>\n<li>Compatible avec plusieurs passerelles de paiement, dont PayPal, Stripe et les cartes bancaires<\/li>\n<li><\/li>\n<li>Traitement s\u00e9curis\u00e9 des paiements gr\u00e2ce au chiffrement SSL<\/li>\n<li><\/li>\n<li>Gestion facile des r\u00e9servations et des paiements directement depuis votre tableau de bord WordPress<\/li>\n<li><\/li>\n<li>Options pour la mise en place d&rsquo;acomptes ou de paiements complets<\/li>\n<li>Notifications automatiques par e-mail en cas de paiement r\u00e9ussi<\/li>\n<li><\/li>\n<li>Compatible avec toutes les principales devises et tous les pays<\/li>\n<li>Formulaires de paiement personnalisables pour s&rsquo;harmoniser avec le style de votre site web<\/li>\n<li>Installation rapide avec une configuration minimale requise<\/li>\n<li>Gestion des remboursements et des annulations via l&rsquo;interface WooCommerce<\/li>\n<\/ul>\n","protected":false},"excerpt":{"rendered":"<p>D\u00e9couvrez BookingPress, la passerelle de paiement WooCommerce par excellence pour une int\u00e9gration fluide des paiements \u00e0 vos services de r\u00e9servation. Notre extension combine avec expertise les fonctionnalit\u00e9s de la passerelle de paiement WooCommerce, sp\u00e9cialement con\u00e7ues pour BookingPress, garantissant ainsi des transactions sans accroc. Gr\u00e2ce au paiement e-commerce BookingPress, offrez \u00e0 vos clients un large choix de solutions de paiement en ligne, am\u00e9liorez leur exp\u00e9rience et boostez vos ventes. Id\u00e9ale pour toute entreprise de services, cette int\u00e9gration prend en charge toutes les principales cartes et m\u00e9thodes de paiement, offrant une solution s\u00e9curis\u00e9e, fiable et efficace pour g\u00e9rer vos transactions. Optimisez votre plateforme de services d\u00e8s aujourd&rsquo;hui avec l&rsquo;int\u00e9gration de paiement BookingPress, la meilleure du march\u00e9\u00a0!<\/p>\n","protected":false},"featured_media":146964,"comment_status":"open","ping_status":"open","template":"","meta":[],"product_brand":[2778],"product_cat":[1182,1401,1181],"product_tag":[2371],"class_list":{"0":"post-139116","1":"product","2":"type-product","3":"status-publish","4":"has-post-thumbnail","6":"product_brand-bookingpress","7":"product_cat-commerce-electronique-plugins","8":"product_cat-paiement-commerce-electronique-plugins","9":"product_cat-plugins","10":"product_tag-bookingpress","11":"member-discount","12":"discount-restricted","14":"first","15":"instock","16":"sale","17":"downloadable","18":"virtual","19":"sold-individually","20":"purchasable","21":"product-type-simple"},"_links":{"self":[{"href":"https:\/\/gpl-love.com\/fr\/wp-json\/wp\/v2\/product\/139116","targetHints":{"allow":["GET"]}}],"collection":[{"href":"https:\/\/gpl-love.com\/fr\/wp-json\/wp\/v2\/product"}],"about":[{"href":"https:\/\/gpl-love.com\/fr\/wp-json\/wp\/v2\/types\/product"}],"replies":[{"embeddable":true,"href":"https:\/\/gpl-love.com\/fr\/wp-json\/wp\/v2\/comments?post=139116"}],"wp:featuredmedia":[{"embeddable":true,"href":"https:\/\/gpl-love.com\/fr\/wp-json\/wp\/v2\/media\/146964"}],"wp:attachment":[{"href":"https:\/\/gpl-love.com\/fr\/wp-json\/wp\/v2\/media?parent=139116"}],"wp:term":[{"taxonomy":"product_brand","embeddable":true,"href":"https:\/\/gpl-love.com\/fr\/wp-json\/wp\/v2\/product_brand?post=139116"},{"taxonomy":"product_cat","embeddable":true,"href":"https:\/\/gpl-love.com\/fr\/wp-json\/wp\/v2\/product_cat?post=139116"},{"taxonomy":"product_tag","embeddable":true,"href":"https:\/\/gpl-love.com\/fr\/wp-json\/wp\/v2\/product_tag?post=139116"}],"curies":[{"name":"wp","href":"https:\/\/api.w.org\/{rel}","templated":true}]}}