{"id":139114,"date":"2024-05-07T00:00:00","date_gmt":"2024-05-06T22:00:00","guid":{"rendered":"https:\/\/gpl-love.com\/fr\/produit\/bookingpress-worldpay-payment-gateway\/"},"modified":"2026-03-21T00:02:06","modified_gmt":"2026-03-20T23:02:06","slug":"bookingpress-worldpay-payment-gateway","status":"publish","type":"product","link":"https:\/\/gpl-love.com\/fr\/produit\/bookingpress-worldpay-payment-gateway\/","title":{"rendered":"BookingPress Worldpay Payment Gateway 1.2"},"content":{"rendered":"<h3>BookingPress Worldpay Payment Gateway Traits<\/h3>\n<p>Passez \u00e0 la vitesse sup\u00e9rieure avec l&rsquo;int\u00e9gration de la passerelle de paiement Worldpay pour BookingPress. Cet ajout performant \u00e0 votre plateforme BookingPress vous permet d&rsquo;offrir un traitement des paiements s\u00e9curis\u00e9, instaurant ainsi confiance et simplicit\u00e9 pour vos clients. Avec la passerelle de paiement Worldpay pour BookingPress, la gestion des transactions devient fluide et sans tracas.<\/p>\n<p>Configurer la passerelle Worldpay pour BookingPress est simple et rapide, vous permettant d&rsquo;\u00eatre op\u00e9rationnel sans aucune difficult\u00e9 technique. Cette int\u00e9gration am\u00e9liore non seulement votre plateforme BookingPress, mais fournit \u00e9galement un cadre robuste pour g\u00e9rer les paiements de mani\u00e8re s\u00fbre et efficace.<\/p>\n<p>En choisissant d&rsquo;int\u00e9grer la passerelle de paiement Worldpay \u00e0 BookingPress, vous optez pour une solution compatible avec un large \u00e9ventail de cartes de cr\u00e9dit et de d\u00e9bit, garantissant ainsi l&rsquo;acc\u00e8s \u00e0 tous vos services. Que vous g\u00e9riez un h\u00f4tel, une agence \u00e9v\u00e9nementielle ou toute autre entreprise n\u00e9cessitant des services de r\u00e9servation, cette int\u00e9gration est con\u00e7ue pour r\u00e9pondre \u00e0 vos besoins.<\/p>\n<ul>\n<li>Int\u00e9gration fluide avec le plugin BookingPress<\/li>\n<li>Traitement s\u00e9curis\u00e9 des paiements via Worldpay<\/li>\n<li>Prise en charge de plusieurs devises pour les transactions internationales<\/li>\n<li>Gestion des paiements r\u00e9currents pour les abonnements et les adh\u00e9sions<\/li>\n<li>Compatible avec les principales cartes de cr\u00e9dit et de d\u00e9bit<\/li>\n<li>Protection contre la fraude et gestion des risques<\/li>\n<li>Installation et utilisation faciles, aucune comp\u00e9tence technique requise<\/li>\n<li>Autorisation de paiement en temps r\u00e9el<\/li>\n<li>Gestion des remboursements et des contestations de paiement<\/li>\n<li>Rapports de transactions d\u00e9taill\u00e9s pour une gestion financi\u00e8re simplifi\u00e9e<\/li>\n<\/ul>\n","protected":false},"excerpt":{"rendered":"<p>D\u00e9couvrez l&rsquo;int\u00e9gration de la passerelle de paiement Worldpay \u00e0 BookingPress, la solution id\u00e9ale pour des paiements s\u00e9curis\u00e9s. Optimisez votre exp\u00e9rience BookingPress gr\u00e2ce \u00e0 la passerelle de paiement Worldpay, con\u00e7ue pour simplifier les transactions et booster votre efficacit\u00e9. Configurer la passerelle Worldpay pour BookingPress est un jeu d&rsquo;enfant\u00a0: profitez rapidement de ses fonctionnalit\u00e9s de s\u00e9curit\u00e9 robustes et de ses performances fiables. Optez pour la passerelle de paiement Worldpay pour BookingPress et modernisez votre syst\u00e8me de r\u00e9servation gr\u00e2ce \u00e0 des solutions de paiement fluides et s\u00e9curis\u00e9es qui dynamiseront votre activit\u00e9. D\u00e9veloppez pleinement le potentiel de vos r\u00e9servations gr\u00e2ce \u00e0 la fiabilit\u00e9 de Worldpay d\u00e8s aujourd&rsquo;hui\u00a0!<\/p>\n","protected":false},"featured_media":146963,"comment_status":"open","ping_status":"open","template":"","meta":[],"product_brand":[2778],"product_cat":[1182,1401,1181],"product_tag":[2371],"class_list":{"0":"post-139114","1":"product","2":"type-product","3":"status-publish","4":"has-post-thumbnail","6":"product_brand-bookingpress","7":"product_cat-commerce-electronique-plugins","8":"product_cat-paiement-commerce-electronique-plugins","9":"product_cat-plugins","10":"product_tag-bookingpress","11":"member-discount","12":"discount-restricted","14":"first","15":"instock","16":"sale","17":"downloadable","18":"virtual","19":"sold-individually","20":"purchasable","21":"product-type-simple"},"_links":{"self":[{"href":"https:\/\/gpl-love.com\/fr\/wp-json\/wp\/v2\/product\/139114","targetHints":{"allow":["GET"]}}],"collection":[{"href":"https:\/\/gpl-love.com\/fr\/wp-json\/wp\/v2\/product"}],"about":[{"href":"https:\/\/gpl-love.com\/fr\/wp-json\/wp\/v2\/types\/product"}],"replies":[{"embeddable":true,"href":"https:\/\/gpl-love.com\/fr\/wp-json\/wp\/v2\/comments?post=139114"}],"wp:featuredmedia":[{"embeddable":true,"href":"https:\/\/gpl-love.com\/fr\/wp-json\/wp\/v2\/media\/146963"}],"wp:attachment":[{"href":"https:\/\/gpl-love.com\/fr\/wp-json\/wp\/v2\/media?parent=139114"}],"wp:term":[{"taxonomy":"product_brand","embeddable":true,"href":"https:\/\/gpl-love.com\/fr\/wp-json\/wp\/v2\/product_brand?post=139114"},{"taxonomy":"product_cat","embeddable":true,"href":"https:\/\/gpl-love.com\/fr\/wp-json\/wp\/v2\/product_cat?post=139114"},{"taxonomy":"product_tag","embeddable":true,"href":"https:\/\/gpl-love.com\/fr\/wp-json\/wp\/v2\/product_tag?post=139114"}],"curies":[{"name":"wp","href":"https:\/\/api.w.org\/{rel}","templated":true}]}}