{"id":139112,"date":"2024-05-02T00:00:00","date_gmt":"2024-05-01T22:00:00","guid":{"rendered":"https:\/\/gpl-love.com\/fr\/produit\/bookingpress-zapier\/"},"modified":"2026-04-10T18:50:33","modified_gmt":"2026-04-10T16:50:33","slug":"bookingpress-zapier","status":"publish","type":"product","link":"https:\/\/gpl-love.com\/fr\/produit\/bookingpress-zapier\/","title":{"rendered":"BookingPress Zapier 1.8"},"content":{"rendered":"<h3>BookingPress Zapier Traits<\/h3>\n<p>Exploitez pleinement le potentiel de votre syst\u00e8me de r\u00e9servation gr\u00e2ce \u00e0 l&rsquo;int\u00e9gration BookingPress\/Zapier\u00a0! Connectez facilement BookingPress \u00e0 Zapier pour automatiser vos processus de r\u00e9servation et optimiser votre flux de travail. En int\u00e9grant BookingPress, un syst\u00e8me de r\u00e9servation en ligne performant, \u00e0 Zapier, vous rationalisez vos op\u00e9rations, gagnez du temps et r\u00e9duisez les t\u00e2ches manuelles.<\/p>\n<p>Avec l&rsquo;int\u00e9gration BookingPress\/Zapier, configurer l&rsquo;automatisation devient un jeu d&rsquo;enfant. Automatisez BookingPress en cr\u00e9ant des flux de travail personnalis\u00e9s qui d\u00e9clenchent des actions dans des centaines d&rsquo;applications, sans \u00e9crire une seule ligne de code. De l&rsquo;envoi automatique de confirmations par e-mail \u00e0 la synchronisation des rendez-vous avec votre calendrier, les possibilit\u00e9s sont infinies.<\/p>\n<p>Am\u00e9liorez BookingPress avec Zapier et tirez parti de ses puissants d\u00e9clencheurs pour r\u00e9pondre instantan\u00e9ment aux nouvelles demandes de r\u00e9servation, aux annulations et aux modifications. Vous gagnez ainsi en r\u00e9activit\u00e9 et offrez une exp\u00e9rience client optimale. L&rsquo;automatisation des flux de travail BookingPress garantit le bon fonctionnement de chaque aspect de votre syst\u00e8me de r\u00e9servation, vous permettant de vous concentrer sur le d\u00e9veloppement de votre activit\u00e9.<\/p>\n<ul>\n<li>Int\u00e9gration avec plus de 3\u00a0000 applications via Zapier<\/li>\n<li>Automatisation des flux de travail et r\u00e9duction de la saisie manuelle<\/li>\n<li>Synchronisation des donn\u00e9es BookingPress avec votre CRM, vos outils marketing et bien plus encore<\/li>\n<li>Partage de donn\u00e9es en temps r\u00e9el entre diff\u00e9rentes plateformes<\/li>\n<li>D\u00e9clencheurs et actions personnalisables pour r\u00e9pondre \u00e0 vos besoins sp\u00e9cifiques<\/li>\n<li>Configuration simple, sans programmation<\/li>\n<li>Optimisation de la productivit\u00e9 gr\u00e2ce \u00e0 l&rsquo;automatisation des t\u00e2ches r\u00e9p\u00e9titives<\/li>\n<li>Transfert de donn\u00e9es s\u00e9curis\u00e9 entre syst\u00e8mes<\/li>\n<li>Simplification de la planification et de la gestion des rendez-vous<\/li>\n<li>Prise en charge des d\u00e9clencheurs et des actions pour des options d&rsquo;automatisation flexibles<\/li>\n<\/ul>\n","protected":false},"excerpt":{"rendered":"<p>Exploitez pleinement le potentiel de votre syst\u00e8me de planification gr\u00e2ce \u00e0 l&rsquo;int\u00e9gration BookingPress avec Zapier\u00a0! Automatisez et simplifiez votre syst\u00e8me de r\u00e9servation en ligne BookingPress en toute simplicit\u00e9. Connectez BookingPress \u00e0 Zapier pour optimiser votre flux de travail gr\u00e2ce \u00e0 une automatisation performante. D\u00e9clenchez des actions directement dans votre syst\u00e8me de r\u00e9servation BookingPress pour simplifier la prise de rendez-vous et les suivis. Avec l&rsquo;int\u00e9gration du logiciel de planification BookingPress via Zapier, vous pouvez personnaliser les d\u00e9clencheurs et les actions pour gagner du temps et optimiser votre efficacit\u00e9. Am\u00e9liorez votre exp\u00e9rience BookingPress en automatisant les t\u00e2ches r\u00e9p\u00e9titives et concentrez-vous sur le d\u00e9veloppement de votre activit\u00e9. Adoptez la simplicit\u00e9 de l&rsquo;automatisation et fluidifiez votre flux de travail BookingPress comme jamais auparavant\u00a0!<\/p>\n","protected":false},"featured_media":146962,"comment_status":"open","ping_status":"open","template":"","meta":[],"product_brand":[2778],"product_cat":[1189,1181,1186],"product_tag":[2371],"class_list":{"0":"post-139112","1":"product","2":"type-product","3":"status-publish","4":"has-post-thumbnail","6":"product_brand-bookingpress","7":"product_cat-personnalisation","8":"product_cat-plugins","9":"product_cat-wordpress-plugins","10":"product_tag-bookingpress","11":"member-discount","12":"discount-restricted","14":"first","15":"instock","16":"sale","17":"downloadable","18":"virtual","19":"sold-individually","20":"purchasable","21":"product-type-simple"},"_links":{"self":[{"href":"https:\/\/gpl-love.com\/fr\/wp-json\/wp\/v2\/product\/139112","targetHints":{"allow":["GET"]}}],"collection":[{"href":"https:\/\/gpl-love.com\/fr\/wp-json\/wp\/v2\/product"}],"about":[{"href":"https:\/\/gpl-love.com\/fr\/wp-json\/wp\/v2\/types\/product"}],"replies":[{"embeddable":true,"href":"https:\/\/gpl-love.com\/fr\/wp-json\/wp\/v2\/comments?post=139112"}],"wp:featuredmedia":[{"embeddable":true,"href":"https:\/\/gpl-love.com\/fr\/wp-json\/wp\/v2\/media\/146962"}],"wp:attachment":[{"href":"https:\/\/gpl-love.com\/fr\/wp-json\/wp\/v2\/media?parent=139112"}],"wp:term":[{"taxonomy":"product_brand","embeddable":true,"href":"https:\/\/gpl-love.com\/fr\/wp-json\/wp\/v2\/product_brand?post=139112"},{"taxonomy":"product_cat","embeddable":true,"href":"https:\/\/gpl-love.com\/fr\/wp-json\/wp\/v2\/product_cat?post=139112"},{"taxonomy":"product_tag","embeddable":true,"href":"https:\/\/gpl-love.com\/fr\/wp-json\/wp\/v2\/product_tag?post=139112"}],"curies":[{"name":"wp","href":"https:\/\/api.w.org\/{rel}","templated":true}]}}