{"id":139110,"date":"2025-05-20T00:00:00","date_gmt":"2025-05-19T22:00:00","guid":{"rendered":"https:\/\/gpl-love.com\/fr\/produit\/bookingpress-zoom\/"},"modified":"2026-04-18T06:33:25","modified_gmt":"2026-04-18T04:33:25","slug":"bookingpress-zoom","status":"publish","type":"product","link":"https:\/\/gpl-love.com\/fr\/produit\/bookingpress-zoom\/","title":{"rendered":"BookingPress Zoom 1.9"},"content":{"rendered":"<h3>BookingPress Zoom Traits<\/h3>\n<p>Simplifiez la gestion de vos rendez-vous gr\u00e2ce \u00e0 l&rsquo;extension BookingPress Zoom, la solution id\u00e9ale pour des visioconf\u00e9rences et des r\u00e9servations en ligne fluides. Parfaite pour les entreprises de toutes tailles, cette extension performante transforme votre site web en une plateforme de r\u00e9servation efficace, directement int\u00e9gr\u00e9e \u00e0 Zoom.<\/p>\n<p>Avec le syst\u00e8me de r\u00e9servation en ligne BookingPress Zoom, la planification des rendez-vous devient un jeu d&rsquo;enfant, pour vous comme pour vos clients. Notre guide d&rsquo;installation intuitif BookingPress Zoom garantit une installation et une configuration faciles sur votre site WordPress, pour une mise en service rapide. De plus, gr\u00e2ce au tutoriel BookingPress Zoom, vous ma\u00eetriserez rapidement toutes les fonctionnalit\u00e9s.<\/p>\n<p>L&rsquo;extension WordPress BookingPress Zoom enrichit votre site en y ajoutant des fonctionnalit\u00e9s robustes de gestion des rendez-vous. Planifiez, g\u00e9rez et animez vos r\u00e9unions Zoom depuis une seule et m\u00eame interface, en toute simplicit\u00e9. Que vous soyez consultant, enseignant ou professionnel de sant\u00e9, notre logiciel de planification BookingPress Zoom est con\u00e7u pour r\u00e9pondre \u00e0 vos besoins, en vous offrant une exp\u00e9rience professionnelle, fiable et conviviale.<\/p>\n<ul>\n<li>Int\u00e9gration fluide avec Zoom pour des visioconf\u00e9rences simplifi\u00e9es<\/li>\n<li><\/li>\n<li>Planification et gestion des rendez-vous en ligne<\/li>\n<li><\/li>\n<li>Formulaires de r\u00e9servation personnalisables \u00e0 l&rsquo;image de votre marque<\/li>\n<li><\/li>\n<li>Rappels automatiques par e-mail et SMS pour limiter les absences<\/li>\n<li><\/li>\n<li>Configuration pour plusieurs employ\u00e9s et services<\/li>\n<li><\/li>\n<li>Paiements en ligne via diff\u00e9rentes plateformes<\/li>\n<li>Disponibilit\u00e9 en temps r\u00e9el\u00a0: seuls les cr\u00e9neaux disponibles sont affich\u00e9s aux clients<\/li>\n<li>Application mobile optimis\u00e9e pour la r\u00e9servation sur tous les appareils<\/li>\n<li><\/li>\n<li>Outils de reporting d\u00e9taill\u00e9s pour le suivi des performances<\/li>\n<li><\/li>\n<li>Prise en charge de plusieurs langues et devises pour une utilisation internationale<\/li>\n<\/ul>\n","protected":false},"excerpt":{"rendered":"<p>D\u00e9couvrez l&rsquo;int\u00e9gration BookingPress Zoom, un puissant plugin con\u00e7u pour optimiser votre syst\u00e8me de r\u00e9servation en ligne. Int\u00e9grez facilement la visioconf\u00e9rence Zoom gr\u00e2ce \u00e0 notre extension BookingPress Zoom et transformez la gestion de vos rendez-vous. Ce plugin WordPress BookingPress Zoom indispensable simplifie la planification gr\u00e2ce aux fonctionnalit\u00e9s robustes du logiciel de planification BookingPress Zoom. D\u00e9marrez sans effort gr\u00e2ce \u00e0 notre guide d&rsquo;installation complet et notre tutoriel BookingPress Zoom. Que vous coordonniez des r\u00e9unions clients ou g\u00e9riez des sessions d&rsquo;\u00e9quipe, notre syst\u00e8me de r\u00e9servation en ligne BookingPress Zoom est la solution tout-en-un id\u00e9ale pour rationaliser vos op\u00e9rations et gagner en efficacit\u00e9. Am\u00e9liorez votre exp\u00e9rience de r\u00e9servation avec BookingPress Zoom d\u00e8s aujourd&rsquo;hui\u00a0!<\/p>\n","protected":false},"featured_media":146961,"comment_status":"open","ping_status":"open","template":"","meta":[],"product_brand":[2778],"product_cat":[1189,1181,1186],"product_tag":[2371],"class_list":{"0":"post-139110","1":"product","2":"type-product","3":"status-publish","4":"has-post-thumbnail","6":"product_brand-bookingpress","7":"product_cat-personnalisation","8":"product_cat-plugins","9":"product_cat-wordpress-plugins","10":"product_tag-bookingpress","11":"member-discount","12":"discount-restricted","14":"first","15":"instock","16":"sale","17":"downloadable","18":"virtual","19":"sold-individually","20":"purchasable","21":"product-type-simple"},"_links":{"self":[{"href":"https:\/\/gpl-love.com\/fr\/wp-json\/wp\/v2\/product\/139110","targetHints":{"allow":["GET"]}}],"collection":[{"href":"https:\/\/gpl-love.com\/fr\/wp-json\/wp\/v2\/product"}],"about":[{"href":"https:\/\/gpl-love.com\/fr\/wp-json\/wp\/v2\/types\/product"}],"replies":[{"embeddable":true,"href":"https:\/\/gpl-love.com\/fr\/wp-json\/wp\/v2\/comments?post=139110"}],"wp:featuredmedia":[{"embeddable":true,"href":"https:\/\/gpl-love.com\/fr\/wp-json\/wp\/v2\/media\/146961"}],"wp:attachment":[{"href":"https:\/\/gpl-love.com\/fr\/wp-json\/wp\/v2\/media?parent=139110"}],"wp:term":[{"taxonomy":"product_brand","embeddable":true,"href":"https:\/\/gpl-love.com\/fr\/wp-json\/wp\/v2\/product_brand?post=139110"},{"taxonomy":"product_cat","embeddable":true,"href":"https:\/\/gpl-love.com\/fr\/wp-json\/wp\/v2\/product_cat?post=139110"},{"taxonomy":"product_tag","embeddable":true,"href":"https:\/\/gpl-love.com\/fr\/wp-json\/wp\/v2\/product_tag?post=139110"}],"curies":[{"name":"wp","href":"https:\/\/api.w.org\/{rel}","templated":true}]}}