{"id":139109,"date":"2026-01-12T00:00:00","date_gmt":"2026-01-11T23:00:00","guid":{"rendered":"https:\/\/gpl-love.com\/fr\/produit\/newsletter-wp-users\/"},"modified":"2026-04-18T06:33:24","modified_gmt":"2026-04-18T04:33:24","slug":"newsletter-wp-users","status":"publish","type":"product","link":"https:\/\/gpl-love.com\/fr\/produit\/newsletter-wp-users\/","title":{"rendered":"Newsletter WP Users 1.4.8"},"content":{"rendered":"<h3>Newsletter WP Users Traits<\/h3>\n<p>Am\u00e9liorez les fonctionnalit\u00e9s de votre site WordPress gr\u00e2ce \u00e0 l&rsquo;extension Newsletter \u2013 WP Users Integration. En int\u00e9grant facilement l&rsquo;inscription des utilisateurs aux abonnements \u00e0 la newsletter, cette extension simplifie votre flux de travail en \u00e9liminant la n\u00e9cessit\u00e9 d&rsquo;une synchronisation manuelle. Gr\u00e2ce \u00e0 la possibilit\u00e9 d&rsquo;importer tous les utilisateurs WordPress comme abonn\u00e9s, vous pouvez d\u00e9velopper votre base d&rsquo;abonn\u00e9s sans effort et interagir plus efficacement avec votre audience. Que vous g\u00e9riez un blog, un site e-commerce ou une plateforme communautaire, cette extension vous permet d&rsquo;optimiser votre strat\u00e9gie d&#8217;emailing tout en \u00e9conomisant un temps et des ressources pr\u00e9cieux.<\/p>\n<ul>\n<li>Int\u00e9gration fluide avec les utilisateurs WordPress\u00a0: synchronisez facilement les inscriptions avec les abonnements \u00e0 la newsletter pour une exp\u00e9rience utilisateur optimale.<\/li>\n<li><\/li>\n<li>Cr\u00e9ation simplifi\u00e9e de newsletters\u00a0: concevez des newsletters captivantes en toute simplicit\u00e9 gr\u00e2ce \u00e0 des outils et fonctionnalit\u00e9s intuitifs.<\/li>\n<li>Mod\u00e8les personnalis\u00e9s\u00a0: adaptez les mod\u00e8les de newsletter \u00e0 votre marque pour refl\u00e9ter votre identit\u00e9 visuelle et captiver votre audience.<\/li>\n<li>Suivi des performances gr\u00e2ce \u00e0 des statistiques d\u00e9taill\u00e9es\u00a0: analysez des indicateurs cl\u00e9s pour \u00e9valuer l\u2019efficacit\u00e9 de vos campagnes et prendre des d\u00e9cisions \u00e9clair\u00e9es.<\/li>\n<li>D\u00e9veloppez votre audience gr\u00e2ce aux formulaires d\u2019inscription\u00a0: utilisez des formulaires d\u2019inscription attrayants pour attirer de nouveaux abonn\u00e9s et \u00e9largir votre audience.<\/li>\n<li>Ciblage pr\u00e9cis gr\u00e2ce \u00e0 la segmentation\u00a0: segmentez votre base d\u2019abonn\u00e9s pour des campagnes cibl\u00e9es, optimisant ainsi l\u2019engagement et les taux de conversion.<\/li>\n<li>Communication simplifi\u00e9e gr\u00e2ce aux e-mails automatis\u00e9s\u00a0: envoyez automatiquement des e-mails \u00e0 vos abonn\u00e9s lors de la publication de nouveaux articles pour les tenir inform\u00e9s et les fid\u00e9liser.<\/li>\n<li>Compatibilit\u00e9 fluide avec d\u2019autres extensions\u00a0: int\u00e9grez facilement une large gamme d\u2019extensions pour am\u00e9liorer les fonctionnalit\u00e9s et simplifier vos flux de travail.<\/li>\n<li>Conception responsive pour une accessibilit\u00e9 optimale\u00a0: offrez une exp\u00e9rience utilisateur fluide sur tous les appareils gr\u00e2ce \u00e0 une conception responsive optimis\u00e9e pour les mobiles.<\/li>\n<li>Interface intuitive pour une gestion simplifi\u00e9e. Profitez d&rsquo;une interface conviviale con\u00e7ue pour la simplicit\u00e9 et l&rsquo;efficacit\u00e9, facilitant la gestion de vos campagnes de marketing par e-mail.<\/li>\n<\/ul>\n","protected":false},"excerpt":{"rendered":"<p>Le plugin Newsletter \u2013 WP Users Integration connecte de mani\u00e8re transparente l&rsquo;inscription des utilisateurs WordPress aux abonnements \u00e0 la newsletter, offrant la possibilit\u00e9 d&rsquo;importer tous les utilisateurs WordPress en tant qu&rsquo;abonn\u00e9s.<\/p>\n","protected":false},"featured_media":146960,"comment_status":"open","ping_status":"open","template":"","meta":[],"product_brand":[2602],"product_cat":[1189,1181,1186],"product_tag":[2261],"class_list":{"0":"post-139109","1":"product","2":"type-product","3":"status-publish","4":"has-post-thumbnail","6":"product_brand-newsletter","7":"product_cat-personnalisation","8":"product_cat-plugins","9":"product_cat-wordpress-plugins","10":"product_tag-newsletter","11":"member-discount","12":"discount-restricted","14":"first","15":"instock","16":"sale","17":"downloadable","18":"virtual","19":"sold-individually","20":"purchasable","21":"product-type-simple"},"_links":{"self":[{"href":"https:\/\/gpl-love.com\/fr\/wp-json\/wp\/v2\/product\/139109","targetHints":{"allow":["GET"]}}],"collection":[{"href":"https:\/\/gpl-love.com\/fr\/wp-json\/wp\/v2\/product"}],"about":[{"href":"https:\/\/gpl-love.com\/fr\/wp-json\/wp\/v2\/types\/product"}],"replies":[{"embeddable":true,"href":"https:\/\/gpl-love.com\/fr\/wp-json\/wp\/v2\/comments?post=139109"}],"wp:featuredmedia":[{"embeddable":true,"href":"https:\/\/gpl-love.com\/fr\/wp-json\/wp\/v2\/media\/146960"}],"wp:attachment":[{"href":"https:\/\/gpl-love.com\/fr\/wp-json\/wp\/v2\/media?parent=139109"}],"wp:term":[{"taxonomy":"product_brand","embeddable":true,"href":"https:\/\/gpl-love.com\/fr\/wp-json\/wp\/v2\/product_brand?post=139109"},{"taxonomy":"product_cat","embeddable":true,"href":"https:\/\/gpl-love.com\/fr\/wp-json\/wp\/v2\/product_cat?post=139109"},{"taxonomy":"product_tag","embeddable":true,"href":"https:\/\/gpl-love.com\/fr\/wp-json\/wp\/v2\/product_tag?post=139109"}],"curies":[{"name":"wp","href":"https:\/\/api.w.org\/{rel}","templated":true}]}}