{"id":139107,"date":"2024-04-01T00:00:00","date_gmt":"2024-03-31T22:00:00","guid":{"rendered":"https:\/\/gpl-love.com\/fr\/produit\/motopress-entrepreneur\/"},"modified":"2026-03-21T00:02:02","modified_gmt":"2026-03-20T23:02:02","slug":"motopress-entrepreneur","status":"publish","type":"product","link":"https:\/\/gpl-love.com\/fr\/produit\/motopress-entrepreneur\/","title":{"rendered":"MotoPress Entrepreneur 1.3.2"},"content":{"rendered":"<h3>MotoPress Entrepreneur Traits<\/h3>\n<p>En tant qu&rsquo;entrepreneur utilisant MotoPress Startup, vous b\u00e9n\u00e9ficierez d&rsquo;un plugin premium de formulaire de r\u00e9servation de rendez-vous. Cet outil pr\u00e9cieux vous fera gagner un temps pr\u00e9cieux et vous permettra de g\u00e9rer efficacement vos r\u00e9servations en ligne. Le th\u00e8me MotoPress Business Entrepreneur offre une combinaison unique de style et de fonctionnalit\u00e9s, id\u00e9ale pour les entrepreneurs ambitieux.<\/p>\n<p>D\u00e9couvrez les avantages incomparables du th\u00e8me MotoPress Entrepreneur et propulsez votre entreprise \u00e0 l&rsquo;avant-garde du paysage num\u00e9rique. Ce th\u00e8me est bien plus qu&rsquo;une simple solution\u00a0: c&rsquo;est un v\u00e9ritable tremplin vers le succ\u00e8s pour tous les entrepreneurs.<\/p>\n<ul>\n<li>Sp\u00e9cialement con\u00e7u pour les entrepreneurs<\/li>\n<li><\/li>\n<li>Solution id\u00e9ale pour la prise de rendez-vous<\/li>\n<li>Int\u00e9gration fluide avec le personnalisateur WordPress<\/li>\n<li>Options de couleurs personnalis\u00e9es<\/li>\n<li>Modules vari\u00e9s pour une pr\u00e9sentation efficace de vos services<\/li>\n<li>Inclut un plugin premium de formulaire de r\u00e9servation<\/li>\n<li>Outil indispensable pour la gestion des r\u00e9servations en ligne<\/li>\n<li>Un mariage unique de style et de fonctionnalit\u00e9s<\/li>\n<li>Place votre entreprise \u00e0 l&rsquo;avant-garde du paysage num\u00e9rique<\/li>\n<li>Bien plus qu&rsquo;une simple solution, un v\u00e9ritable tremplin vers le succ\u00e8s pour les jeunes entreprises<\/li>\n<\/ul>\n","protected":false},"excerpt":{"rendered":"<p>D\u00e9marrez votre activit\u00e9 avec le th\u00e8me WordPress MotoPress Entrepreneur Business. Sp\u00e9cialement con\u00e7u pour les entrepreneurs, ce th\u00e8me est id\u00e9al pour la prise de rendez-vous. Gr\u00e2ce \u00e0 son int\u00e9gration fluide avec l&rsquo;outil de personnalisation WordPress, il offre des options de couleurs personnalis\u00e9es et une gamme de modules pour mettre en valeur vos services.<\/p>\n","protected":false},"featured_media":146959,"comment_status":"open","ping_status":"open","template":"","meta":[],"product_brand":[2777],"product_cat":[1516,1212,1213],"product_tag":[2370],"class_list":{"0":"post-139107","1":"product","2":"type-product","3":"status-publish","4":"has-post-thumbnail","6":"product_brand-motopress","7":"product_cat-entreprise","8":"product_cat-themes","9":"product_cat-wordpress-themes","10":"product_tag-motopress","11":"member-discount","12":"discount-restricted","14":"first","15":"instock","16":"sale","17":"downloadable","18":"virtual","19":"sold-individually","20":"purchasable","21":"product-type-simple"},"_links":{"self":[{"href":"https:\/\/gpl-love.com\/fr\/wp-json\/wp\/v2\/product\/139107","targetHints":{"allow":["GET"]}}],"collection":[{"href":"https:\/\/gpl-love.com\/fr\/wp-json\/wp\/v2\/product"}],"about":[{"href":"https:\/\/gpl-love.com\/fr\/wp-json\/wp\/v2\/types\/product"}],"replies":[{"embeddable":true,"href":"https:\/\/gpl-love.com\/fr\/wp-json\/wp\/v2\/comments?post=139107"}],"wp:featuredmedia":[{"embeddable":true,"href":"https:\/\/gpl-love.com\/fr\/wp-json\/wp\/v2\/media\/146959"}],"wp:attachment":[{"href":"https:\/\/gpl-love.com\/fr\/wp-json\/wp\/v2\/media?parent=139107"}],"wp:term":[{"taxonomy":"product_brand","embeddable":true,"href":"https:\/\/gpl-love.com\/fr\/wp-json\/wp\/v2\/product_brand?post=139107"},{"taxonomy":"product_cat","embeddable":true,"href":"https:\/\/gpl-love.com\/fr\/wp-json\/wp\/v2\/product_cat?post=139107"},{"taxonomy":"product_tag","embeddable":true,"href":"https:\/\/gpl-love.com\/fr\/wp-json\/wp\/v2\/product_tag?post=139107"}],"curies":[{"name":"wp","href":"https:\/\/api.w.org\/{rel}","templated":true}]}}