{"id":139105,"date":"2024-04-01T00:00:00","date_gmt":"2024-03-31T22:00:00","guid":{"rendered":"https:\/\/gpl-love.com\/fr\/produit\/motopress-pixetty\/"},"modified":"2026-03-21T00:02:01","modified_gmt":"2026-03-20T23:02:01","slug":"motopress-pixetty","status":"publish","type":"product","link":"https:\/\/gpl-love.com\/fr\/produit\/motopress-pixetty\/","title":{"rendered":"MotoPress Pixetty 1.1.3"},"content":{"rendered":"<h3>MotoPress Pixetty Traits<\/h3>\n<p>La magie de MotoPress WordPress op\u00e8re gr\u00e2ce \u00e0 l&rsquo;int\u00e9gration parfaite de l&rsquo;\u00e9diteur de blocs WordPress et de l&rsquo;extension Getwid. Cette combinaison avec le constructeur de pages Pixetty permet une personnalisation simple et efficace de votre site web.<\/p>\n<p>Transformez votre pr\u00e9sence en ligne avec le constructeur Pixetty de MotoPress. Le th\u00e8me WordPress Pixetty est la solution id\u00e9ale pour un site web de photographie professionnel, intuitif et visuellement \u00e9poustouflant. Optimisez votre plateforme num\u00e9rique avec MotoPress Pixetty, o\u00f9 cr\u00e9ativit\u00e9 et fonctionnalit\u00e9 se conjuguent harmonieusement.<\/p>\n<ul>\n<li>Th\u00e8me WordPress de photographie haut de gamme, con\u00e7u sp\u00e9cifiquement pour les photographes et les studios.<\/li>\n<li><\/li>\n<li>Int\u00e9grant des fonctionnalit\u00e9s avanc\u00e9es pour simplifier la prise de rendez-vous.<\/li>\n<li><\/li>\n<li>Mettez en valeur un portfolio exceptionnel.<\/li>\n<li><\/li>\n<li>Int\u00e9gration avec l&rsquo;extension MotoPress Appointment Booking pour une r\u00e9servation et un traitement des paiements en ligne simplifi\u00e9s.<\/li>\n<li><\/li>\n<li>Int\u00e9gration fluide avec l&rsquo;\u00e9diteur de blocs WordPress pour une personnalisation efficace du site web.<\/li>\n<li><\/li>\n<li>Inclut l&rsquo;extension Getwid pour des fonctionnalit\u00e9s de cr\u00e9ation de pages suppl\u00e9mentaires.<\/li>\n<li><\/li>\n<li>Solution compl\u00e8te pour un site web de photographie professionnel, intuitif et visuellement \u00e9poustouflant.<\/li>\n<li>Combinaison avec le constructeur de pages Pixetty pour une personnalisation simple du site web.<\/li>\n<li><\/li>\n<li>Optimisez votre pr\u00e9sence en ligne gr\u00e2ce \u00e0 une plateforme num\u00e9rique performante.<\/li>\n<li><\/li>\n<li>L&rsquo;alliance parfaite de la cr\u00e9ativit\u00e9 et de la fonctionnalit\u00e9 avec MotoPress Pixetty.<\/li>\n<\/ul>\n","protected":false},"excerpt":{"rendered":"<p>D\u00e9couvrez le g\u00e9nie cr\u00e9atif de MotoPress Pixetty, un th\u00e8me WordPress haut de gamme con\u00e7u sp\u00e9cialement pour les photographes et les studios. Ce th\u00e8me Pixetty est dot\u00e9 de fonctionnalit\u00e9s avanc\u00e9es pour simplifier la prise de rendez-vous et pr\u00e9senter un portfolio exceptionnel. Gr\u00e2ce \u00e0 l&rsquo;int\u00e9gration du puissant plugin MotoPress Appointment Booking, la r\u00e9servation en ligne et le traitement des paiements deviennent un jeu d&rsquo;enfant.<\/p>\n","protected":false},"featured_media":146958,"comment_status":"open","ping_status":"open","template":"","meta":[],"product_brand":[2777],"product_cat":[1242,1212,1213],"product_tag":[2370],"class_list":{"0":"post-139105","1":"product","2":"type-product","3":"status-publish","4":"has-post-thumbnail","6":"product_brand-motopress","7":"product_cat-creatif","8":"product_cat-themes","9":"product_cat-wordpress-themes","10":"product_tag-motopress","11":"member-discount","12":"discount-restricted","14":"first","15":"instock","16":"sale","17":"downloadable","18":"virtual","19":"sold-individually","20":"purchasable","21":"product-type-simple"},"_links":{"self":[{"href":"https:\/\/gpl-love.com\/fr\/wp-json\/wp\/v2\/product\/139105","targetHints":{"allow":["GET"]}}],"collection":[{"href":"https:\/\/gpl-love.com\/fr\/wp-json\/wp\/v2\/product"}],"about":[{"href":"https:\/\/gpl-love.com\/fr\/wp-json\/wp\/v2\/types\/product"}],"replies":[{"embeddable":true,"href":"https:\/\/gpl-love.com\/fr\/wp-json\/wp\/v2\/comments?post=139105"}],"wp:featuredmedia":[{"embeddable":true,"href":"https:\/\/gpl-love.com\/fr\/wp-json\/wp\/v2\/media\/146958"}],"wp:attachment":[{"href":"https:\/\/gpl-love.com\/fr\/wp-json\/wp\/v2\/media?parent=139105"}],"wp:term":[{"taxonomy":"product_brand","embeddable":true,"href":"https:\/\/gpl-love.com\/fr\/wp-json\/wp\/v2\/product_brand?post=139105"},{"taxonomy":"product_cat","embeddable":true,"href":"https:\/\/gpl-love.com\/fr\/wp-json\/wp\/v2\/product_cat?post=139105"},{"taxonomy":"product_tag","embeddable":true,"href":"https:\/\/gpl-love.com\/fr\/wp-json\/wp\/v2\/product_tag?post=139105"}],"curies":[{"name":"wp","href":"https:\/\/api.w.org\/{rel}","templated":true}]}}