{"id":139103,"date":"2024-04-01T00:00:00","date_gmt":"2024-03-31T22:00:00","guid":{"rendered":"https:\/\/gpl-love.com\/fr\/produit\/motopress-petotel\/"},"modified":"2026-04-18T06:33:23","modified_gmt":"2026-04-18T04:33:23","slug":"motopress-petotel","status":"publish","type":"product","link":"https:\/\/gpl-love.com\/fr\/produit\/motopress-petotel\/","title":{"rendered":"MotoPress Petotel 1.3.3"},"content":{"rendered":"<h3>MotoPress Petotel Traits<\/h3>\n<p>De plus, Petotel MotoPress int\u00e8gre l&rsquo;extension Getwid Gutenberg Blocks. Elle offre une vaste biblioth\u00e8que de blocs de contenu pr\u00e9d\u00e9finis, facilement personnalisables gr\u00e2ce \u00e0 l&rsquo;interface intuitive du nouvel \u00e9diteur de blocs sans code.<\/p>\n<p>Que vous g\u00e9riez une pension pour chiens ou proposiez des services de garde d&rsquo;animaux professionnels, les services de MotoPress Petotel sont adapt\u00e9s \u00e0 vos besoins.<\/p>\n<ul>\n<li>Mod\u00e8le de site web Gutenberg hautement personnalisable pour la garde d&rsquo;animaux<\/li>\n<li><\/li>\n<li>Sp\u00e9cialement con\u00e7u pour les h\u00f4tels pour chiens, les pensions et les gardiens d&rsquo;animaux professionnels<\/li>\n<li><\/li>\n<li>Solution compl\u00e8te pour les services de garde d&rsquo;animaux<\/li>\n<li><\/li>\n<li>Inclut deux plugins performants\u00a0: MotoPress Hotel Booking et Getwid Gutenberg<\/li>\n<li><\/li>\n<li>Exp\u00e9rience de r\u00e9servation en ligne fluide pour les pensions et les services de soins animaliers associ\u00e9s<\/li>\n<li><\/li>\n<li>Permet les r\u00e9servations en ligne tout en conservant un contr\u00f4le total sur le processus<\/li>\n<li><\/li>\n<li>Int\u00e8gre le plugin Getwid Gutenberg Blocks<\/li>\n<li><\/li>\n<li>Offre une vaste biblioth\u00e8que de blocs de contenu pr\u00e9d\u00e9finis pour une personnalisation facile<\/li>\n<li><\/li>\n<li>Interface conviviale du nouvel \u00e9diteur de blocs sans code<\/li>\n<li><\/li>\n<li>Parfait pour r\u00e9pondre aux besoins des h\u00f4tels pour chiens et des services de garde d&rsquo;animaux professionnels<\/li>\n<\/ul>\n","protected":false},"excerpt":{"rendered":"<p>D\u00e9couvrez la simplicit\u00e9 et l&rsquo;efficacit\u00e9 de MotoPress Petotel, un mod\u00e8le de site web Gutenberg hautement personnalisable, sp\u00e9cialement con\u00e7u pour les h\u00f4tels pour chiens, les pensions et les gardiens d&rsquo;animaux professionnels. Petotel de MotoPress n&rsquo;est pas qu&rsquo;un simple mod\u00e8le\u00a0: c&rsquo;est une solution compl\u00e8te pour vos services de garde d&rsquo;animaux.<\/p>\n<p>Gr\u00e2ce \u00e0 ses deux puissants plugins inclus \u2013 MotoPress Hotel Booking et Getwid Gutenberg \u2013 MotoPress Pet Hotel garantit une exp\u00e9rience de r\u00e9servation en ligne fluide pour les pensions et les services de soins animaliers. Les services MotoPress Petotel sont con\u00e7us pour vous simplifier la vie, en permettant les r\u00e9servations en ligne tout en vous laissant un contr\u00f4le total sur le processus.<\/p>\n","protected":false},"featured_media":146957,"comment_status":"open","ping_status":"open","template":"","meta":[],"product_brand":[2777],"product_cat":[1516,1212,1213],"product_tag":[2370],"class_list":{"0":"post-139103","1":"product","2":"type-product","3":"status-publish","4":"has-post-thumbnail","6":"product_brand-motopress","7":"product_cat-entreprise","8":"product_cat-themes","9":"product_cat-wordpress-themes","10":"product_tag-motopress","11":"member-discount","12":"discount-restricted","14":"first","15":"instock","16":"sale","17":"downloadable","18":"virtual","19":"sold-individually","20":"purchasable","21":"product-type-simple"},"_links":{"self":[{"href":"https:\/\/gpl-love.com\/fr\/wp-json\/wp\/v2\/product\/139103","targetHints":{"allow":["GET"]}}],"collection":[{"href":"https:\/\/gpl-love.com\/fr\/wp-json\/wp\/v2\/product"}],"about":[{"href":"https:\/\/gpl-love.com\/fr\/wp-json\/wp\/v2\/types\/product"}],"replies":[{"embeddable":true,"href":"https:\/\/gpl-love.com\/fr\/wp-json\/wp\/v2\/comments?post=139103"}],"wp:featuredmedia":[{"embeddable":true,"href":"https:\/\/gpl-love.com\/fr\/wp-json\/wp\/v2\/media\/146957"}],"wp:attachment":[{"href":"https:\/\/gpl-love.com\/fr\/wp-json\/wp\/v2\/media?parent=139103"}],"wp:term":[{"taxonomy":"product_brand","embeddable":true,"href":"https:\/\/gpl-love.com\/fr\/wp-json\/wp\/v2\/product_brand?post=139103"},{"taxonomy":"product_cat","embeddable":true,"href":"https:\/\/gpl-love.com\/fr\/wp-json\/wp\/v2\/product_cat?post=139103"},{"taxonomy":"product_tag","embeddable":true,"href":"https:\/\/gpl-love.com\/fr\/wp-json\/wp\/v2\/product_tag?post=139103"}],"curies":[{"name":"wp","href":"https:\/\/api.w.org\/{rel}","templated":true}]}}