{"id":139101,"date":"2024-04-01T00:00:00","date_gmt":"2024-03-31T22:00:00","guid":{"rendered":"https:\/\/gpl-love.com\/fr\/produit\/motopress-oceanica\/"},"modified":"2026-04-18T06:33:22","modified_gmt":"2026-04-18T04:33:22","slug":"motopress-oceanica","status":"publish","type":"product","link":"https:\/\/gpl-love.com\/fr\/produit\/motopress-oceanica\/","title":{"rendered":"MotoPress Oceanica 2.2.3"},"content":{"rendered":"<h3>MotoPress Oceanica Traits<\/h3>\n<p>De plus, Oceanica prend en charge les paiements en ligne, simplifiant et acc\u00e9l\u00e9rant les transactions pour vos clients. Son calendrier de r\u00e9servations garantit un fonctionnement optimal, assurant une organisation et une efficacit\u00e9 maximales.<\/p>\n<p>D\u00e9veloppez votre activit\u00e9 h\u00f4teli\u00e8re en ligne avec MotoPress Oceanica, un th\u00e8me WordPress pour h\u00f4tels alliant esth\u00e9tique et robustesse.<\/p>\n<ul>\n<li>Outil de gestion h\u00f4teli\u00e8re en ligne ultime<\/li>\n<li><\/li>\n<li>Parfait pour tous types d&rsquo;\u00e9tablissements, des villas aux auberges de jeunesse<\/li>\n<li><\/li>\n<li>Syst\u00e8me de r\u00e9servation d&rsquo;h\u00e9bergement WordPress int\u00e9gr\u00e9<\/li>\n<li><\/li>\n<li>Simplifie les processus de r\u00e9servation pour une exp\u00e9rience utilisateur optimale<\/li>\n<li><\/li>\n<li>Flexibilit\u00e9 des tarifs saisonniers<\/li>\n<li><\/li>\n<li>Gestion d&rsquo;un nombre illimit\u00e9 de propri\u00e9t\u00e9s et de r\u00e9servations<\/li>\n<li><\/li>\n<li>Gestionnaire de canaux OTA int\u00e9gr\u00e9<\/li>\n<li><\/li>\n<li>Prise en charge des paiements en ligne pour des transactions rapides<\/li>\n<li>Calendrier des r\u00e9servations inclus pour une gestion efficace<\/li>\n<li><\/li>\n<li>Allie design \u00e9l\u00e9gant et fonctionnalit\u00e9s robustes<\/li>\n<\/ul>\n","protected":false},"excerpt":{"rendered":"<p>D\u00e9couvrez le nec plus ultra en mati\u00e8re de gestion h\u00f4teli\u00e8re en ligne avec MotoPress Oceanica, un th\u00e8me WordPress h\u00f4telier con\u00e7u avec soin. Parfaitement adapt\u00e9 \u00e0 tous types d&rsquo;\u00e9tablissements, des villas et locations de vacances aux appartements et auberges de jeunesse, MotoPress Oceanica est la solution id\u00e9ale pour g\u00e9rer votre pr\u00e9sence en ligne.<\/p>\n<p>Gr\u00e2ce \u00e0 son syst\u00e8me de r\u00e9servation int\u00e9gr\u00e9, MotoPress Oceanica simplifie les processus de r\u00e9servation et offre une exp\u00e9rience utilisateur optimale \u00e0 vos clients. Le th\u00e8me propose de nombreuses fonctionnalit\u00e9s, notamment la tarification saisonni\u00e8re, la gestion d&rsquo;un nombre illimit\u00e9 de propri\u00e9t\u00e9s et de r\u00e9servations, ainsi qu&rsquo;un gestionnaire de canaux OTA.<\/p>\n","protected":false},"featured_media":146956,"comment_status":"open","ping_status":"open","template":"","meta":[],"product_brand":[2777],"product_cat":[1558,1212,1213],"product_tag":[2370],"class_list":{"0":"post-139101","1":"product","2":"type-product","3":"status-publish","4":"has-post-thumbnail","6":"product_brand-motopress","7":"product_cat-hotel-resort","8":"product_cat-themes","9":"product_cat-wordpress-themes","10":"product_tag-motopress","11":"member-discount","12":"discount-restricted","14":"first","15":"instock","16":"sale","17":"downloadable","18":"virtual","19":"sold-individually","20":"purchasable","21":"product-type-simple"},"_links":{"self":[{"href":"https:\/\/gpl-love.com\/fr\/wp-json\/wp\/v2\/product\/139101","targetHints":{"allow":["GET"]}}],"collection":[{"href":"https:\/\/gpl-love.com\/fr\/wp-json\/wp\/v2\/product"}],"about":[{"href":"https:\/\/gpl-love.com\/fr\/wp-json\/wp\/v2\/types\/product"}],"replies":[{"embeddable":true,"href":"https:\/\/gpl-love.com\/fr\/wp-json\/wp\/v2\/comments?post=139101"}],"wp:featuredmedia":[{"embeddable":true,"href":"https:\/\/gpl-love.com\/fr\/wp-json\/wp\/v2\/media\/146956"}],"wp:attachment":[{"href":"https:\/\/gpl-love.com\/fr\/wp-json\/wp\/v2\/media?parent=139101"}],"wp:term":[{"taxonomy":"product_brand","embeddable":true,"href":"https:\/\/gpl-love.com\/fr\/wp-json\/wp\/v2\/product_brand?post=139101"},{"taxonomy":"product_cat","embeddable":true,"href":"https:\/\/gpl-love.com\/fr\/wp-json\/wp\/v2\/product_cat?post=139101"},{"taxonomy":"product_tag","embeddable":true,"href":"https:\/\/gpl-love.com\/fr\/wp-json\/wp\/v2\/product_tag?post=139101"}],"curies":[{"name":"wp","href":"https:\/\/api.w.org\/{rel}","templated":true}]}}