{"id":139099,"date":"2024-04-01T00:00:00","date_gmt":"2024-03-31T22:00:00","guid":{"rendered":"https:\/\/gpl-love.com\/fr\/produit\/motopress-niftyfifty\/"},"modified":"2026-03-28T05:31:27","modified_gmt":"2026-03-28T04:31:27","slug":"motopress-niftyfifty","status":"publish","type":"product","link":"https:\/\/gpl-love.com\/fr\/produit\/motopress-niftyfifty\/","title":{"rendered":"MotoPress Niftyfifty 1.2.1"},"content":{"rendered":"<h3>MotoPress Niftyfifty Traits<\/h3>\n<ul>\n<li>Th\u00e8me WordPress minimaliste ultime pour la photographie<\/li>\n<li><\/li>\n<li>Con\u00e7u sp\u00e9cialement pour les cr\u00e9atifs passionn\u00e9s\u00a0: photographes, illustrateurs, designers, artistes<\/li>\n<li><\/li>\n<li>Faisant partie de la collection exceptionnelle de MotoPress<\/li>\n<li><\/li>\n<li>Offre une combinaison unique de portfolios flexibles<\/li>\n<li><\/li>\n<li>Propose des th\u00e8mes en noir et blanc saisissants<\/li>\n<li><\/li>\n<li>Un design incomparable pour une pr\u00e9sentation authentique et impressionnante<\/li>\n<li><\/li>\n<li>Id\u00e9al pour les professionnels chevronn\u00e9s comme pour les d\u00e9butants<\/li>\n<li><\/li>\n<li>Fournit la plateforme parfaite pour mettre en valeur votre talent<\/li>\n<li><\/li>\n<li>Vous aide \u00e0 vous d\u00e9marquer dans le monde num\u00e9rique<\/li>\n<li><\/li>\n<li>L\u00e0 o\u00f9 le design rencontre la fonctionnalit\u00e9<\/li>\n<\/ul>\n","protected":false},"excerpt":{"rendered":"<p>D\u00e9couvrez MotoPress Niftyfifty, le th\u00e8me WordPress minimaliste par excellence pour la photographie, con\u00e7u sp\u00e9cialement pour les cr\u00e9atifs passionn\u00e9s tels que photographes, illustrateurs, designers et artistes. Issu de la collection exceptionnelle de MotoPress, Niftyfifty offre une combinaison unique de portfolios flexibles, de superbes th\u00e8mes en noir et blanc et un design incomparable. Ce th\u00e8me vous permet de pr\u00e9senter votre travail avec authenticit\u00e9 et impact. Que vous soyez un professionnel chevronn\u00e9 ou d\u00e9butant, MotoPress Niftyfifty vous offre la plateforme id\u00e9ale pour mettre en valeur votre talent et vous imposer dans le monde num\u00e9rique. D\u00e9couvrez la diff\u00e9rence MotoPress avec le th\u00e8me WordPress Niftyfifty, o\u00f9 design et fonctionnalit\u00e9 se conjuguent harmonieusement.<\/p>\n","protected":false},"featured_media":146955,"comment_status":"open","ping_status":"open","template":"","meta":[],"product_brand":[2777],"product_cat":[1242,1212,1213],"product_tag":[2370],"class_list":{"0":"post-139099","1":"product","2":"type-product","3":"status-publish","4":"has-post-thumbnail","6":"product_brand-motopress","7":"product_cat-creatif","8":"product_cat-themes","9":"product_cat-wordpress-themes","10":"product_tag-motopress","11":"member-discount","12":"discount-restricted","14":"first","15":"instock","16":"sale","17":"downloadable","18":"virtual","19":"sold-individually","20":"purchasable","21":"product-type-simple"},"_links":{"self":[{"href":"https:\/\/gpl-love.com\/fr\/wp-json\/wp\/v2\/product\/139099","targetHints":{"allow":["GET"]}}],"collection":[{"href":"https:\/\/gpl-love.com\/fr\/wp-json\/wp\/v2\/product"}],"about":[{"href":"https:\/\/gpl-love.com\/fr\/wp-json\/wp\/v2\/types\/product"}],"replies":[{"embeddable":true,"href":"https:\/\/gpl-love.com\/fr\/wp-json\/wp\/v2\/comments?post=139099"}],"wp:featuredmedia":[{"embeddable":true,"href":"https:\/\/gpl-love.com\/fr\/wp-json\/wp\/v2\/media\/146955"}],"wp:attachment":[{"href":"https:\/\/gpl-love.com\/fr\/wp-json\/wp\/v2\/media?parent=139099"}],"wp:term":[{"taxonomy":"product_brand","embeddable":true,"href":"https:\/\/gpl-love.com\/fr\/wp-json\/wp\/v2\/product_brand?post=139099"},{"taxonomy":"product_cat","embeddable":true,"href":"https:\/\/gpl-love.com\/fr\/wp-json\/wp\/v2\/product_cat?post=139099"},{"taxonomy":"product_tag","embeddable":true,"href":"https:\/\/gpl-love.com\/fr\/wp-json\/wp\/v2\/product_tag?post=139099"}],"curies":[{"name":"wp","href":"https:\/\/api.w.org\/{rel}","templated":true}]}}