{"id":139097,"date":"2024-04-01T00:00:00","date_gmt":"2024-03-31T22:00:00","guid":{"rendered":"https:\/\/gpl-love.com\/fr\/produit\/motopress-mountainview\/"},"modified":"2026-03-21T00:01:58","modified_gmt":"2026-03-20T23:01:58","slug":"motopress-mountainview","status":"publish","type":"product","link":"https:\/\/gpl-love.com\/fr\/produit\/motopress-mountainview\/","title":{"rendered":"MotoPress Mountainview 1.6.2"},"content":{"rendered":"<h3>MotoPress Mountainview Traits<\/h3>\n<p>De plus, MotoPress Mountainview vous permet de traiter des r\u00e9servations en ligne s\u00e9curis\u00e9es sans commission, ce qui en fait un choix \u00e9conomique. Compte tenu de son prix, les avantages de MotoPress Mountainview surpassent largement son co\u00fbt, vous offrant une solution performante pour votre activit\u00e9 de location.<\/p>\n<p>Vous recherchez des alternatives \u00e0 MotoPress Mountainview\u00a0? Trouver un produit aussi \u00e9l\u00e9gant, intuitif et dot\u00e9 de fonctionnalit\u00e9s performantes pour optimiser votre activit\u00e9 pourrait s&rsquo;av\u00e9rer difficile.<\/p>\n<ul>\n<li>Th\u00e8me WordPress l\u00e9ger, \u00e9l\u00e9gant et performant<\/li>\n<li><\/li>\n<li>Sp\u00e9cialement con\u00e7u pour les propri\u00e9taires de locations de vacances<\/li>\n<li><\/li>\n<li>Id\u00e9al pour pr\u00e9senter chalets, villas et autres locations saisonni\u00e8res<\/li>\n<li><\/li>\n<li>Inclut une extension WordPress d\u00e9di\u00e9e \u00e0 la r\u00e9servation de propri\u00e9t\u00e9s<\/li>\n<li><\/li>\n<li>Simplifie la personnalisation du site web<\/li>\n<li><\/li>\n<li>Facilite la connexion avec les agences de voyages via iCalendar<\/li>\n<li><\/li>\n<li>Permet de d\u00e9finir des tarifs personnalis\u00e9s pour les hautes saisons<\/li>\n<li><\/li>\n<li>Permet des r\u00e9servations en ligne s\u00e9curis\u00e9es et sans commission<\/li>\n<li><\/li>\n<li>Offre une solution \u00e9conomique pour la gestion de votre location de vacances<\/li>\n<li><\/li>\n<li>Allie un design raffin\u00e9 \u00e0 une grande facilit\u00e9 d&rsquo;utilisation<\/li>\n<\/ul>\n","protected":false},"excerpt":{"rendered":"<p>D\u00e9couvrez MotoPress Mountainview, un th\u00e8me WordPress l\u00e9ger, \u00e9l\u00e9gant et performant, con\u00e7u pour les propri\u00e9taires de locations saisonni\u00e8res. Id\u00e9al pour les chalets, villas et autres locations de vacances, Mountainview de MotoPress est le partenaire id\u00e9al pour attirer des locataires potentiels.<\/p>\n<p>Cet avis sur MotoPress Mountainview met en lumi\u00e8re les fonctionnalit\u00e9s uniques du th\u00e8me, notamment son extension WordPress d\u00e9di\u00e9e \u00e0 la r\u00e9servation. Cette fonctionnalit\u00e9 simplifie la personnalisation, facilite la connexion avec les agences de voyages via iCalendar et permet de d\u00e9finir des tarifs personnalis\u00e9s pour les hautes saisons.<\/p>\n","protected":false},"featured_media":146954,"comment_status":"open","ping_status":"open","template":"","meta":[],"product_brand":[2777],"product_cat":[1516,1212,1213],"product_tag":[2370],"class_list":{"0":"post-139097","1":"product","2":"type-product","3":"status-publish","4":"has-post-thumbnail","6":"product_brand-motopress","7":"product_cat-entreprise","8":"product_cat-themes","9":"product_cat-wordpress-themes","10":"product_tag-motopress","11":"member-discount","12":"discount-restricted","14":"first","15":"instock","16":"sale","17":"downloadable","18":"virtual","19":"sold-individually","20":"purchasable","21":"product-type-simple"},"_links":{"self":[{"href":"https:\/\/gpl-love.com\/fr\/wp-json\/wp\/v2\/product\/139097","targetHints":{"allow":["GET"]}}],"collection":[{"href":"https:\/\/gpl-love.com\/fr\/wp-json\/wp\/v2\/product"}],"about":[{"href":"https:\/\/gpl-love.com\/fr\/wp-json\/wp\/v2\/types\/product"}],"replies":[{"embeddable":true,"href":"https:\/\/gpl-love.com\/fr\/wp-json\/wp\/v2\/comments?post=139097"}],"wp:featuredmedia":[{"embeddable":true,"href":"https:\/\/gpl-love.com\/fr\/wp-json\/wp\/v2\/media\/146954"}],"wp:attachment":[{"href":"https:\/\/gpl-love.com\/fr\/wp-json\/wp\/v2\/media?parent=139097"}],"wp:term":[{"taxonomy":"product_brand","embeddable":true,"href":"https:\/\/gpl-love.com\/fr\/wp-json\/wp\/v2\/product_brand?post=139097"},{"taxonomy":"product_cat","embeddable":true,"href":"https:\/\/gpl-love.com\/fr\/wp-json\/wp\/v2\/product_cat?post=139097"},{"taxonomy":"product_tag","embeddable":true,"href":"https:\/\/gpl-love.com\/fr\/wp-json\/wp\/v2\/product_tag?post=139097"}],"curies":[{"name":"wp","href":"https:\/\/api.w.org\/{rel}","templated":true}]}}