{"id":139095,"date":"2024-04-01T00:00:00","date_gmt":"2024-03-31T22:00:00","guid":{"rendered":"https:\/\/gpl-love.com\/fr\/produit\/motopress-medmix\/"},"modified":"2026-03-21T00:01:57","modified_gmt":"2026-03-20T23:01:57","slug":"motopress-medmix","status":"publish","type":"product","link":"https:\/\/gpl-love.com\/fr\/produit\/motopress-medmix\/","title":{"rendered":"MotoPress Medmix 1.4.2"},"content":{"rendered":"<h3>MotoPress Medmix Traits<\/h3>\n<p>MotoPress pour le r\u00e9f\u00e9rencement naturel offre une plateforme id\u00e9ale pour pr\u00e9senter vos services, vos tarifs et vos sp\u00e9cialistes, ce qui en fait un choix privil\u00e9gi\u00e9 pour de nombreux professionnels de la sant\u00e9. Chaque d\u00e9tail de Medmix est con\u00e7u pour optimiser le r\u00e9f\u00e9rencement naturel, le positionnant comme un leader en la mati\u00e8re.<\/p>\n<p>De plus, le th\u00e8me MotoPress Medmix int\u00e8gre un plugin WordPress de prise de rendez-vous m\u00e9dicaux pour les consultations gratuites et payantes, garantissant une exp\u00e9rience utilisateur optimale. Cette fonctionnalit\u00e9 contribue \u00e0 l&rsquo;optimisation du contenu pour MotoPress et Medmix, rendant votre site plus visible et accessible aux utilisateurs.<\/p>\n<ul>\n<li>Th\u00e8me WordPress m\u00e9dical bas\u00e9 sur Elementor, con\u00e7u pour les \u00e9tablissements de sant\u00e9<\/li>\n<li><\/li>\n<li>Am\u00e9liore le r\u00e9f\u00e9rencement naturel pour les utilisateurs de MotoPress<\/li>\n<li>Garantit une optimisation efficace du contenu<\/li>\n<li><\/li>\n<li>Plateforme id\u00e9ale pour pr\u00e9senter les services, les tarifs et les sp\u00e9cialistes<\/li>\n<li><\/li>\n<li>Con\u00e7u pour le r\u00e9f\u00e9rencement naturel<\/li>\n<li><\/li>\n<li>Int\u00e8gre un plugin WordPress de prise de rendez-vous m\u00e9dicaux<\/li>\n<li><\/li>\n<li>Propose des consultations gratuites et payantes<\/li>\n<li><\/li>\n<li>Cibler les mots-cl\u00e9s de longue tra\u00eene pour accro\u00eetre la visibilit\u00e9 du site web<\/li>\n<li><\/li>\n<li>Am\u00e9liore la visibilit\u00e9 et l&rsquo;accessibilit\u00e9 du site web pour les utilisateurs<\/li>\n<li><\/li>\n<li>Se positionne comme un leader du r\u00e9f\u00e9rencement naturel sur Medmix<\/li>\n<\/ul>\n","protected":false},"excerpt":{"rendered":"<p>Optimisez le r\u00e9f\u00e9rencement naturel de votre site web avec MotoPress Medmix, un th\u00e8me WordPress m\u00e9dical bas\u00e9 sur Elementor et sp\u00e9cialement con\u00e7u pour les \u00e9tablissements de sant\u00e9 tels que les cliniques, les h\u00f4pitaux, etc. Medmix am\u00e9liore le r\u00e9f\u00e9rencement pour les utilisateurs de MotoPress et garantit une optimisation efficace du contenu.<\/p>\n","protected":false},"featured_media":146953,"comment_status":"open","ping_status":"open","template":"","meta":[],"product_brand":[2777],"product_cat":[1516,1212,1213],"product_tag":[2370],"class_list":{"0":"post-139095","1":"product","2":"type-product","3":"status-publish","4":"has-post-thumbnail","6":"product_brand-motopress","7":"product_cat-entreprise","8":"product_cat-themes","9":"product_cat-wordpress-themes","10":"product_tag-motopress","11":"member-discount","12":"discount-restricted","14":"first","15":"instock","16":"sale","17":"downloadable","18":"virtual","19":"sold-individually","20":"purchasable","21":"product-type-simple"},"_links":{"self":[{"href":"https:\/\/gpl-love.com\/fr\/wp-json\/wp\/v2\/product\/139095","targetHints":{"allow":["GET"]}}],"collection":[{"href":"https:\/\/gpl-love.com\/fr\/wp-json\/wp\/v2\/product"}],"about":[{"href":"https:\/\/gpl-love.com\/fr\/wp-json\/wp\/v2\/types\/product"}],"replies":[{"embeddable":true,"href":"https:\/\/gpl-love.com\/fr\/wp-json\/wp\/v2\/comments?post=139095"}],"wp:featuredmedia":[{"embeddable":true,"href":"https:\/\/gpl-love.com\/fr\/wp-json\/wp\/v2\/media\/146953"}],"wp:attachment":[{"href":"https:\/\/gpl-love.com\/fr\/wp-json\/wp\/v2\/media?parent=139095"}],"wp:term":[{"taxonomy":"product_brand","embeddable":true,"href":"https:\/\/gpl-love.com\/fr\/wp-json\/wp\/v2\/product_brand?post=139095"},{"taxonomy":"product_cat","embeddable":true,"href":"https:\/\/gpl-love.com\/fr\/wp-json\/wp\/v2\/product_cat?post=139095"},{"taxonomy":"product_tag","embeddable":true,"href":"https:\/\/gpl-love.com\/fr\/wp-json\/wp\/v2\/product_tag?post=139095"}],"curies":[{"name":"wp","href":"https:\/\/api.w.org\/{rel}","templated":true}]}}