{"id":139093,"date":"2024-04-15T00:00:00","date_gmt":"2024-04-14T22:00:00","guid":{"rendered":"https:\/\/gpl-love.com\/fr\/produit\/motopress-luviana\/"},"modified":"2026-04-18T06:33:21","modified_gmt":"2026-04-18T04:33:21","slug":"motopress-luviana","status":"publish","type":"product","link":"https:\/\/gpl-love.com\/fr\/produit\/motopress-luviana\/","title":{"rendered":"MotoPress Luviana 1.6.0"},"content":{"rendered":"<h3>MotoPress Luviana Traits<\/h3>\n<ul>\n<li>L&rsquo;\u00e9l\u00e9gance professionnelle du th\u00e8me Luviana pour MotoPress<\/li>\n<li><\/li>\n<li>Id\u00e9al pour une grande vari\u00e9t\u00e9 d&rsquo;\u00e9tablissements, des h\u00f4tels 5 \u00e9toiles aux maisons d&rsquo;h\u00f4tes de charme<\/li>\n<li><\/li>\n<li>Int\u00e9gration parfaite avec l&rsquo;extension de r\u00e9servation d&rsquo;h\u00f4tels MotoPress<\/li>\n<li><\/li>\n<li>Syst\u00e8me de gestion h\u00f4teli\u00e8re ultime pour WordPress<\/li>\n<li><\/li>\n<li>Bien plus qu&rsquo;un simple th\u00e8me\u00a0: une solution compl\u00e8te et \u00e9conomique pour votre pr\u00e9sence en ligne<\/li>\n<li><\/li>\n<li>Parfait pour vous d\u00e9marquer dans le secteur de l&rsquo;h\u00f4tellerie<\/li>\n<li><\/li>\n<li>Th\u00e8me Luviana exclusif pour MotoPress<\/li>\n<li><\/li>\n<li>Sans frais suppl\u00e9mentaires<\/li>\n<li><\/li>\n<li>Installation facile<\/li>\n<li><\/li>\n<li>Mise en valeur de la perfection MotoPress pour WordPress<\/li>\n<\/ul>\n","protected":false},"excerpt":{"rendered":"<p>D\u00e9couvrez l&rsquo;\u00e9l\u00e9gance professionnelle de Luviana MotoPress, un mod\u00e8le de site web h\u00f4telier sophistiqu\u00e9, id\u00e9al pour une grande vari\u00e9t\u00e9 d&rsquo;\u00e9tablissements, des grands h\u00f4tels 5 \u00e9toiles aux charmantes maisons d&rsquo;h\u00f4tes de charme. Le th\u00e8me MotoPress s&rsquo;int\u00e8gre parfaitement avec l&rsquo;extension de r\u00e9servation d&rsquo;h\u00f4tel MotoPress, offrant ainsi le syst\u00e8me de gestion h\u00f4teli\u00e8re id\u00e9al pour WordPress. Avec le th\u00e8me Luviana pour WordPress, vous b\u00e9n\u00e9ficiez bien plus qu&rsquo;un simple th\u00e8me\u00a0: vous profitez d&rsquo;une solution compl\u00e8te et \u00e9conomique pour votre pr\u00e9sence en ligne. Affirmez votre style dans le secteur de l&rsquo;h\u00f4tellerie gr\u00e2ce \u00e0 l&rsquo;\u00e9l\u00e9gance unique du th\u00e8me Luviana de MotoPress. Sans frais suppl\u00e9mentaires, sans tracas, la perfection MotoPress pour WordPress.<\/p>\n","protected":false},"featured_media":146952,"comment_status":"open","ping_status":"open","template":"","meta":[],"product_brand":[2777],"product_cat":[1558,1212,1213],"product_tag":[2370],"class_list":{"0":"post-139093","1":"product","2":"type-product","3":"status-publish","4":"has-post-thumbnail","6":"product_brand-motopress","7":"product_cat-hotel-resort","8":"product_cat-themes","9":"product_cat-wordpress-themes","10":"product_tag-motopress","11":"member-discount","12":"discount-restricted","14":"first","15":"instock","16":"sale","17":"downloadable","18":"virtual","19":"sold-individually","20":"purchasable","21":"product-type-simple"},"_links":{"self":[{"href":"https:\/\/gpl-love.com\/fr\/wp-json\/wp\/v2\/product\/139093","targetHints":{"allow":["GET"]}}],"collection":[{"href":"https:\/\/gpl-love.com\/fr\/wp-json\/wp\/v2\/product"}],"about":[{"href":"https:\/\/gpl-love.com\/fr\/wp-json\/wp\/v2\/types\/product"}],"replies":[{"embeddable":true,"href":"https:\/\/gpl-love.com\/fr\/wp-json\/wp\/v2\/comments?post=139093"}],"wp:featuredmedia":[{"embeddable":true,"href":"https:\/\/gpl-love.com\/fr\/wp-json\/wp\/v2\/media\/146952"}],"wp:attachment":[{"href":"https:\/\/gpl-love.com\/fr\/wp-json\/wp\/v2\/media?parent=139093"}],"wp:term":[{"taxonomy":"product_brand","embeddable":true,"href":"https:\/\/gpl-love.com\/fr\/wp-json\/wp\/v2\/product_brand?post=139093"},{"taxonomy":"product_cat","embeddable":true,"href":"https:\/\/gpl-love.com\/fr\/wp-json\/wp\/v2\/product_cat?post=139093"},{"taxonomy":"product_tag","embeddable":true,"href":"https:\/\/gpl-love.com\/fr\/wp-json\/wp\/v2\/product_tag?post=139093"}],"curies":[{"name":"wp","href":"https:\/\/api.w.org\/{rel}","templated":true}]}}