{"id":139091,"date":"2024-04-01T00:00:00","date_gmt":"2024-03-31T22:00:00","guid":{"rendered":"https:\/\/gpl-love.com\/fr\/produit\/motopress-lotus-spa\/"},"modified":"2026-04-19T00:31:47","modified_gmt":"2026-04-18T22:31:47","slug":"motopress-lotus-spa","status":"publish","type":"product","link":"https:\/\/gpl-love.com\/fr\/produit\/motopress-lotus-spa\/","title":{"rendered":"MotoPress Lotus Spa 1.2.2"},"content":{"rendered":"<h3>MotoPress Lotus Spa Traits<\/h3>\n<p>Le th\u00e8me MotoPress Lotus Spa Treatments propose une offre de services et de lieux illimit\u00e9e, r\u00e9pondant ainsi \u00e0 une client\u00e8le diversifi\u00e9e. Il prend \u00e9galement en charge les horaires flexibles et le traitement des paiements en ligne, garantissant une exp\u00e9rience client fluide et sans tracas.<\/p>\n<p>Le th\u00e8me MotoPress Wellness Lotus Spa ne se limite pas \u00e0 la fonctionnalit\u00e9\u00a0; il cr\u00e9e \u00e9galement une pr\u00e9sence visuellement captivante. Gr\u00e2ce \u00e0 l&rsquo;int\u00e9gration d&rsquo;Elementor, notre th\u00e8me offre des options de personnalisation illimit\u00e9es. MotoPress Spa Services est ainsi le choix id\u00e9al pour les \u00e9tablissements qui accordent autant d&rsquo;importance \u00e0 l&rsquo;esth\u00e9tique qu&rsquo;\u00e0 la fonctionnalit\u00e9.<\/p>\n<ul>\n<li>Un design soign\u00e9, id\u00e9al pour les salons de coiffure, les centres de bien-\u00eatre et les studios de coiffure et d&rsquo;onglerie.<\/li>\n<li><\/li>\n<li>Int\u00e9gration fluide avec l&rsquo;extension de r\u00e9servation de rendez-vous MotoPress, une r\u00e9f\u00e9rence dans le domaine.<\/li>\n<li><\/li>\n<li>R\u00e9servations de rendez-vous en ligne enti\u00e8rement automatis\u00e9es pour un acc\u00e8s simplifi\u00e9 \u00e0 vos clients.<\/li>\n<li><\/li>\n<li>Offres de services et lieux illimit\u00e9s pour r\u00e9pondre \u00e0 tous les besoins.<\/li>\n<li><\/li>\n<li>Gestion flexible des horaires et acceptation des paiements en ligne pour une exp\u00e9rience client optimale.<\/li>\n<li>Pr\u00e9sence visuellement captivante gr\u00e2ce \u00e0 l&rsquo;int\u00e9gration d&rsquo;Elementor.<\/li>\n<li>Options de personnalisation illimit\u00e9es pour une esth\u00e9tique unique.<\/li>\n<li>Un \u00e9quilibre parfait entre esth\u00e9tique et fonctionnalit\u00e9.<\/li>\n<li>D\u00e9veloppez votre pr\u00e9sence en ligne et touchez une client\u00e8le plus large.<\/li>\n<li>Id\u00e9al pour les \u00e9tablissements qui accordent autant d&rsquo;importance \u00e0 l&rsquo;esth\u00e9tique qu&rsquo;\u00e0 la fonctionnalit\u00e9.<\/li>\n<\/ul>\n","protected":false},"excerpt":{"rendered":"<p>D\u00e9couvrez le luxe et le bien-\u00eatre \u00e0 leur apog\u00e9e avec le th\u00e8me WordPress Lotus Spa MotoPress, au design raffin\u00e9. Id\u00e9al pour les salons de coiffure, les centres de bien-\u00eatre et les instituts de beaut\u00e9, le th\u00e8me MotoPress Luxury Lotus Spa est la cl\u00e9 d&rsquo;une pr\u00e9sence en ligne r\u00e9ussie.<\/p>\n<p>Notre th\u00e8me Lotus Spa Services MotoPress s&rsquo;int\u00e8gre parfaitement avec l&rsquo;extension de r\u00e9servation de rendez-vous MotoPress, une solution haut de gamme. Votre entreprise peut ainsi proposer un syst\u00e8me de r\u00e9servation en ligne enti\u00e8rement automatis\u00e9, simplifiant l&rsquo;acc\u00e8s \u00e0 vos services pour vos clients.<\/p>\n","protected":false},"featured_media":146951,"comment_status":"open","ping_status":"open","template":"","meta":[],"product_brand":[2777],"product_cat":[1516,1212,1213],"product_tag":[2370],"class_list":{"0":"post-139091","1":"product","2":"type-product","3":"status-publish","4":"has-post-thumbnail","6":"product_brand-motopress","7":"product_cat-entreprise","8":"product_cat-themes","9":"product_cat-wordpress-themes","10":"product_tag-motopress","11":"member-discount","12":"discount-restricted","14":"first","15":"instock","16":"sale","17":"downloadable","18":"virtual","19":"sold-individually","20":"purchasable","21":"product-type-simple"},"_links":{"self":[{"href":"https:\/\/gpl-love.com\/fr\/wp-json\/wp\/v2\/product\/139091","targetHints":{"allow":["GET"]}}],"collection":[{"href":"https:\/\/gpl-love.com\/fr\/wp-json\/wp\/v2\/product"}],"about":[{"href":"https:\/\/gpl-love.com\/fr\/wp-json\/wp\/v2\/types\/product"}],"replies":[{"embeddable":true,"href":"https:\/\/gpl-love.com\/fr\/wp-json\/wp\/v2\/comments?post=139091"}],"wp:featuredmedia":[{"embeddable":true,"href":"https:\/\/gpl-love.com\/fr\/wp-json\/wp\/v2\/media\/146951"}],"wp:attachment":[{"href":"https:\/\/gpl-love.com\/fr\/wp-json\/wp\/v2\/media?parent=139091"}],"wp:term":[{"taxonomy":"product_brand","embeddable":true,"href":"https:\/\/gpl-love.com\/fr\/wp-json\/wp\/v2\/product_brand?post=139091"},{"taxonomy":"product_cat","embeddable":true,"href":"https:\/\/gpl-love.com\/fr\/wp-json\/wp\/v2\/product_cat?post=139091"},{"taxonomy":"product_tag","embeddable":true,"href":"https:\/\/gpl-love.com\/fr\/wp-json\/wp\/v2\/product_tag?post=139091"}],"curies":[{"name":"wp","href":"https:\/\/api.w.org\/{rel}","templated":true}]}}