{"id":139089,"date":"2024-04-01T00:00:00","date_gmt":"2024-03-31T22:00:00","guid":{"rendered":"https:\/\/gpl-love.com\/fr\/produit\/motopress-lorenty\/"},"modified":"2026-04-18T06:33:19","modified_gmt":"2026-04-18T04:33:19","slug":"motopress-lorenty","status":"publish","type":"product","link":"https:\/\/gpl-love.com\/fr\/produit\/motopress-lorenty\/","title":{"rendered":"MotoPress Lorenty 1.0.1"},"content":{"rendered":"<h3>MotoPress Lorenty Traits<\/h3>\n<ul>\n<li>Con\u00e7u sp\u00e9cifiquement pour les services de location de mat\u00e9riel<\/li>\n<li><\/li>\n<li>Optimis\u00e9 par la technologie robuste de MotoPress<\/li>\n<li><\/li>\n<li>Id\u00e9al pour les entreprises louant une grande vari\u00e9t\u00e9 d&rsquo;\u00e9quipements<\/li>\n<li><\/li>\n<li>Gestion et pr\u00e9sentation simplifi\u00e9es de votre inventaire de location<\/li>\n<li><\/li>\n<li>Permet \u00e0 votre entreprise de location de se d\u00e9marquer<\/li>\n<li><\/li>\n<li>Am\u00e9liore votre pr\u00e9sence en ligne<\/li>\n<li><\/li>\n<li>Booste votre r\u00e9f\u00e9rencement naturel<\/li>\n<li><\/li>\n<li>Fonctionnalit\u00e9s dynamiques et robustes<\/li>\n<li>Solution compl\u00e8te pour les entreprises de location<\/li>\n<li><\/li>\n<li>Convient \u00e0 la location de v\u00e9los, bateaux, mat\u00e9riel de f\u00eate et engins de chantier<\/li>\n<\/ul>\n","protected":false},"excerpt":{"rendered":"<p>D\u00e9couvrez les fonctionnalit\u00e9s dynamiques et performantes de MotoPress Lorenty, un th\u00e8me WordPress con\u00e7u sp\u00e9cifiquement pour les services de location de mat\u00e9riel. Propuls\u00e9 par MotoPress, Lorenty est la solution id\u00e9ale pour les entreprises louant une grande vari\u00e9t\u00e9 d&rsquo;\u00e9quipements, des v\u00e9los et bateaux aux engins de chantier ou machines lourdes. G\u00e9rez et mettez en valeur votre vaste catalogue de location en toute simplicit\u00e9 gr\u00e2ce au th\u00e8me MotoPress Lorenty. Cette solution compl\u00e8te assure la visibilit\u00e9 de votre entreprise de location, renforce votre pr\u00e9sence en ligne et am\u00e9liore votre r\u00e9f\u00e9rencement naturel.<\/p>\n","protected":false},"featured_media":146950,"comment_status":"open","ping_status":"open","template":"","meta":[],"product_brand":[2777],"product_cat":[1516,1212,1213],"product_tag":[2370],"class_list":{"0":"post-139089","1":"product","2":"type-product","3":"status-publish","4":"has-post-thumbnail","6":"product_brand-motopress","7":"product_cat-entreprise","8":"product_cat-themes","9":"product_cat-wordpress-themes","10":"product_tag-motopress","11":"member-discount","12":"discount-restricted","14":"first","15":"instock","16":"sale","17":"downloadable","18":"virtual","19":"sold-individually","20":"purchasable","21":"product-type-simple"},"_links":{"self":[{"href":"https:\/\/gpl-love.com\/fr\/wp-json\/wp\/v2\/product\/139089","targetHints":{"allow":["GET"]}}],"collection":[{"href":"https:\/\/gpl-love.com\/fr\/wp-json\/wp\/v2\/product"}],"about":[{"href":"https:\/\/gpl-love.com\/fr\/wp-json\/wp\/v2\/types\/product"}],"replies":[{"embeddable":true,"href":"https:\/\/gpl-love.com\/fr\/wp-json\/wp\/v2\/comments?post=139089"}],"wp:featuredmedia":[{"embeddable":true,"href":"https:\/\/gpl-love.com\/fr\/wp-json\/wp\/v2\/media\/146950"}],"wp:attachment":[{"href":"https:\/\/gpl-love.com\/fr\/wp-json\/wp\/v2\/media?parent=139089"}],"wp:term":[{"taxonomy":"product_brand","embeddable":true,"href":"https:\/\/gpl-love.com\/fr\/wp-json\/wp\/v2\/product_brand?post=139089"},{"taxonomy":"product_cat","embeddable":true,"href":"https:\/\/gpl-love.com\/fr\/wp-json\/wp\/v2\/product_cat?post=139089"},{"taxonomy":"product_tag","embeddable":true,"href":"https:\/\/gpl-love.com\/fr\/wp-json\/wp\/v2\/product_tag?post=139089"}],"curies":[{"name":"wp","href":"https:\/\/api.w.org\/{rel}","templated":true}]}}