{"id":139087,"date":"2024-04-01T00:00:00","date_gmt":"2024-03-31T22:00:00","guid":{"rendered":"https:\/\/gpl-love.com\/fr\/produit\/motopress-laveri\/"},"modified":"2026-03-21T00:01:53","modified_gmt":"2026-03-20T23:01:53","slug":"motopress-laveri","status":"publish","type":"product","link":"https:\/\/gpl-love.com\/fr\/produit\/motopress-laveri\/","title":{"rendered":"MotoPress Laveri 1.1.1"},"content":{"rendered":"<h3>MotoPress Laveri Traits<\/h3>\n<p>Plongez-vous dans le tutoriel MotoPress Laveri pour un guide pas \u00e0 pas sur l&rsquo;utilisation optimale de cette plateforme. D\u00e9couvrez les nombreuses fa\u00e7ons dont MotoPress Laveri peut optimiser votre boutique en ligne, que vous vendiez de la haute couture ou des cr\u00e9ations artisanales.<\/p>\n<p>En mati\u00e8re de prix, MotoPress Laveri offre un excellent rapport qualit\u00e9-prix. Abordable, il regorge de fonctionnalit\u00e9s qui rivalisent avec des alternatives bien plus on\u00e9reuses.<\/p>\n<ul>\n<li>Th\u00e8me WordPress WooCommerce d\u00e9di\u00e9 \u00e0 la mode<\/li>\n<li><\/li>\n<li>Sp\u00e9cialement con\u00e7u pour la vente en ligne de v\u00eatements, bijoux et accessoires<\/li>\n<li><\/li>\n<li>Page d&rsquo;accueil optimis\u00e9e pour le e-commerce<\/li>\n<li>Catalogues \u00e9pur\u00e9s<\/li>\n<li>Fiches produits compl\u00e8tes<\/li>\n<li>Fonctionnalit\u00e9s sociales int\u00e9gr\u00e9es<\/li>\n<li>Mod\u00e8le de boutique minimaliste pour une exp\u00e9rience d&rsquo;achat en ligne fluide<\/li>\n<li>Tutoriel pas \u00e0 pas pour une prise en main optimale<\/li>\n<li>Tarif abordable et excellent rapport qualit\u00e9-prix<\/li>\n<li>Id\u00e9al pour votre boutique en ligne, que vous vendiez de la haute couture ou des cr\u00e9ations artisanales<\/li>\n<\/ul>\n","protected":false},"excerpt":{"rendered":"<p>D\u00e9couvrez la puissance de MotoPress Laveri, un th\u00e8me WordPress WooCommerce d\u00e9di\u00e9 \u00e0 la mode, sp\u00e9cialement con\u00e7u pour la vente en ligne de v\u00eatements, bijoux et accessoires. Cet avis sur MotoPress Laveri vous pr\u00e9sentera les nombreux avantages de cette plateforme, avec sa page d&rsquo;accueil optimis\u00e9e pour le e-commerce et ses catalogues \u00e9pur\u00e9s.<\/p>\n<p>Explorez les fonctionnalit\u00e9s de MotoPress Laveri, notamment ses pages produits compl\u00e8tes et ses fonctionnalit\u00e9s sociales int\u00e9gr\u00e9es, le tout soigneusement int\u00e9gr\u00e9 dans un mod\u00e8le de boutique minimaliste. Votre exp\u00e9rience d&rsquo;achat en ligne devient ainsi simple et agr\u00e9able, mettant en valeur vos produits de fa\u00e7on optimale.<\/p>\n","protected":false},"featured_media":146949,"comment_status":"open","ping_status":"open","template":"","meta":[],"product_brand":[2777],"product_cat":[1516,1212,1213],"product_tag":[2370],"class_list":{"0":"post-139087","1":"product","2":"type-product","3":"status-publish","4":"has-post-thumbnail","6":"product_brand-motopress","7":"product_cat-entreprise","8":"product_cat-themes","9":"product_cat-wordpress-themes","10":"product_tag-motopress","11":"member-discount","12":"discount-restricted","14":"first","15":"instock","16":"sale","17":"downloadable","18":"virtual","19":"sold-individually","20":"purchasable","21":"product-type-simple"},"_links":{"self":[{"href":"https:\/\/gpl-love.com\/fr\/wp-json\/wp\/v2\/product\/139087","targetHints":{"allow":["GET"]}}],"collection":[{"href":"https:\/\/gpl-love.com\/fr\/wp-json\/wp\/v2\/product"}],"about":[{"href":"https:\/\/gpl-love.com\/fr\/wp-json\/wp\/v2\/types\/product"}],"replies":[{"embeddable":true,"href":"https:\/\/gpl-love.com\/fr\/wp-json\/wp\/v2\/comments?post=139087"}],"wp:featuredmedia":[{"embeddable":true,"href":"https:\/\/gpl-love.com\/fr\/wp-json\/wp\/v2\/media\/146949"}],"wp:attachment":[{"href":"https:\/\/gpl-love.com\/fr\/wp-json\/wp\/v2\/media?parent=139087"}],"wp:term":[{"taxonomy":"product_brand","embeddable":true,"href":"https:\/\/gpl-love.com\/fr\/wp-json\/wp\/v2\/product_brand?post=139087"},{"taxonomy":"product_cat","embeddable":true,"href":"https:\/\/gpl-love.com\/fr\/wp-json\/wp\/v2\/product_cat?post=139087"},{"taxonomy":"product_tag","embeddable":true,"href":"https:\/\/gpl-love.com\/fr\/wp-json\/wp\/v2\/product_tag?post=139087"}],"curies":[{"name":"wp","href":"https:\/\/api.w.org\/{rel}","templated":true}]}}