{"id":139085,"date":"2024-04-01T00:00:00","date_gmt":"2024-03-31T22:00:00","guid":{"rendered":"https:\/\/gpl-love.com\/fr\/produit\/motopress-frutta-verde\/"},"modified":"2026-04-18T06:33:18","modified_gmt":"2026-04-18T04:33:18","slug":"motopress-frutta-verde","status":"publish","type":"product","link":"https:\/\/gpl-love.com\/fr\/produit\/motopress-frutta-verde\/","title":{"rendered":"MotoPress Frutta Verde 1.0.3"},"content":{"rendered":"<h3>MotoPress Frutta Verde Traits<\/h3>\n<p>Les strat\u00e9gies MotoPress de Frutta Verde int\u00e8grent des passerelles de paiement pour un processus de paiement simple et rapide. Profitez des fonctionnalit\u00e9s d&rsquo;optimisation de contenu de MotoPress et de Frutta Verde pour rendre le contenu de votre site web attractif et optimis\u00e9 pour le r\u00e9f\u00e9rencement naturel.<\/p>\n<ul>\n<li>Con\u00e7u pour les commerces alimentaires, les march\u00e9s de producteurs et les magasins de fruits et l\u00e9gumes.<\/li>\n<li><\/li>\n<li>R\u00e9f\u00e9rencement MotoPress et Frutta Verde de pointe pour un positionnement optimal dans les moteurs de recherche.<\/li>\n<li><\/li>\n<li>Optimisation MotoPress et Frutta Verde pour booster les ventes en ligne aupr\u00e8s des restaurants et des particuliers.<\/li>\n<li><\/li>\n<li>Services de livraison et de plats \u00e0 emporter en option.<\/li>\n<li><\/li>\n<li>Design \u00e9pur\u00e9 pour une pr\u00e9sentation professionnelle et attrayante.<\/li>\n<li><\/li>\n<li>Options de personnalisation avanc\u00e9es pour une exp\u00e9rience utilisateur sur mesure.<\/li>\n<li>Passerelles de paiement int\u00e9gr\u00e9es pour un processus de paiement simple et rapide.<\/li>\n<li>Optimisation du contenu MotoPress et Frutta Verde pour un contenu web attractif et optimis\u00e9 pour le r\u00e9f\u00e9rencement.<\/li>\n<li><\/li>\n<li>Strat\u00e9gies con\u00e7ues pour faciliter le d\u00e9veloppement de votre activit\u00e9 en ligne, en garantissant une exp\u00e9rience client optimale et une conformit\u00e9 SEO.<\/li>\n<li><\/li>\n<li>Th\u00e8me Frutta Verde \u00e0 la pointe de la technologie pour une pr\u00e9sence en ligne performante.<\/li>\n<\/ul>\n","protected":false},"excerpt":{"rendered":"<p>D\u00e9couvrez les fonctionnalit\u00e9s dynamiques de MotoPress Frutta Verde, un th\u00e8me WooCommerce sp\u00e9cialement con\u00e7u pour les commerces alimentaires, les march\u00e9s de producteurs et les magasins de fruits et l\u00e9gumes. Gr\u00e2ce \u00e0 son r\u00e9f\u00e9rencement naturel (SEO) optimis\u00e9 pour MotoPress et Frutta Verde, ce th\u00e8me garantit un excellent positionnement de votre boutique en ligne dans les r\u00e9sultats des moteurs de recherche.<\/p>\n<p>L&rsquo;optimisation MotoPress Frutta Verde booste vos ventes en ligne aupr\u00e8s des restaurants et des particuliers, en proposant des services de livraison et de vente \u00e0 emporter. Avec ses designs \u00e9pur\u00e9s et ses nombreuses options de personnalisation, MotoPress Frutta Verde offre une exp\u00e9rience utilisateur optimale.<\/p>\n","protected":false},"featured_media":146948,"comment_status":"open","ping_status":"open","template":"","meta":[],"product_brand":[2777],"product_cat":[1238,1851,1212],"product_tag":[2370],"class_list":{"0":"post-139085","1":"product","2":"type-product","3":"status-publish","4":"has-post-thumbnail","6":"product_brand-motopress","7":"product_cat-commerce-electronique-themes","8":"product_cat-entreprise-commerce-electronique-themes","9":"product_cat-themes","10":"product_tag-motopress","11":"member-discount","12":"discount-restricted","14":"first","15":"instock","16":"sale","17":"downloadable","18":"virtual","19":"sold-individually","20":"purchasable","21":"product-type-simple"},"_links":{"self":[{"href":"https:\/\/gpl-love.com\/fr\/wp-json\/wp\/v2\/product\/139085","targetHints":{"allow":["GET"]}}],"collection":[{"href":"https:\/\/gpl-love.com\/fr\/wp-json\/wp\/v2\/product"}],"about":[{"href":"https:\/\/gpl-love.com\/fr\/wp-json\/wp\/v2\/types\/product"}],"replies":[{"embeddable":true,"href":"https:\/\/gpl-love.com\/fr\/wp-json\/wp\/v2\/comments?post=139085"}],"wp:featuredmedia":[{"embeddable":true,"href":"https:\/\/gpl-love.com\/fr\/wp-json\/wp\/v2\/media\/146948"}],"wp:attachment":[{"href":"https:\/\/gpl-love.com\/fr\/wp-json\/wp\/v2\/media?parent=139085"}],"wp:term":[{"taxonomy":"product_brand","embeddable":true,"href":"https:\/\/gpl-love.com\/fr\/wp-json\/wp\/v2\/product_brand?post=139085"},{"taxonomy":"product_cat","embeddable":true,"href":"https:\/\/gpl-love.com\/fr\/wp-json\/wp\/v2\/product_cat?post=139085"},{"taxonomy":"product_tag","embeddable":true,"href":"https:\/\/gpl-love.com\/fr\/wp-json\/wp\/v2\/product_tag?post=139085"}],"curies":[{"name":"wp","href":"https:\/\/api.w.org\/{rel}","templated":true}]}}