{"id":139083,"date":"2024-04-01T00:00:00","date_gmt":"2024-03-31T22:00:00","guid":{"rendered":"https:\/\/gpl-love.com\/fr\/produit\/motopress-profit\/"},"modified":"2026-03-21T00:01:51","modified_gmt":"2026-03-20T23:01:51","slug":"motopress-profit","status":"publish","type":"product","link":"https:\/\/gpl-love.com\/fr\/produit\/motopress-profit\/","title":{"rendered":"MotoPress Profit 1.6.5"},"content":{"rendered":"<h3>MotoPress Profit Traits<\/h3>\n<p>MotoPress Profit assure une communication efficace de votre message aupr\u00e8s de votre public gr\u00e2ce \u00e0 ses nombreux modules de contenu. Avec MotoPress Business Profit, cr\u00e9ez un profil en ligne performant qui non seulement compl\u00e8te, mais optimise \u00e9galement vos op\u00e9rations commerciales.<\/p>\n<p>Tirez profit du th\u00e8me MotoPress et propulsez votre entreprise vers de nouveaux sommets. Le th\u00e8me MotoPress Profit est bien plus qu&rsquo;un simple investissement\u00a0: c&rsquo;est un pas vers un avenir prosp\u00e8re.<\/p>\n<ul>\n<li>Th\u00e8me WordPress financier con\u00e7u sp\u00e9cifiquement pour les cabinets comptables, les courtiers, les consultants financiers, les compagnies d&rsquo;assurance et le secteur des cryptomonnaies.<\/li>\n<li><\/li>\n<li>Dot\u00e9 de widgets sp\u00e9cialis\u00e9s adapt\u00e9s au secteur financier.<\/li>\n<li><\/li>\n<li>En-t\u00eate enti\u00e8rement personnalisable avec trois mises en page uniques.<\/li>\n<li><\/li>\n<li>Un outil efficace pour renforcer votre pr\u00e9sence en ligne.<\/li>\n<li><\/li>\n<li>Garantit une communication efficace de votre message commercial.<\/li>\n<li><\/li>\n<li>Nombreux modules de contenu pour une grande vari\u00e9t\u00e9 de contenus.<\/li>\n<li><\/li>\n<li>Facilite la cr\u00e9ation d&rsquo;un profil en ligne performant pour compl\u00e9ter et optimiser vos op\u00e9rations commerciales.<\/li>\n<li><\/li>\n<li>Id\u00e9al pour propulser votre entreprise vers de nouveaux sommets.<\/li>\n<li><\/li>\n<li>Plus qu&rsquo;un simple investissement\u00a0: un pas vers un avenir prosp\u00e8re.<\/li>\n<li><\/li>\n<li>Offre une plateforme pour une croissance et un d\u00e9veloppement sans pr\u00e9c\u00e9dent.<\/li>\n<\/ul>\n","protected":false},"excerpt":{"rendered":"<p>D\u00e9veloppez votre activit\u00e9 comme jamais auparavant avec MotoPress Profit, un th\u00e8me WordPress financier con\u00e7u sp\u00e9cifiquement pour des secteurs tels que la comptabilit\u00e9, le courtage, le conseil financier, l&rsquo;assurance et l&rsquo;univers en constante \u00e9volution des cryptomonnaies. Augmentez vos profits avec MotoPress et propulsez votre entreprise vers de nouveaux sommets.<\/p>\n<p>MotoPress Profit n&rsquo;est pas qu&rsquo;un simple th\u00e8me\u00a0; c&rsquo;est un v\u00e9ritable outil professionnel, dot\u00e9 de widgets sp\u00e9cialis\u00e9s adapt\u00e9s au secteur financier. Le th\u00e8me propose \u00e9galement un diaporama d&rsquo;en-t\u00eate enti\u00e8rement personnalisable avec trois mises en page uniques. Ces fonctionnalit\u00e9s en font une solution de premier ordre pour les entreprises souhaitant optimiser leur pr\u00e9sence en ligne.<\/p>\n","protected":false},"featured_media":146947,"comment_status":"open","ping_status":"open","template":"","meta":[],"product_brand":[2777],"product_cat":[1516,1212,1213],"product_tag":[2370],"class_list":{"0":"post-139083","1":"product","2":"type-product","3":"status-publish","4":"has-post-thumbnail","6":"product_brand-motopress","7":"product_cat-entreprise","8":"product_cat-themes","9":"product_cat-wordpress-themes","10":"product_tag-motopress","11":"member-discount","12":"discount-restricted","14":"first","15":"instock","16":"sale","17":"downloadable","18":"virtual","19":"sold-individually","20":"purchasable","21":"product-type-simple"},"_links":{"self":[{"href":"https:\/\/gpl-love.com\/fr\/wp-json\/wp\/v2\/product\/139083","targetHints":{"allow":["GET"]}}],"collection":[{"href":"https:\/\/gpl-love.com\/fr\/wp-json\/wp\/v2\/product"}],"about":[{"href":"https:\/\/gpl-love.com\/fr\/wp-json\/wp\/v2\/types\/product"}],"replies":[{"embeddable":true,"href":"https:\/\/gpl-love.com\/fr\/wp-json\/wp\/v2\/comments?post=139083"}],"wp:featuredmedia":[{"embeddable":true,"href":"https:\/\/gpl-love.com\/fr\/wp-json\/wp\/v2\/media\/146947"}],"wp:attachment":[{"href":"https:\/\/gpl-love.com\/fr\/wp-json\/wp\/v2\/media?parent=139083"}],"wp:term":[{"taxonomy":"product_brand","embeddable":true,"href":"https:\/\/gpl-love.com\/fr\/wp-json\/wp\/v2\/product_brand?post=139083"},{"taxonomy":"product_cat","embeddable":true,"href":"https:\/\/gpl-love.com\/fr\/wp-json\/wp\/v2\/product_cat?post=139083"},{"taxonomy":"product_tag","embeddable":true,"href":"https:\/\/gpl-love.com\/fr\/wp-json\/wp\/v2\/product_tag?post=139083"}],"curies":[{"name":"wp","href":"https:\/\/api.w.org\/{rel}","templated":true}]}}