{"id":139081,"date":"2024-04-01T00:00:00","date_gmt":"2024-03-31T22:00:00","guid":{"rendered":"https:\/\/gpl-love.com\/fr\/produit\/motopress-emmet-next\/"},"modified":"2026-04-18T06:33:17","modified_gmt":"2026-04-18T04:33:17","slug":"motopress-emmet-next","status":"publish","type":"product","link":"https:\/\/gpl-love.com\/fr\/produit\/motopress-emmet-next\/","title":{"rendered":"MotoPress Emmet Next 0.3.9"},"content":{"rendered":"<h3>MotoPress Emmet Next Traits<\/h3>\n<ul>\n<li>\u00c9l\u00e9gance et puret\u00e9 du design du th\u00e8me WordPress Emmet Next Business<\/li>\n<li><\/li>\n<li>Performances exceptionnelles pour une exp\u00e9rience utilisateur fluide<\/li>\n<li><\/li>\n<li>Modules de contenu personnalis\u00e9s pour une personnalisation unique de votre site web<\/li>\n<li><\/li>\n<li>Int\u00e9gration parfaite de MotoPress Emmet et Emmet Next<\/li>\n<li><\/li>\n<li>Performances optimis\u00e9es gr\u00e2ce \u00e0 la synergie de l&rsquo;int\u00e9gration<\/li>\n<li><\/li>\n<li>Exp\u00e9rience utilisateur in\u00e9gal\u00e9e pour une pr\u00e9sentation de portfolio remarquable<\/li>\n<li><\/li>\n<li>Con\u00e7u pour sublimer les sites web de portfolio professionnels<\/li>\n<li>Mise \u00e0 niveau impressionnante du th\u00e8me Emmet, le plus performant de MotoPress<\/li>\n<li>Fiable et performant pour une pr\u00e9sence num\u00e9rique solide<\/li>\n<li>Qualit\u00e9 et design haut de gamme sign\u00e9s MotoPress<\/li>\n<\/ul>\n","protected":false},"excerpt":{"rendered":"<p>D\u00e9couvrez la puissance d&rsquo;Emmet Next, un th\u00e8me WordPress Business haut de gamme sign\u00e9 MotoPress, con\u00e7u pour propulser les sites web portfolio professionnels vers de nouveaux sommets. \u00c9volution remarquable du th\u00e8me le plus performant de MotoPress, Emmet Next, Emmet Next se distingue par son design \u00e9pur\u00e9 et \u00e9l\u00e9gant, ses performances exceptionnelles et sa gamme de modules de contenu personnalis\u00e9s. Profitez de l&rsquo;int\u00e9gration parfaite entre MotoPress Emmet et Emmet Next, cr\u00e9ant une synergie qui optimise les performances globales de votre site web. Avec MotoPress Next, offrez-vous une exp\u00e9rience utilisateur in\u00e9gal\u00e9e et assurez-vous que votre portfolio se d\u00e9marque dans l&rsquo;univers num\u00e9rique.<\/p>\n","protected":false},"featured_media":146946,"comment_status":"open","ping_status":"open","template":"","meta":[],"product_brand":[2777],"product_cat":[1516,1212,1213],"product_tag":[2370],"class_list":{"0":"post-139081","1":"product","2":"type-product","3":"status-publish","4":"has-post-thumbnail","6":"product_brand-motopress","7":"product_cat-entreprise","8":"product_cat-themes","9":"product_cat-wordpress-themes","10":"product_tag-motopress","11":"member-discount","12":"discount-restricted","14":"first","15":"instock","16":"sale","17":"downloadable","18":"virtual","19":"sold-individually","20":"purchasable","21":"product-type-simple"},"_links":{"self":[{"href":"https:\/\/gpl-love.com\/fr\/wp-json\/wp\/v2\/product\/139081","targetHints":{"allow":["GET"]}}],"collection":[{"href":"https:\/\/gpl-love.com\/fr\/wp-json\/wp\/v2\/product"}],"about":[{"href":"https:\/\/gpl-love.com\/fr\/wp-json\/wp\/v2\/types\/product"}],"replies":[{"embeddable":true,"href":"https:\/\/gpl-love.com\/fr\/wp-json\/wp\/v2\/comments?post=139081"}],"wp:featuredmedia":[{"embeddable":true,"href":"https:\/\/gpl-love.com\/fr\/wp-json\/wp\/v2\/media\/146946"}],"wp:attachment":[{"href":"https:\/\/gpl-love.com\/fr\/wp-json\/wp\/v2\/media?parent=139081"}],"wp:term":[{"taxonomy":"product_brand","embeddable":true,"href":"https:\/\/gpl-love.com\/fr\/wp-json\/wp\/v2\/product_brand?post=139081"},{"taxonomy":"product_cat","embeddable":true,"href":"https:\/\/gpl-love.com\/fr\/wp-json\/wp\/v2\/product_cat?post=139081"},{"taxonomy":"product_tag","embeddable":true,"href":"https:\/\/gpl-love.com\/fr\/wp-json\/wp\/v2\/product_tag?post=139081"}],"curies":[{"name":"wp","href":"https:\/\/api.w.org\/{rel}","templated":true}]}}