{"id":139079,"date":"2024-04-01T00:00:00","date_gmt":"2024-03-31T22:00:00","guid":{"rendered":"https:\/\/gpl-love.com\/fr\/produit\/motopress-edme\/"},"modified":"2026-03-21T00:01:50","modified_gmt":"2026-03-20T23:01:50","slug":"motopress-edme","status":"publish","type":"product","link":"https:\/\/gpl-love.com\/fr\/produit\/motopress-edme\/","title":{"rendered":"MotoPress Edme 1.4.3"},"content":{"rendered":"<h3>MotoPress Edme Traits<\/h3>\n<ul>\n<li>Th\u00e8me WordPress sp\u00e9cialis\u00e9 pour les cours en ligne et en pr\u00e9sentiel<\/li>\n<li><\/li>\n<li>Id\u00e9al pour les centres de soutien scolaire, les formateurs ind\u00e9pendants et les organismes de formation<\/li>\n<li><\/li>\n<li>Int\u00e9gration fluide avec l&rsquo;extension de r\u00e9servation de cours MotoPress<\/li>\n<li><\/li>\n<li>Assistant de r\u00e9servation intuitif pour une inscription simplifi\u00e9e aux cours et aux formations<\/li>\n<li><\/li>\n<li>Un parfait \u00e9quilibre entre fonctionnalit\u00e9 et esth\u00e9tique<\/li>\n<li><\/li>\n<li>Am\u00e9liore le r\u00e9f\u00e9rencement de votre plateforme \u00e9ducative sur les moteurs de recherche<\/li>\n<li><\/li>\n<li>R\u00e9servation de cours simplifi\u00e9e gr\u00e2ce \u00e0 la technologie MotoPress et au th\u00e8me Edme<\/li>\n<li><\/li>\n<li>Th\u00e8me personnalisable pour r\u00e9pondre \u00e0 tous vos besoins<\/li>\n<li>Exp\u00e9rience utilisateur optimale gr\u00e2ce \u00e0 une navigation intuitive<\/li>\n<li><\/li>\n<li>Compatible avec tous les appareils et navigateurs pour une exp\u00e9rience utilisateur fluide<\/li>\n<\/ul>\n","protected":false},"excerpt":{"rendered":"<p>D\u00e9couvrez la puissance de MotoPress Edme, un th\u00e8me WordPress sp\u00e9cialis\u00e9 con\u00e7u pour les cours en ligne et en pr\u00e9sentiel. Id\u00e9al pour les centres de soutien scolaire, les formateurs ind\u00e9pendants et divers organismes de formation, Edme s&rsquo;int\u00e8gre parfaitement avec l&rsquo;extension MotoPress Appointment Booking. Cette fonctionnalit\u00e9 unique propose un assistant de r\u00e9servation intuitif, simplifiant ainsi l&rsquo;inscription aux cours et aux formations. Avec MotoPress Edme, profitez d&rsquo;une harmonie parfaite entre fonctionnalit\u00e9 et style pour optimiser le r\u00e9f\u00e9rencement de votre plateforme \u00e9ducative. B\u00e9n\u00e9ficiez de la technologie MotoPress gr\u00e2ce au th\u00e8me Edme\u00a0: r\u00e9server des cours n&rsquo;a jamais \u00e9t\u00e9 aussi simple.<\/p>\n","protected":false},"featured_media":146945,"comment_status":"open","ping_status":"open","template":"","meta":[],"product_brand":[2777],"product_cat":[1516,1212,1213],"product_tag":[2370],"class_list":{"0":"post-139079","1":"product","2":"type-product","3":"status-publish","4":"has-post-thumbnail","6":"product_brand-motopress","7":"product_cat-entreprise","8":"product_cat-themes","9":"product_cat-wordpress-themes","10":"product_tag-motopress","11":"member-discount","12":"discount-restricted","14":"first","15":"instock","16":"sale","17":"downloadable","18":"virtual","19":"sold-individually","20":"purchasable","21":"product-type-simple"},"_links":{"self":[{"href":"https:\/\/gpl-love.com\/fr\/wp-json\/wp\/v2\/product\/139079","targetHints":{"allow":["GET"]}}],"collection":[{"href":"https:\/\/gpl-love.com\/fr\/wp-json\/wp\/v2\/product"}],"about":[{"href":"https:\/\/gpl-love.com\/fr\/wp-json\/wp\/v2\/types\/product"}],"replies":[{"embeddable":true,"href":"https:\/\/gpl-love.com\/fr\/wp-json\/wp\/v2\/comments?post=139079"}],"wp:featuredmedia":[{"embeddable":true,"href":"https:\/\/gpl-love.com\/fr\/wp-json\/wp\/v2\/media\/146945"}],"wp:attachment":[{"href":"https:\/\/gpl-love.com\/fr\/wp-json\/wp\/v2\/media?parent=139079"}],"wp:term":[{"taxonomy":"product_brand","embeddable":true,"href":"https:\/\/gpl-love.com\/fr\/wp-json\/wp\/v2\/product_brand?post=139079"},{"taxonomy":"product_cat","embeddable":true,"href":"https:\/\/gpl-love.com\/fr\/wp-json\/wp\/v2\/product_cat?post=139079"},{"taxonomy":"product_tag","embeddable":true,"href":"https:\/\/gpl-love.com\/fr\/wp-json\/wp\/v2\/product_tag?post=139079"}],"curies":[{"name":"wp","href":"https:\/\/api.w.org\/{rel}","templated":true}]}}