{"id":139077,"date":"2024-04-01T00:00:00","date_gmt":"2024-03-31T22:00:00","guid":{"rendered":"https:\/\/gpl-love.com\/fr\/produit\/motopress-creatista\/"},"modified":"2026-04-18T06:33:16","modified_gmt":"2026-04-18T04:33:16","slug":"motopress-creatista","status":"publish","type":"product","link":"https:\/\/gpl-love.com\/fr\/produit\/motopress-creatista\/","title":{"rendered":"MotoPress Creatista 1.1.2"},"content":{"rendered":"<h3>MotoPress Creatista Traits<\/h3>\n<p>Avec l&rsquo;optimisation de contenu MotoPress, votre portfolio sera non seulement magnifique, mais il b\u00e9n\u00e9ficiera \u00e9galement d&rsquo;un excellent r\u00e9f\u00e9rencement. Le SEO pour MotoPress Creatista garantit une visibilit\u00e9 optimale de vos cr\u00e9ations en ligne, mettant ainsi votre talent artistique en avant aupr\u00e8s de votre public cible.<\/p>\n<p>Optimiser MotoPress Creatista n&rsquo;a jamais \u00e9t\u00e9 aussi simple\u00a0: le th\u00e8me propose une mise en page minimaliste et \u00e9quilibr\u00e9e ainsi que des portfolios flexibles, pour une installation simplifi\u00e9e. Afin d&rsquo;am\u00e9liorer encore la visibilit\u00e9 de votre site, l&rsquo;optimisation des mots-cl\u00e9s est int\u00e9gr\u00e9e \u00e0 MotoPress Creatista, assurant ainsi \u00e0 vos cr\u00e9ations la reconnaissance qu&rsquo;elles m\u00e9ritent sur Internet.<\/p>\n<ul>\n<li>Con\u00e7u sp\u00e9cifiquement pour mettre en valeur les cr\u00e9ations artistiques de designers, illustrateurs et artistes.<\/li>\n<li><\/li>\n<li>Optimis\u00e9 pour une visibilit\u00e9 maximale.<\/li>\n<li><\/li>\n<li>Id\u00e9al pour divers domaines cr\u00e9atifs, notamment l&rsquo;illustration, le dessin humoristique, le design de produits, le fan art, la polygraphie, le dessin \u00e0 la main et bien plus encore.<\/li>\n<li><\/li>\n<li>Inclut l&rsquo;optimisation de contenu MotoPress pour des portfolios exceptionnels et un r\u00e9f\u00e9rencement optimal.<\/li>\n<li><\/li>\n<li>L&rsquo;int\u00e9gration SEO garantit une visibilit\u00e9 accrue des cr\u00e9ations en ligne.<\/li>\n<li><\/li>\n<li>Un design minimaliste associ\u00e9 \u00e0 des portfolios flexibles.<\/li>\n<li><\/li>\n<li>Installation simple et rapide.<\/li>\n<li><\/li>\n<li>Optimisation des mots-cl\u00e9s MotoPress Creatista int\u00e9gr\u00e9e pour une meilleure visibilit\u00e9 du site.<\/li>\n<li><\/li>\n<li>L&rsquo;alliance parfaite de la cr\u00e9ativit\u00e9 et du SEO, pour mettre en avant les talents artistiques.<\/li>\n<li><\/li>\n<li>Un excellent choix pour les cr\u00e9ateurs souhaitant valoriser leur portfolio.<\/li>\n<\/ul>\n","protected":false},"excerpt":{"rendered":"<p>Sublimez votre portfolio cr\u00e9atif avec Creatista MotoPress, le th\u00e8me WordPress id\u00e9al pour mettre en valeur les cr\u00e9ations artistiques de designers, illustrateurs et artistes. Notre th\u00e8me MotoPress Creatista SEO est sp\u00e9cialement con\u00e7u pour une visibilit\u00e9 optimale, ce qui en fait un choix incontournable pour les cr\u00e9ateurs de tous horizons\u00a0: illustration, dessin anim\u00e9, design produit, fan art, polygraphie, croquis et bien plus encore.<\/p>\n","protected":false},"featured_media":146944,"comment_status":"open","ping_status":"open","template":"","meta":[],"product_brand":[2777],"product_cat":[1242,1212,1213],"product_tag":[2370],"class_list":{"0":"post-139077","1":"product","2":"type-product","3":"status-publish","4":"has-post-thumbnail","6":"product_brand-motopress","7":"product_cat-creatif","8":"product_cat-themes","9":"product_cat-wordpress-themes","10":"product_tag-motopress","11":"member-discount","12":"discount-restricted","14":"first","15":"instock","16":"sale","17":"downloadable","18":"virtual","19":"sold-individually","20":"purchasable","21":"product-type-simple"},"_links":{"self":[{"href":"https:\/\/gpl-love.com\/fr\/wp-json\/wp\/v2\/product\/139077","targetHints":{"allow":["GET"]}}],"collection":[{"href":"https:\/\/gpl-love.com\/fr\/wp-json\/wp\/v2\/product"}],"about":[{"href":"https:\/\/gpl-love.com\/fr\/wp-json\/wp\/v2\/types\/product"}],"replies":[{"embeddable":true,"href":"https:\/\/gpl-love.com\/fr\/wp-json\/wp\/v2\/comments?post=139077"}],"wp:featuredmedia":[{"embeddable":true,"href":"https:\/\/gpl-love.com\/fr\/wp-json\/wp\/v2\/media\/146944"}],"wp:attachment":[{"href":"https:\/\/gpl-love.com\/fr\/wp-json\/wp\/v2\/media?parent=139077"}],"wp:term":[{"taxonomy":"product_brand","embeddable":true,"href":"https:\/\/gpl-love.com\/fr\/wp-json\/wp\/v2\/product_brand?post=139077"},{"taxonomy":"product_cat","embeddable":true,"href":"https:\/\/gpl-love.com\/fr\/wp-json\/wp\/v2\/product_cat?post=139077"},{"taxonomy":"product_tag","embeddable":true,"href":"https:\/\/gpl-love.com\/fr\/wp-json\/wp\/v2\/product_tag?post=139077"}],"curies":[{"name":"wp","href":"https:\/\/api.w.org\/{rel}","templated":true}]}}