{"id":139073,"date":"2024-08-21T00:00:00","date_gmt":"2024-08-20T22:00:00","guid":{"rendered":"https:\/\/gpl-love.com\/fr\/produit\/motopress-ciestra\/"},"modified":"2026-04-18T06:33:15","modified_gmt":"2026-04-18T04:33:15","slug":"motopress-ciestra","status":"publish","type":"product","link":"https:\/\/gpl-love.com\/fr\/produit\/motopress-ciestra\/","title":{"rendered":"MotoPress Ciestra 1.7.0"},"content":{"rendered":"<h3>MotoPress Ciestra Traits<\/h3>\n<p>Le th\u00e8me Ciestra est un choix de premier ordre parmi les th\u00e8mes WordPress pour la location immobili\u00e8re, vous assurant une visibilit\u00e9 optimale sur le march\u00e9 local. Il ne s&rsquo;agit pas d&rsquo;un simple th\u00e8me, mais d&rsquo;une solution MotoPress compl\u00e8te offrant une exp\u00e9rience mobile fluide pour les r\u00e9servations.<\/p>\n<p>Notre th\u00e8me Ciestra MotoPress int\u00e8gre des outils SEO intuitifs pour am\u00e9liorer votre r\u00e9f\u00e9rencement et vous donner un avantage concurrentiel. De plus, ce th\u00e8me MotoPress propose la synchronisation avec les agences de voyages en ligne (OTA), une fonctionnalit\u00e9 qui le distingue des autres th\u00e8mes pour la location immobili\u00e8re.<\/p>\n<ul>\n<li>Solution de r\u00e9servation h\u00f4teli\u00e8re MotoPress pour votre site web<\/li>\n<li><\/li>\n<li>Sp\u00e9cialement con\u00e7ue avec un syst\u00e8me de r\u00e9servation MotoPress<\/li>\n<li>Interface visuelle intuitive pour la gestion des biens et l&rsquo;\u00e9dition du site web<\/li>\n<li><\/li>\n<li>Id\u00e9ale pour les utilisateurs sans comp\u00e9tences techniques<\/li>\n<li>Un th\u00e8me WordPress haut de gamme pour la location immobili\u00e8re<\/li>\n<li><\/li>\n<li>Exp\u00e9rience mobile optimale pour les r\u00e9servations<\/li>\n<li>Outils SEO faciles \u00e0 utiliser<\/li>\n<li>Synchronisation OTA int\u00e9gr\u00e9e<\/li>\n<li>Se distingue des autres th\u00e8mes de location immobili\u00e8re<\/li>\n<li>Id\u00e9al pour d\u00e9velopper votre activit\u00e9 de location immobili\u00e8re<\/li>\n<\/ul>\n","protected":false},"excerpt":{"rendered":"<p>D\u00e9couvrez la puissance de MotoPress Ciestra, la solution de r\u00e9servation h\u00f4teli\u00e8re MotoPress par excellence pour votre site web. Le th\u00e8me WordPress Ciestra est sp\u00e9cialement con\u00e7u avec un syst\u00e8me de r\u00e9servation MotoPress offrant une interface visuelle intuitive et des fonctionnalit\u00e9s d&rsquo;\u00e9dition de site web performantes, id\u00e9ales pour les utilisateurs sans connaissances techniques.<\/p>\n","protected":false},"featured_media":146942,"comment_status":"open","ping_status":"open","template":"","meta":[],"product_brand":[2777],"product_cat":[1516,1212,1213],"product_tag":[2370],"class_list":{"0":"post-139073","1":"product","2":"type-product","3":"status-publish","4":"has-post-thumbnail","6":"product_brand-motopress","7":"product_cat-entreprise","8":"product_cat-themes","9":"product_cat-wordpress-themes","10":"product_tag-motopress","11":"member-discount","12":"discount-restricted","14":"first","15":"instock","16":"sale","17":"downloadable","18":"virtual","19":"sold-individually","20":"purchasable","21":"product-type-simple"},"_links":{"self":[{"href":"https:\/\/gpl-love.com\/fr\/wp-json\/wp\/v2\/product\/139073","targetHints":{"allow":["GET"]}}],"collection":[{"href":"https:\/\/gpl-love.com\/fr\/wp-json\/wp\/v2\/product"}],"about":[{"href":"https:\/\/gpl-love.com\/fr\/wp-json\/wp\/v2\/types\/product"}],"replies":[{"embeddable":true,"href":"https:\/\/gpl-love.com\/fr\/wp-json\/wp\/v2\/comments?post=139073"}],"wp:featuredmedia":[{"embeddable":true,"href":"https:\/\/gpl-love.com\/fr\/wp-json\/wp\/v2\/media\/146942"}],"wp:attachment":[{"href":"https:\/\/gpl-love.com\/fr\/wp-json\/wp\/v2\/media?parent=139073"}],"wp:term":[{"taxonomy":"product_brand","embeddable":true,"href":"https:\/\/gpl-love.com\/fr\/wp-json\/wp\/v2\/product_brand?post=139073"},{"taxonomy":"product_cat","embeddable":true,"href":"https:\/\/gpl-love.com\/fr\/wp-json\/wp\/v2\/product_cat?post=139073"},{"taxonomy":"product_tag","embeddable":true,"href":"https:\/\/gpl-love.com\/fr\/wp-json\/wp\/v2\/product_tag?post=139073"}],"curies":[{"name":"wp","href":"https:\/\/api.w.org\/{rel}","templated":true}]}}