{"id":139071,"date":"2024-04-01T00:00:00","date_gmt":"2024-03-31T22:00:00","guid":{"rendered":"https:\/\/gpl-love.com\/fr\/produit\/motopress-carni-rosso\/"},"modified":"2026-03-21T00:01:45","modified_gmt":"2026-03-20T23:01:45","slug":"motopress-carni-rosso","status":"publish","type":"product","link":"https:\/\/gpl-love.com\/fr\/produit\/motopress-carni-rosso\/","title":{"rendered":"MotoPress Carni Rosso 1.0.3"},"content":{"rendered":"<h3>MotoPress Carni Rosso Traits<\/h3>\n<p>Notre th\u00e8me Rosso MotoPress propose des espaces d\u00e9di\u00e9s \u00e0 vos produits phares, les mettant en valeur pour attirer davantage de clients. Il comprend \u00e9galement des zones sp\u00e9cifiques pour les cat\u00e9gories, facilitant ainsi la navigation de vos clients \u00e0 travers votre gamme de produits.<\/p>\n<p>L&rsquo;un des atouts majeurs de MotoPress Rosso Carni est sa mise en avant des meilleures ventes. Cette fonctionnalit\u00e9 permet \u00e0 vos clients de d\u00e9couvrir les produits les plus populaires et de prendre des d\u00e9cisions d&rsquo;achat rapides et faciles.<\/p>\n<ul>\n<li>Exp\u00e9rience d&rsquo;achat en ligne fluide pour les boucheries, poissonneries et commerces similaires.<\/li>\n<li><\/li>\n<li>Th\u00e8me WooCommerce complet, con\u00e7u avec soin pour divers commerces alimentaires.<\/li>\n<li><\/li>\n<li>Un design de qualit\u00e9 sup\u00e9rieure permettant aux clients de commander leurs plats pr\u00e9f\u00e9r\u00e9s en ligne depuis n&rsquo;importe quel appareil.<\/li>\n<li><\/li>\n<li>Enti\u00e8rement optimis\u00e9 pour la vente en ligne, avec un service de livraison et de plats \u00e0 emporter efficace.<\/li>\n<li><\/li>\n<li>Solution id\u00e9ale pour les entreprises souhaitant \u00e9tendre leur client\u00e8le et augmenter leurs ventes.<\/li>\n<li><\/li>\n<li>Espaces d\u00e9di\u00e9s aux produits phares, mis en valeur pour attirer davantage de clients.<\/li>\n<li><\/li>\n<li>Zones sp\u00e9cifiques pour les cat\u00e9gories, facilitant la navigation parmi la vaste gamme de produits.<\/li>\n<li><\/li>\n<li>Mise en avant des meilleures ventes pour faciliter les achats.<\/li>\n<li><\/li>\n<li>Un service client irr\u00e9prochable pour une exp\u00e9rience d&rsquo;achat optimale.<\/li>\n<li><\/li>\n<li>Flexibilit\u00e9 et adaptabilit\u00e9 pour r\u00e9pondre aux besoins sp\u00e9cifiques de chaque entreprise et aux pr\u00e9f\u00e9rences des clients.<\/li>\n<\/ul>\n","protected":false},"excerpt":{"rendered":"<p>D\u00e9couvrez une exp\u00e9rience d&rsquo;achat en ligne fluide avec Carni Rosso MotoPress. Notre th\u00e8me WooCommerce complet est con\u00e7u avec soin pour les boucheries, les poissonneries et autres commerces similaires. Gr\u00e2ce \u00e0 son design \u00e9l\u00e9gant, Carni Rosso MotoPress permet \u00e0 vos clients de commander leurs plats pr\u00e9f\u00e9r\u00e9s en ligne depuis n&rsquo;importe quel appareil.<\/p>\n<p>Le th\u00e8me MotoPress Carni est enti\u00e8rement optimis\u00e9 pour la vente en ligne, garantissant un service de livraison et de plats \u00e0 emporter efficace. C&rsquo;est la solution id\u00e9ale pour les entreprises souhaitant \u00e9tendre leur client\u00e8le et dynamiser leurs ventes.<\/p>\n","protected":false},"featured_media":146941,"comment_status":"open","ping_status":"open","template":"","meta":[],"product_brand":[2777],"product_cat":[1516,1212,1213],"product_tag":[2370],"class_list":{"0":"post-139071","1":"product","2":"type-product","3":"status-publish","4":"has-post-thumbnail","6":"product_brand-motopress","7":"product_cat-entreprise","8":"product_cat-themes","9":"product_cat-wordpress-themes","10":"product_tag-motopress","11":"member-discount","12":"discount-restricted","14":"first","15":"instock","16":"sale","17":"downloadable","18":"virtual","19":"sold-individually","20":"purchasable","21":"product-type-simple"},"_links":{"self":[{"href":"https:\/\/gpl-love.com\/fr\/wp-json\/wp\/v2\/product\/139071","targetHints":{"allow":["GET"]}}],"collection":[{"href":"https:\/\/gpl-love.com\/fr\/wp-json\/wp\/v2\/product"}],"about":[{"href":"https:\/\/gpl-love.com\/fr\/wp-json\/wp\/v2\/types\/product"}],"replies":[{"embeddable":true,"href":"https:\/\/gpl-love.com\/fr\/wp-json\/wp\/v2\/comments?post=139071"}],"wp:featuredmedia":[{"embeddable":true,"href":"https:\/\/gpl-love.com\/fr\/wp-json\/wp\/v2\/media\/146941"}],"wp:attachment":[{"href":"https:\/\/gpl-love.com\/fr\/wp-json\/wp\/v2\/media?parent=139071"}],"wp:term":[{"taxonomy":"product_brand","embeddable":true,"href":"https:\/\/gpl-love.com\/fr\/wp-json\/wp\/v2\/product_brand?post=139071"},{"taxonomy":"product_cat","embeddable":true,"href":"https:\/\/gpl-love.com\/fr\/wp-json\/wp\/v2\/product_cat?post=139071"},{"taxonomy":"product_tag","embeddable":true,"href":"https:\/\/gpl-love.com\/fr\/wp-json\/wp\/v2\/product_tag?post=139071"}],"curies":[{"name":"wp","href":"https:\/\/api.w.org\/{rel}","templated":true}]}}