{"id":139069,"date":"2024-04-01T00:00:00","date_gmt":"2024-03-31T22:00:00","guid":{"rendered":"https:\/\/gpl-love.com\/fr\/produit\/motopress-campterra\/"},"modified":"2026-03-21T00:01:44","modified_gmt":"2026-03-20T23:01:44","slug":"motopress-campterra","status":"publish","type":"product","link":"https:\/\/gpl-love.com\/fr\/produit\/motopress-campterra\/","title":{"rendered":"MotoPress Campterra 1.5.4"},"content":{"rendered":"<h3>MotoPress Campterra Traits<\/h3>\n<p>Le syst\u00e8me de gestion de camping MotoPress int\u00e8gre un plugin de r\u00e9servation WordPress pour g\u00e9rer efficacement toutes vos r\u00e9servations en ligne. Gr\u00e2ce \u00e0 l&rsquo;application MotoPress Campterra, la personnalisation visuelle du th\u00e8me est un jeu d&rsquo;enfant, vous permettant ainsi de d\u00e9velopper efficacement votre image de marque en ligne.<\/p>\n<p>Camping MotoPress n&rsquo;est pas qu&rsquo;un simple th\u00e8me\u00a0; c&rsquo;est une solution compl\u00e8te pour la gestion de votre camping et de votre site de loisirs de plein air. Le syst\u00e8me Campterra MotoPress garantit le bon fonctionnement et la gestion de votre activit\u00e9 en ligne.<\/p>\n<ul>\n<li>Th\u00e8me WordPress sp\u00e9cialis\u00e9, con\u00e7u sp\u00e9cifiquement pour les campings, les parcs de caravanes et plus encore.<\/li>\n<li><\/li>\n<li>Permet de louer facilement des h\u00e9bergements ou des caravanes et de proposer des emplacements pour caravanes.<\/li>\n<li><\/li>\n<li>Int\u00e8gre un plugin de r\u00e9servation WordPress pour une gestion efficace des r\u00e9servations en ligne.<\/li>\n<li><\/li>\n<li>Offre une personnalisation visuelle du th\u00e8me pour une image de marque en ligne percutante.<\/li>\n<li><\/li>\n<li>Solution compl\u00e8te pour la gestion de votre camping et de votre site de loisirs de plein air.<\/li>\n<li><\/li>\n<li>Garantit une gestion et un fonctionnement fluides de votre activit\u00e9 en ligne.<\/li>\n<li><\/li>\n<li>Offre une plateforme tout-en-un pour g\u00e9rer votre camping ou votre parc de caravanes.<\/li>\n<li><\/li>\n<li>Assure le bon fonctionnement de votre entreprise.<\/li>\n<li><\/li>\n<li>Con\u00e7u pour r\u00e9pondre aux besoins des utilisateurs.<\/li>\n<li><\/li>\n<li>Un outil puissant pour g\u00e9rer votre pr\u00e9sence en ligne.<\/li>\n<\/ul>\n","protected":false},"excerpt":{"rendered":"<p>Vivez pleinement vos aventures en plein air gr\u00e2ce au logiciel MotoPress Campterra, un th\u00e8me WordPress sp\u00e9cialis\u00e9 con\u00e7u pour les campings, les parcs de caravanes et bien plus encore. Cette solution Campterra vous permet de louer facilement des h\u00e9bergements ou des caravanes et de proposer des emplacements pour caravanes.<\/p>\n","protected":false},"featured_media":146940,"comment_status":"open","ping_status":"open","template":"","meta":[],"product_brand":[2777],"product_cat":[1516,1212,1213],"product_tag":[2370],"class_list":{"0":"post-139069","1":"product","2":"type-product","3":"status-publish","4":"has-post-thumbnail","6":"product_brand-motopress","7":"product_cat-entreprise","8":"product_cat-themes","9":"product_cat-wordpress-themes","10":"product_tag-motopress","11":"member-discount","12":"discount-restricted","14":"first","15":"instock","16":"sale","17":"downloadable","18":"virtual","19":"sold-individually","20":"purchasable","21":"product-type-simple"},"_links":{"self":[{"href":"https:\/\/gpl-love.com\/fr\/wp-json\/wp\/v2\/product\/139069","targetHints":{"allow":["GET"]}}],"collection":[{"href":"https:\/\/gpl-love.com\/fr\/wp-json\/wp\/v2\/product"}],"about":[{"href":"https:\/\/gpl-love.com\/fr\/wp-json\/wp\/v2\/types\/product"}],"replies":[{"embeddable":true,"href":"https:\/\/gpl-love.com\/fr\/wp-json\/wp\/v2\/comments?post=139069"}],"wp:featuredmedia":[{"embeddable":true,"href":"https:\/\/gpl-love.com\/fr\/wp-json\/wp\/v2\/media\/146940"}],"wp:attachment":[{"href":"https:\/\/gpl-love.com\/fr\/wp-json\/wp\/v2\/media?parent=139069"}],"wp:term":[{"taxonomy":"product_brand","embeddable":true,"href":"https:\/\/gpl-love.com\/fr\/wp-json\/wp\/v2\/product_brand?post=139069"},{"taxonomy":"product_cat","embeddable":true,"href":"https:\/\/gpl-love.com\/fr\/wp-json\/wp\/v2\/product_cat?post=139069"},{"taxonomy":"product_tag","embeddable":true,"href":"https:\/\/gpl-love.com\/fr\/wp-json\/wp\/v2\/product_tag?post=139069"}],"curies":[{"name":"wp","href":"https:\/\/api.w.org\/{rel}","templated":true}]}}