{"id":139067,"date":"2026-02-18T00:00:00","date_gmt":"2026-02-17T23:00:00","guid":{"rendered":"https:\/\/gpl-love.com\/fr\/produit\/motopress-booklium\/"},"modified":"2026-04-15T00:30:56","modified_gmt":"2026-04-14T22:30:56","slug":"motopress-booklium","status":"publish","type":"product","link":"https:\/\/gpl-love.com\/fr\/produit\/motopress-booklium\/","title":{"rendered":"MotoPress Booklium 2.0.0"},"content":{"rendered":"<h3>MotoPress Booklium Traits<\/h3>\n<p>Le th\u00e8me MotoPress Booklium est con\u00e7u pour optimiser votre strat\u00e9gie SEO, renfor\u00e7ant ainsi votre pr\u00e9sence en ligne et votre positionnement. Gr\u00e2ce \u00e0 Booklium SEO, votre \u00e9tablissement h\u00f4telier b\u00e9n\u00e9ficiera d&rsquo;une visibilit\u00e9 accrue, g\u00e9n\u00e9rant du trafic et des clients potentiels sur votre site. La puissance combin\u00e9e de MotoPress et de Booklium SEO garantit une visibilit\u00e9 en ligne maximale, positionnant votre site web parmi les leaders du secteur h\u00f4telier.<\/p>\n<p>Choisissez MotoPress Booklium pour une solution SEO performante et optimis\u00e9e, qui vous apporte des r\u00e9sultats concrets. Avec Booklium MotoPress, vous disposerez de l&rsquo;outil id\u00e9al pour propulser votre entreprise vers de nouveaux sommets.<\/p>\n<ul>\n<li>Un design soign\u00e9, id\u00e9al pour les chambres d&rsquo;h\u00f4tes, les h\u00f4tels et les locations de vacances.<\/li>\n<li><\/li>\n<li>Optimis\u00e9 par MotoPress pour une performance et une int\u00e9gration optimales.<\/li>\n<li><\/li>\n<li>Int\u00e9gration parfaite avec l&rsquo;extension WordPress MotoPress pour la gestion locative.<\/li>\n<li>Syst\u00e8me complet de r\u00e9servation d&rsquo;h\u00e9bergements en ligne.<\/li>\n<li>Outils performants de gestion immobili\u00e8re.<\/li>\n<li>Gestion des plateformes de r\u00e9servation en ligne (OTA) pour une visibilit\u00e9 accrue.<\/li>\n<li>Con\u00e7u pour optimiser le r\u00e9f\u00e9rencement naturel (SEO) et am\u00e9liorer votre pr\u00e9sence en ligne.<\/li>\n<li>Visibilit\u00e9 renforc\u00e9e pour g\u00e9n\u00e9rer du trafic et attirer des clients potentiels sur votre site.<\/li>\n<li>Un atout majeur pour le secteur de l&rsquo;h\u00f4tellerie gr\u00e2ce \u00e0 ses performances SEO.<\/li>\n<li><\/li>\n<li>Un outil pour propulser votre entreprise vers de nouveaux sommets.<\/li>\n<\/ul>\n","protected":false},"excerpt":{"rendered":"<p>D\u00e9couvrez la polyvalence et le design raffin\u00e9 de Booklium, le th\u00e8me WordPress de r\u00e9f\u00e9rence pour les chambres d&rsquo;h\u00f4tes, con\u00e7u avec expertise pour transformer votre h\u00f4tel ou votre location de vacances. Propuls\u00e9 par MotoPress, Booklium s&rsquo;int\u00e8gre parfaitement avec l&rsquo;extension WordPress MotoPress pour la gestion locative. Cette int\u00e9gration fluide offre une solution compl\u00e8te pour la r\u00e9servation d&rsquo;h\u00e9bergements en ligne, la gestion des propri\u00e9t\u00e9s et la gestion des plateformes de r\u00e9servation en ligne (OTA).<\/p>\n","protected":false},"featured_media":146939,"comment_status":"open","ping_status":"open","template":"","meta":[],"product_brand":[2777],"product_cat":[1516,1212,1213],"product_tag":[2370],"class_list":{"0":"post-139067","1":"product","2":"type-product","3":"status-publish","4":"has-post-thumbnail","6":"product_brand-motopress","7":"product_cat-entreprise","8":"product_cat-themes","9":"product_cat-wordpress-themes","10":"product_tag-motopress","11":"member-discount","12":"discount-restricted","14":"first","15":"instock","16":"sale","17":"downloadable","18":"virtual","19":"sold-individually","20":"purchasable","21":"product-type-simple"},"_links":{"self":[{"href":"https:\/\/gpl-love.com\/fr\/wp-json\/wp\/v2\/product\/139067","targetHints":{"allow":["GET"]}}],"collection":[{"href":"https:\/\/gpl-love.com\/fr\/wp-json\/wp\/v2\/product"}],"about":[{"href":"https:\/\/gpl-love.com\/fr\/wp-json\/wp\/v2\/types\/product"}],"replies":[{"embeddable":true,"href":"https:\/\/gpl-love.com\/fr\/wp-json\/wp\/v2\/comments?post=139067"}],"wp:featuredmedia":[{"embeddable":true,"href":"https:\/\/gpl-love.com\/fr\/wp-json\/wp\/v2\/media\/146939"}],"wp:attachment":[{"href":"https:\/\/gpl-love.com\/fr\/wp-json\/wp\/v2\/media?parent=139067"}],"wp:term":[{"taxonomy":"product_brand","embeddable":true,"href":"https:\/\/gpl-love.com\/fr\/wp-json\/wp\/v2\/product_brand?post=139067"},{"taxonomy":"product_cat","embeddable":true,"href":"https:\/\/gpl-love.com\/fr\/wp-json\/wp\/v2\/product_cat?post=139067"},{"taxonomy":"product_tag","embeddable":true,"href":"https:\/\/gpl-love.com\/fr\/wp-json\/wp\/v2\/product_tag?post=139067"}],"curies":[{"name":"wp","href":"https:\/\/api.w.org\/{rel}","templated":true}]}}