{"id":139065,"date":"2024-04-01T00:00:00","date_gmt":"2024-03-31T22:00:00","guid":{"rendered":"https:\/\/gpl-love.com\/fr\/produit\/motopress-bimba\/"},"modified":"2026-03-21T00:01:42","modified_gmt":"2026-03-20T23:01:42","slug":"motopress-bimba","status":"publish","type":"product","link":"https:\/\/gpl-love.com\/fr\/produit\/motopress-bimba\/","title":{"rendered":"MotoPress Bimba 1.0.4"},"content":{"rendered":"<h3>MotoPress Bimba Traits<\/h3>\n<p>D\u00e9velopp\u00e9 sp\u00e9cifiquement pour le nouvel \u00e9diteur de blocs WordPress, Bimba MotoPress SEO est enti\u00e8rement compatible avec l&rsquo;extension Getwid et propose une collection de blocs Gutenberg pr\u00eats \u00e0 l&#8217;emploi. Gr\u00e2ce \u00e0 Bimba SEO MotoPress, votre boutique en ligne b\u00e9n\u00e9ficiera d&rsquo;une esth\u00e9tique remarquable et d&rsquo;un excellent r\u00e9f\u00e9rencement.<\/p>\n<p>L&rsquo;optimisation Bimba MotoPress donne un avantage concurrentiel \u00e0 votre site web, facilitant ainsi la d\u00e9couverte de votre boutique par vos clients potentiels. La fonctionnalit\u00e9 MotoPress SEO de Bimba garantit une visibilit\u00e9 optimale de vos produits en ligne.<\/p>\n<ul>\n<li>Optimis\u00e9 pour la vente de linge de maison et d&rsquo;articles pour enfants, de v\u00eatements d&rsquo;enfants faits main, de jouets issus du commerce \u00e9quitable, de d\u00e9coration et autres articles uniques et artisanaux.<\/li>\n<li><\/li>\n<li>Plateforme \u00e9l\u00e9gante, \u00e9pur\u00e9e et l\u00e9g\u00e8re.<\/li>\n<li><\/li>\n<li>Options d&rsquo;\u00e9dition de contenu performantes.<\/li>\n<li><\/li>\n<li>D\u00e9velopp\u00e9 sp\u00e9cifiquement pour le nouvel \u00e9diteur de blocs WordPress.<\/li>\n<li>Enti\u00e8rement compatible avec l&rsquo;extension Getwid.<\/li>\n<li>Fournit une collection de blocs Gutenberg pr\u00eats \u00e0 l&#8217;emploi.<\/li>\n<li>Assure un excellent r\u00e9f\u00e9rencement.<\/li>\n<li>Am\u00e9liore le SEO de votre site web et facilite la recherche de votre boutique par vos clients potentiels.<\/li>\n<li>Garantit une visibilit\u00e9 optimale de vos produits en ligne.<\/li>\n<li>La solution id\u00e9ale pour toute boutique en ligne d&rsquo;articles artisanaux souhaitant optimiser son r\u00e9f\u00e9rencement.<\/li>\n<\/ul>\n","protected":false},"excerpt":{"rendered":"<p>D\u00e9couvrez la puissance de MotoPress Bimba, un th\u00e8me WooCommerce pour boutiques d&rsquo;artisanat et de cr\u00e9ations artisanales, optimis\u00e9 pour la vente de textiles pour enfants et de maison, de v\u00eatements pour enfants faits main, de jouets issus du commerce \u00e9quitable, de d\u00e9corations et autres articles uniques et faits main. MotoPress Bimba offre une plateforme \u00e9l\u00e9gante, \u00e9pur\u00e9e et l\u00e9g\u00e8re, dot\u00e9e d&rsquo;options d&rsquo;\u00e9dition de contenu performantes.<\/p>\n","protected":false},"featured_media":146938,"comment_status":"open","ping_status":"open","template":"","meta":[],"product_brand":[2777],"product_cat":[1238,1851,1212],"product_tag":[2370],"class_list":{"0":"post-139065","1":"product","2":"type-product","3":"status-publish","4":"has-post-thumbnail","6":"product_brand-motopress","7":"product_cat-commerce-electronique-themes","8":"product_cat-entreprise-commerce-electronique-themes","9":"product_cat-themes","10":"product_tag-motopress","11":"member-discount","12":"discount-restricted","14":"first","15":"instock","16":"sale","17":"downloadable","18":"virtual","19":"sold-individually","20":"purchasable","21":"product-type-simple"},"_links":{"self":[{"href":"https:\/\/gpl-love.com\/fr\/wp-json\/wp\/v2\/product\/139065","targetHints":{"allow":["GET"]}}],"collection":[{"href":"https:\/\/gpl-love.com\/fr\/wp-json\/wp\/v2\/product"}],"about":[{"href":"https:\/\/gpl-love.com\/fr\/wp-json\/wp\/v2\/types\/product"}],"replies":[{"embeddable":true,"href":"https:\/\/gpl-love.com\/fr\/wp-json\/wp\/v2\/comments?post=139065"}],"wp:featuredmedia":[{"embeddable":true,"href":"https:\/\/gpl-love.com\/fr\/wp-json\/wp\/v2\/media\/146938"}],"wp:attachment":[{"href":"https:\/\/gpl-love.com\/fr\/wp-json\/wp\/v2\/media?parent=139065"}],"wp:term":[{"taxonomy":"product_brand","embeddable":true,"href":"https:\/\/gpl-love.com\/fr\/wp-json\/wp\/v2\/product_brand?post=139065"},{"taxonomy":"product_cat","embeddable":true,"href":"https:\/\/gpl-love.com\/fr\/wp-json\/wp\/v2\/product_cat?post=139065"},{"taxonomy":"product_tag","embeddable":true,"href":"https:\/\/gpl-love.com\/fr\/wp-json\/wp\/v2\/product_tag?post=139065"}],"curies":[{"name":"wp","href":"https:\/\/api.w.org\/{rel}","templated":true}]}}