{"id":139061,"date":"2024-04-01T00:00:00","date_gmt":"2024-03-31T22:00:00","guid":{"rendered":"https:\/\/gpl-love.com\/fr\/produit\/motopress-image-hotspot\/"},"modified":"2026-04-19T00:31:45","modified_gmt":"2026-04-18T22:31:45","slug":"motopress-image-hotspot","status":"publish","type":"product","link":"https:\/\/gpl-love.com\/fr\/produit\/motopress-image-hotspot\/","title":{"rendered":"MotoPress Image Hotspot 1.4.2"},"content":{"rendered":"<h3>MotoPress Image Hotspot Traits<\/h3>\n<p>Id\u00e9al pour les avis produits, les guides visuels et les instructions, l&rsquo;outil Hotspot de MotoPress offre une mani\u00e8re dynamique de d\u00e9crire n&rsquo;importe quelle partie d&rsquo;une image. Gr\u00e2ce \u00e0 sa capacit\u00e9 \u00e0 ajouter une couche interactive \u00e0 vos images, l&rsquo;extension MotoPress Image Hotspot donne vie \u00e0 votre contenu, accro\u00eet l&rsquo;engagement et am\u00e9liore l&rsquo;exp\u00e9rience utilisateur.<\/p>\n<p>D\u00e9couvrez la puissance de l&rsquo;interactivit\u00e9 avec Image Hotspot de MotoPress\u00a0: un outil indispensable pour tout cr\u00e9ateur de contenu souhaitant optimiser son contenu visuel et am\u00e9liorer son r\u00e9f\u00e9rencement.<\/p>\n<ul>\n<li>Am\u00e9liore le contenu visuel en transformant les images standard en exp\u00e9riences interactives.<\/li>\n<li><\/li>\n<li>Sp\u00e9cialement con\u00e7u pour l&rsquo;\u00e9diteur de contenu MotoPress.<\/li>\n<li><\/li>\n<li>Permet d&rsquo;int\u00e9grer des pointeurs anim\u00e9s avec des infobulles aux images.<\/li>\n<li><\/li>\n<li>Rend les images plus informatives et attrayantes.<\/li>\n<li><\/li>\n<li>Id\u00e9al pour les avis produits, les guides visuels et les instructions.<\/li>\n<li><\/li>\n<li>Offre une mani\u00e8re dynamique de d\u00e9crire n&rsquo;importe quelle partie d&rsquo;une image.<\/li>\n<li><\/li>\n<li>Ajoute une dimension interactive aux images, donnant vie au contenu.<\/li>\n<li><\/li>\n<li>Accro\u00eet l&rsquo;engagement et am\u00e9liore l&rsquo;exp\u00e9rience utilisateur.<\/li>\n<li><\/li>\n<li>Am\u00e9liore le contenu visuel et le r\u00e9f\u00e9rencement naturel.<\/li>\n<li><\/li>\n<li>Un outil indispensable pour tout cr\u00e9ateur de contenu.<\/li>\n<\/ul>\n","protected":false},"excerpt":{"rendered":"<p>Am\u00e9liorez vos contenus visuels gr\u00e2ce \u00e0 l&rsquo;extension MotoPress Image Hotspot. Cet outil innovant, sp\u00e9cialement con\u00e7u pour l&rsquo;\u00e9diteur de contenu MotoPress, transforme vos images standard en exp\u00e9riences interactives. L&rsquo;extension MotoPress Image Hotspot permet d&rsquo;int\u00e9grer des pointeurs anim\u00e9s avec des infobulles sur les images, les rendant ainsi plus informatives et attrayantes.<\/p>\n","protected":false},"featured_media":146936,"comment_status":"open","ping_status":"open","template":"","meta":[],"product_brand":[2777],"product_cat":[1189,1181,1186],"product_tag":[2370],"class_list":{"0":"post-139061","1":"product","2":"type-product","3":"status-publish","4":"has-post-thumbnail","6":"product_brand-motopress","7":"product_cat-personnalisation","8":"product_cat-plugins","9":"product_cat-wordpress-plugins","10":"product_tag-motopress","11":"member-discount","12":"discount-restricted","14":"first","15":"instock","16":"sale","17":"downloadable","18":"virtual","19":"sold-individually","20":"purchasable","21":"product-type-simple"},"_links":{"self":[{"href":"https:\/\/gpl-love.com\/fr\/wp-json\/wp\/v2\/product\/139061","targetHints":{"allow":["GET"]}}],"collection":[{"href":"https:\/\/gpl-love.com\/fr\/wp-json\/wp\/v2\/product"}],"about":[{"href":"https:\/\/gpl-love.com\/fr\/wp-json\/wp\/v2\/types\/product"}],"replies":[{"embeddable":true,"href":"https:\/\/gpl-love.com\/fr\/wp-json\/wp\/v2\/comments?post=139061"}],"wp:featuredmedia":[{"embeddable":true,"href":"https:\/\/gpl-love.com\/fr\/wp-json\/wp\/v2\/media\/146936"}],"wp:attachment":[{"href":"https:\/\/gpl-love.com\/fr\/wp-json\/wp\/v2\/media?parent=139061"}],"wp:term":[{"taxonomy":"product_brand","embeddable":true,"href":"https:\/\/gpl-love.com\/fr\/wp-json\/wp\/v2\/product_brand?post=139061"},{"taxonomy":"product_cat","embeddable":true,"href":"https:\/\/gpl-love.com\/fr\/wp-json\/wp\/v2\/product_cat?post=139061"},{"taxonomy":"product_tag","embeddable":true,"href":"https:\/\/gpl-love.com\/fr\/wp-json\/wp\/v2\/product_tag?post=139061"}],"curies":[{"name":"wp","href":"https:\/\/api.w.org\/{rel}","templated":true}]}}