{"id":139057,"date":"2024-04-01T00:00:00","date_gmt":"2024-03-31T22:00:00","guid":{"rendered":"https:\/\/gpl-love.com\/fr\/produit\/motopress-restaurant-menu-toppings\/"},"modified":"2026-04-19T00:31:45","modified_gmt":"2026-04-18T22:31:45","slug":"motopress-restaurant-menu-toppings","status":"publish","type":"product","link":"https:\/\/gpl-love.com\/fr\/produit\/motopress-restaurant-menu-toppings\/","title":{"rendered":"MotoPress Restaurant Menu Toppings 1.1.5"},"content":{"rendered":"<h3>MotoPress Restaurant Menu Toppings Traits<\/h3>\n<p>Ce module compl\u00e9mentaire offre notamment la possibilit\u00e9 de choisir les horaires de livraison gr\u00e2ce \u00e0 MotoPress, garantissant ainsi \u00e0 vos clients de recevoir leurs repas exactement quand ils le souhaitent. MotoPress Menu Toppings inclut \u00e9galement un formulaire de commande avanc\u00e9, simplifiant consid\u00e9rablement la proc\u00e9dure pour vos clients.<\/p>\n<p>Enfin, le module de livraison MotoPress Restaurant Menu Delivery propose des options de livraison gratuite et payante. Vous pouvez ainsi choisir la solution la plus adapt\u00e9e \u00e0 votre mod\u00e8le commercial.<\/p>\n<ul>\n<li>Int\u00e9gration fluide avec l&rsquo;extension MotoPress Restaurant Menu<\/li>\n<li><\/li>\n<li>Augmente le potentiel de ventes en ligne<\/li>\n<li><\/li>\n<li>Propose la livraison et le retrait sur place<\/li>\n<li><\/li>\n<li>Fonctionnalit\u00e9 MotoPress \u00ab\u00a0Garnitures\u00a0\u00bb pour un large choix de garnitures<\/li>\n<li><\/li>\n<li>Horaires de livraison personnalisables pour le confort du client<\/li>\n<li><\/li>\n<li>Formulaire de commande simplifi\u00e9 et avanc\u00e9<\/li>\n<li>Options de livraison gratuite et payante<\/li>\n<li><\/li>\n<li>Flexibilit\u00e9\u00a0: choisissez la solution la plus adapt\u00e9e \u00e0 votre mod\u00e8le \u00e9conomique<\/li>\n<li><\/li>\n<li>Indispensable pour tout restaurant souhaitant optimiser son service digital<\/li>\n<li><\/li>\n<li>Am\u00e9liore la satisfaction client gr\u00e2ce \u00e0 des repas livr\u00e9s \u00e0 l&rsquo;heure souhait\u00e9e<\/li>\n<\/ul>\n","protected":false},"excerpt":{"rendered":"<p>Boostez votre service de restauration en ligne avec l&rsquo;extension MotoPress Restaurant Menu Delivery, con\u00e7ue pour s&rsquo;int\u00e9grer parfaitement \u00e0 votre plugin MotoPress Restaurant Menu. Cette extension augmente votre potentiel de ventes en ligne et propose des options de livraison et de retrait pour r\u00e9pondre aux besoins vari\u00e9s de vos clients. Profitez \u00e9galement de la fonctionnalit\u00e9 Menu Toppings de MotoPress, qui offre un large choix de garnitures pour vos plats.<\/p>\n","protected":false},"featured_media":146934,"comment_status":"open","ping_status":"open","template":"","meta":[],"product_brand":[2777],"product_cat":[1189,1181,1186],"product_tag":[2370],"class_list":{"0":"post-139057","1":"product","2":"type-product","3":"status-publish","4":"has-post-thumbnail","6":"product_brand-motopress","7":"product_cat-personnalisation","8":"product_cat-plugins","9":"product_cat-wordpress-plugins","10":"product_tag-motopress","11":"member-discount","12":"discount-restricted","14":"first","15":"instock","16":"sale","17":"downloadable","18":"virtual","19":"sold-individually","20":"purchasable","21":"product-type-simple"},"_links":{"self":[{"href":"https:\/\/gpl-love.com\/fr\/wp-json\/wp\/v2\/product\/139057","targetHints":{"allow":["GET"]}}],"collection":[{"href":"https:\/\/gpl-love.com\/fr\/wp-json\/wp\/v2\/product"}],"about":[{"href":"https:\/\/gpl-love.com\/fr\/wp-json\/wp\/v2\/types\/product"}],"replies":[{"embeddable":true,"href":"https:\/\/gpl-love.com\/fr\/wp-json\/wp\/v2\/comments?post=139057"}],"wp:featuredmedia":[{"embeddable":true,"href":"https:\/\/gpl-love.com\/fr\/wp-json\/wp\/v2\/media\/146934"}],"wp:attachment":[{"href":"https:\/\/gpl-love.com\/fr\/wp-json\/wp\/v2\/media?parent=139057"}],"wp:term":[{"taxonomy":"product_brand","embeddable":true,"href":"https:\/\/gpl-love.com\/fr\/wp-json\/wp\/v2\/product_brand?post=139057"},{"taxonomy":"product_cat","embeddable":true,"href":"https:\/\/gpl-love.com\/fr\/wp-json\/wp\/v2\/product_cat?post=139057"},{"taxonomy":"product_tag","embeddable":true,"href":"https:\/\/gpl-love.com\/fr\/wp-json\/wp\/v2\/product_tag?post=139057"}],"curies":[{"name":"wp","href":"https:\/\/api.w.org\/{rel}","templated":true}]}}