{"id":139053,"date":"2025-09-09T00:00:00","date_gmt":"2025-09-08T22:00:00","guid":{"rendered":"https:\/\/gpl-love.com\/fr\/produit\/motopress-hotel-booking-woocommerce-payments\/"},"modified":"2026-04-18T06:33:10","modified_gmt":"2026-04-18T04:33:10","slug":"motopress-hotel-booking-woocommerce-payments","status":"publish","type":"product","link":"https:\/\/gpl-love.com\/fr\/produit\/motopress-hotel-booking-woocommerce-payments\/","title":{"rendered":"MotoPress Hotel Booking WooCommerce Payments 1.1.0"},"content":{"rendered":"<h3>MotoPress Hotel Booking WooCommerce Payments Traits<\/h3>\n<ul>\n<li>Int\u00e9gration fluide de MotoPress Hotel Booking avec WooCommerce Payments<\/li>\n<li><\/li>\n<li>Offre une multitude de passerelles de paiement pour plus de simplicit\u00e9<\/li>\n<li>Processus de r\u00e9servation simplifi\u00e9 pour les clients<\/li>\n<li><\/li>\n<li>Permet aux clients de choisir parmi une vari\u00e9t\u00e9 de passerelles de paiement WooCommerce lors de la r\u00e9servation<\/li>\n<li>Synchronisation automatique de toutes les commandes WooCommerce avec les r\u00e9servations<\/li>\n<li><\/li>\n<li>Offre une exp\u00e9rience fluide et efficace aux clients comme aux gestionnaires d&rsquo;\u00e9tablissement<\/li>\n<li><\/li>\n<li>Am\u00e9liore l&rsquo;exp\u00e9rience de r\u00e9servation gr\u00e2ce \u00e0 des fonctionnalit\u00e9s avanc\u00e9es<\/li>\n<li><\/li>\n<li>Constitue un outil performant pour des r\u00e9servations en ligne simplifi\u00e9es<\/li>\n<li><\/li>\n<li>Garantit une gestion et un fonctionnement optimaux pour les gestionnaires d&rsquo;\u00e9tablissement<\/li>\n<li><\/li>\n<li>Am\u00e9liore les fonctionnalit\u00e9s de l&rsquo;outil MotoPress Hotel Booking<\/li>\n<\/ul>\n","protected":false},"excerpt":{"rendered":"<p>Profitez de r\u00e9servations en ligne simplifi\u00e9es gr\u00e2ce \u00e0 l&rsquo;extension MotoPress Hotel Booking WooCommerce Payments. Cet outil performant int\u00e8gre MotoPress Hotel Booking \u00e0 WooCommerce Payments, vous offrant ainsi un large choix de passerelles de paiement. Avec MotoPress Hotel WooCommerce, le processus de r\u00e9servation est consid\u00e9rablement simplifi\u00e9\u00a0: vos clients peuvent facilement choisir parmi une vari\u00e9t\u00e9 de passerelles de paiement WooCommerce lors de leur r\u00e9servation. De plus, l&rsquo;extension MotoPress WooCommerce Payments garantit la synchronisation automatique de toutes les commandes WooCommerce avec les r\u00e9servations, pour une exp\u00e9rience optimale tant pour les clients que pour les gestionnaires d&rsquo;\u00e9tablissement. Am\u00e9liorez votre exp\u00e9rience de r\u00e9servation h\u00f4teli\u00e8re gr\u00e2ce aux fonctionnalit\u00e9s avanc\u00e9es de l&rsquo;int\u00e9gration de MotoPress Hotel Booking et WooCommerce Payments.<\/p>\n","protected":false},"featured_media":146932,"comment_status":"open","ping_status":"open","template":"","meta":[],"product_brand":[2777],"product_cat":[1187,1181,1186],"product_tag":[2370],"class_list":{"0":"post-139053","1":"product","2":"type-product","3":"status-publish","4":"has-post-thumbnail","6":"product_brand-motopress","7":"product_cat-administration-wordpress-plugins","8":"product_cat-plugins","9":"product_cat-wordpress-plugins","10":"product_tag-motopress","11":"member-discount","12":"discount-restricted","14":"first","15":"instock","16":"sale","17":"downloadable","18":"virtual","19":"sold-individually","20":"purchasable","21":"product-type-simple"},"_links":{"self":[{"href":"https:\/\/gpl-love.com\/fr\/wp-json\/wp\/v2\/product\/139053","targetHints":{"allow":["GET"]}}],"collection":[{"href":"https:\/\/gpl-love.com\/fr\/wp-json\/wp\/v2\/product"}],"about":[{"href":"https:\/\/gpl-love.com\/fr\/wp-json\/wp\/v2\/types\/product"}],"replies":[{"embeddable":true,"href":"https:\/\/gpl-love.com\/fr\/wp-json\/wp\/v2\/comments?post=139053"}],"wp:featuredmedia":[{"embeddable":true,"href":"https:\/\/gpl-love.com\/fr\/wp-json\/wp\/v2\/media\/146932"}],"wp:attachment":[{"href":"https:\/\/gpl-love.com\/fr\/wp-json\/wp\/v2\/media?parent=139053"}],"wp:term":[{"taxonomy":"product_brand","embeddable":true,"href":"https:\/\/gpl-love.com\/fr\/wp-json\/wp\/v2\/product_brand?post=139053"},{"taxonomy":"product_cat","embeddable":true,"href":"https:\/\/gpl-love.com\/fr\/wp-json\/wp\/v2\/product_cat?post=139053"},{"taxonomy":"product_tag","embeddable":true,"href":"https:\/\/gpl-love.com\/fr\/wp-json\/wp\/v2\/product_tag?post=139053"}],"curies":[{"name":"wp","href":"https:\/\/api.w.org\/{rel}","templated":true}]}}