{"id":139051,"date":"2025-09-09T00:00:00","date_gmt":"2025-09-08T22:00:00","guid":{"rendered":"https:\/\/gpl-love.com\/fr\/produit\/motopress-hotel-booking-reviews\/"},"modified":"2026-04-19T00:31:44","modified_gmt":"2026-04-18T22:31:44","slug":"motopress-hotel-booking-reviews","status":"publish","type":"product","link":"https:\/\/gpl-love.com\/fr\/produit\/motopress-hotel-booking-reviews\/","title":{"rendered":"MotoPress Hotel Booking Reviews 1.2.8"},"content":{"rendered":"<h3>MotoPress Hotel Booking Reviews Traits<\/h3>\n<p>Explorez les avis sur MotoPress Hotel Booking et d\u00e9couvrez comment son syst\u00e8me de notation cinq \u00e9toiles, ses crit\u00e8res d&rsquo;\u00e9valuation personnalis\u00e9s illimit\u00e9s et son int\u00e9gration fluide avec le syst\u00e8me de commentaires natif de WordPress pour une mod\u00e9ration simplifi\u00e9e ont optimis\u00e9 l&rsquo;exp\u00e9rience utilisateur. Les retours sur MotoPress Hotel Booking soulignent r\u00e9guli\u00e8rement l&rsquo;importance de ces fonctionnalit\u00e9s pour une gestion simplifi\u00e9e des sites web de location immobili\u00e8re.<\/p>\n<p>Les avis et commentaires clients sur MotoPress Hotel Booking t\u00e9moignent de son efficacit\u00e9 et de sa facilit\u00e9 d&rsquo;utilisation. Tirez parti de ces informations pour comprendre pourquoi MotoPress Hotel Booking est le choix privil\u00e9gi\u00e9 pour optimiser les sites web de location immobili\u00e8re.<\/p>\n<ul>\n<li>Am\u00e9liore le r\u00e9f\u00e9rencement et la r\u00e9putation des sites de location immobili\u00e8re<\/li>\n<li><\/li>\n<li>Extension pour le plugin MotoPress Hotel Booking<\/li>\n<li><\/li>\n<li>Tr\u00e8s appr\u00e9ci\u00e9e des utilisateurs et des avis clients<\/li>\n<li><\/li>\n<li>Permet aux clients de partager leurs exp\u00e9riences gr\u00e2ce \u00e0 des avis d\u00e9taill\u00e9s et un syst\u00e8me de notation par \u00e9toiles<\/li>\n<li><\/li>\n<li>Favorise un climat de confiance et de transparence<\/li>\n<li><\/li>\n<li>Int\u00e9gre un syst\u00e8me de notation \u00e0 cinq \u00e9toiles<\/li>\n<li><\/li>\n<li>Offre un nombre illimit\u00e9 de crit\u00e8res de notation personnalis\u00e9s<\/li>\n<li><\/li>\n<li>Int\u00e9gration fluide avec le syst\u00e8me de commentaires natif de WordPress pour une mod\u00e9ration simplifi\u00e9e<\/li>\n<li><\/li>\n<li>Simplifie la gestion des sites de location immobili\u00e8re<\/li>\n<li><\/li>\n<li>Efficacit\u00e9 et facilit\u00e9 d&rsquo;utilisation prouv\u00e9es, d&rsquo;apr\u00e8s les retours des utilisateurs et les avis clients<\/li>\n<\/ul>\n","protected":false},"excerpt":{"rendered":"<p>Am\u00e9liorez le r\u00e9f\u00e9rencement et la r\u00e9putation de votre site de location h\u00f4teli\u00e8re gr\u00e2ce aux avis clients de MotoPress Hotel Booking. Ce module compl\u00e9mentaire pour l&rsquo;extension MotoPress Hotel Booking est largement pl\u00e9biscit\u00e9 par les utilisateurs et les avis clients. Il permet aux voyageurs de partager leur exp\u00e9rience MotoPress Hotel Booking via des avis d\u00e9taill\u00e9s et un syst\u00e8me d&rsquo;\u00e9toiles, favorisant ainsi un climat de confiance et de transparence.<\/p>\n","protected":false},"featured_media":146931,"comment_status":"open","ping_status":"open","template":"","meta":[],"product_brand":[2777],"product_cat":[1207,1181,1186],"product_tag":[2370],"class_list":{"0":"post-139051","1":"product","2":"type-product","3":"status-publish","4":"has-post-thumbnail","6":"product_brand-motopress","7":"product_cat-commercialisation-wordpress-plugins","8":"product_cat-plugins","9":"product_cat-wordpress-plugins","10":"product_tag-motopress","11":"member-discount","12":"discount-restricted","14":"first","15":"instock","16":"sale","17":"downloadable","18":"virtual","19":"sold-individually","20":"purchasable","21":"product-type-simple"},"_links":{"self":[{"href":"https:\/\/gpl-love.com\/fr\/wp-json\/wp\/v2\/product\/139051","targetHints":{"allow":["GET"]}}],"collection":[{"href":"https:\/\/gpl-love.com\/fr\/wp-json\/wp\/v2\/product"}],"about":[{"href":"https:\/\/gpl-love.com\/fr\/wp-json\/wp\/v2\/types\/product"}],"replies":[{"embeddable":true,"href":"https:\/\/gpl-love.com\/fr\/wp-json\/wp\/v2\/comments?post=139051"}],"wp:featuredmedia":[{"embeddable":true,"href":"https:\/\/gpl-love.com\/fr\/wp-json\/wp\/v2\/media\/146931"}],"wp:attachment":[{"href":"https:\/\/gpl-love.com\/fr\/wp-json\/wp\/v2\/media?parent=139051"}],"wp:term":[{"taxonomy":"product_brand","embeddable":true,"href":"https:\/\/gpl-love.com\/fr\/wp-json\/wp\/v2\/product_brand?post=139051"},{"taxonomy":"product_cat","embeddable":true,"href":"https:\/\/gpl-love.com\/fr\/wp-json\/wp\/v2\/product_cat?post=139051"},{"taxonomy":"product_tag","embeddable":true,"href":"https:\/\/gpl-love.com\/fr\/wp-json\/wp\/v2\/product_tag?post=139051"}],"curies":[{"name":"wp","href":"https:\/\/api.w.org\/{rel}","templated":true}]}}