{"id":139049,"date":"2025-05-10T00:00:00","date_gmt":"2025-05-09T22:00:00","guid":{"rendered":"https:\/\/gpl-love.com\/fr\/produit\/motopress-hotel-booking-multi-currency\/"},"modified":"2026-04-18T06:33:08","modified_gmt":"2026-04-18T04:33:08","slug":"motopress-hotel-booking-multi-currency","status":"publish","type":"product","link":"https:\/\/gpl-love.com\/fr\/produit\/motopress-hotel-booking-multi-currency\/","title":{"rendered":"MotoPress Hotel Booking Multi-Currency 1.2.7"},"content":{"rendered":"<h3>MotoPress Hotel Booking Multi-Currency Traits<\/h3>\n<p>Ce module compl\u00e9mentaire MotoPress Booking prend en charge un nombre illimit\u00e9 de devises, vous permettant ainsi de toucher une client\u00e8le internationale plus large. Ses taux de change personnalisables garantissent des conversions pr\u00e9cises et actualis\u00e9es pour vos clients. De plus, le widget de conversion peut \u00eatre plac\u00e9 strat\u00e9giquement dans des zones cl\u00e9s de votre site web, comme les menus de navigation et les zones de widgets, pour un acc\u00e8s facile et une exp\u00e9rience utilisateur optimale.<\/p>\n<p>Profitez de la fonctionnalit\u00e9 multidevises pour h\u00f4tels et rendez votre site de location plus convivial et accessible \u00e0 l&rsquo;international gr\u00e2ce au module compl\u00e9mentaire MotoPress Hotel Booking Multi-Currency.<\/p>\n<ul>\n<li>Con\u00e7u sp\u00e9cifiquement pour l&rsquo;extension MotoPress Hotel Booking<\/li>\n<li><\/li>\n<li>Fournit un widget multidevises pour une int\u00e9gration facile aux sites web de location immobili\u00e8re<\/li>\n<li><\/li>\n<li>Permet aux clients internationaux de choisir leur devise locale, simplifiant ainsi le processus de r\u00e9servation<\/li>\n<li><\/li>\n<li>Prise en charge d&rsquo;un nombre illimit\u00e9 de devises, \u00e9largissant la client\u00e8le internationale<\/li>\n<li><\/li>\n<li>Offre des taux de change personnalisables pour des conversions pr\u00e9cises<\/li>\n<li><\/li>\n<li>Conversions de devises mises \u00e0 jour r\u00e9guli\u00e8rement pour le confort des clients<\/li>\n<li><\/li>\n<li>Le widget de conversion peut \u00eatre plac\u00e9 dans des zones cl\u00e9s du site web, telles que les menus de navigation et les zones de widgets<\/li>\n<li><\/li>\n<li>Am\u00e9liore l&rsquo;exp\u00e9rience utilisateur globale en offrant un acc\u00e8s facile au convertisseur de devises<\/li>\n<li>Rend les sites de location immobili\u00e8re plus conviviaux<\/li>\n<li><\/li>\n<li>Accro\u00eet l&rsquo;accessibilit\u00e9 internationale des sites de location<\/li>\n<\/ul>\n","protected":false},"excerpt":{"rendered":"<p>Optimisez votre exp\u00e9rience de r\u00e9servation d&rsquo;h\u00f4tels en ligne gr\u00e2ce \u00e0 notre extension multidevises pour MotoPress Hotel Booking. Con\u00e7ue sp\u00e9cifiquement pour le plugin MotoPress Hotel Booking, cette extension propose un widget multidevises qui s&rsquo;int\u00e8gre facilement \u00e0 votre site web de location de biens immobiliers. Gr\u00e2ce \u00e0 la fonctionnalit\u00e9 multidevises de MotoPress, les clients internationaux peuvent ais\u00e9ment choisir leur devise locale, simplifiant ainsi le processus de r\u00e9servation.<\/p>\n","protected":false},"featured_media":146930,"comment_status":"open","ping_status":"open","template":"","meta":[],"product_brand":[2777],"product_cat":[1189,1181,1186],"product_tag":[2370],"class_list":{"0":"post-139049","1":"product","2":"type-product","3":"status-publish","4":"has-post-thumbnail","6":"product_brand-motopress","7":"product_cat-personnalisation","8":"product_cat-plugins","9":"product_cat-wordpress-plugins","10":"product_tag-motopress","11":"member-discount","12":"discount-restricted","14":"first","15":"instock","16":"sale","17":"downloadable","18":"virtual","19":"sold-individually","20":"purchasable","21":"product-type-simple"},"_links":{"self":[{"href":"https:\/\/gpl-love.com\/fr\/wp-json\/wp\/v2\/product\/139049","targetHints":{"allow":["GET"]}}],"collection":[{"href":"https:\/\/gpl-love.com\/fr\/wp-json\/wp\/v2\/product"}],"about":[{"href":"https:\/\/gpl-love.com\/fr\/wp-json\/wp\/v2\/types\/product"}],"replies":[{"embeddable":true,"href":"https:\/\/gpl-love.com\/fr\/wp-json\/wp\/v2\/comments?post=139049"}],"wp:featuredmedia":[{"embeddable":true,"href":"https:\/\/gpl-love.com\/fr\/wp-json\/wp\/v2\/media\/146930"}],"wp:attachment":[{"href":"https:\/\/gpl-love.com\/fr\/wp-json\/wp\/v2\/media?parent=139049"}],"wp:term":[{"taxonomy":"product_brand","embeddable":true,"href":"https:\/\/gpl-love.com\/fr\/wp-json\/wp\/v2\/product_brand?post=139049"},{"taxonomy":"product_cat","embeddable":true,"href":"https:\/\/gpl-love.com\/fr\/wp-json\/wp\/v2\/product_cat?post=139049"},{"taxonomy":"product_tag","embeddable":true,"href":"https:\/\/gpl-love.com\/fr\/wp-json\/wp\/v2\/product_tag?post=139049"}],"curies":[{"name":"wp","href":"https:\/\/api.w.org\/{rel}","templated":true}]}}